{"id":13527,"date":"2025-07-21T09:16:14","date_gmt":"2025-07-21T07:16:14","guid":{"rendered":"https:\/\/doloresibarruribhi.eus\/?page_id=13527"},"modified":"2025-10-08T18:01:19","modified_gmt":"2025-10-08T16:01:19","slug":"curso-2025-2026","status":"publish","type":"page","link":"https:\/\/doloresibarruribhi.eus\/es\/curso-2025-2026\/","title":{"rendered":"Curso 2025-2026"},"content":{"rendered":"<p>[et_pb_section fb_built=\u00bb1&#8243; fullwidth=\u00bbon\u00bb _builder_version=\u00bb4.16&#8243; custom_margin=\u00bb||0px||false|false\u00bb custom_padding=\u00bb||0px||false|false\u00bb global_colors_info=\u00bb{}\u00bb][et_pb_fullwidth_post_title meta=\u00bboff\u00bb featured_image=\u00bboff\u00bb _builder_version=\u00bb4.16&#8243; background_image=\u00bbhttps:\/\/doloresibarruribhi.eus\/wp-content\/uploads\/2019\/07\/DoloresIbarruri_Goiburua.png\u00bb custom_margin=\u00bb||0px||false|false\u00bb custom_padding=\u00bb||0px||false|false\u00bb global_colors_info=\u00bb{}\u00bb][\/et_pb_fullwidth_post_title][\/et_pb_section][et_pb_section fb_built=\u00bb1&#8243; _builder_version=\u00bb4.16&#8243; custom_margin=\u00bb0px||||false|false\u00bb custom_padding=\u00bb0px||||false|false\u00bb global_colors_info=\u00bb{}\u00bb][et_pb_row admin_label=\u00bbRow\u00bb _builder_version=\u00bb4.16&#8243; custom_margin=\u00bb0px||||false|false\u00bb custom_padding=\u00bb0px||||false|false\u00bb global_colors_info=\u00bb{}\u00bb][et_pb_column type=\u00bb4_4&#8243; _builder_version=\u00bb4.16&#8243; global_colors_info=\u00bb{}\u00bb][et_pb_text _builder_version=\u00bb4.27.4&#8243; header_font=\u00bb|300|||||||\u00bb header_2_font=\u00bbRaleway||||||||\u00bb header_3_font=\u00bbRaleway||||||||\u00bb custom_margin=\u00bb0px||||false|false\u00bb custom_padding=\u00bb0px||||false|false\u00bb header_2_font_tablet=\u00bb\u00bb header_2_font_phone=\u00bb\u00bb header_2_font_last_edited=\u00bbon|desktop\u00bb locked=\u00bboff\u00bb global_colors_info=\u00bb{}\u00bb]<\/p>\n<h2 style=\"text-align: center;\">IES DOLORES IBARRURI<\/h2>\n<p style=\"text-align: center;\">En esta secci\u00f3n se publican informaciones sobre todos los grupos del centro: asignaturas, horarios, evaluaciones, horas de visita, etc.<\/p>\n<div id=\"portlet-wrapper-56_INSTANCE_q1W1\" class=\"portlet\">\n<div class=\"portlet-content\">\n<div class=\"portlet-content-container\">\n<div>\n<p style=\"text-align: center;\">Evaluaciones: duraci\u00f3n, entrega de notas, etc.<br \/><a href=\"https:\/\/doloresibarruribhi.eus\/wp-content\/uploads\/2025\/10\/Horarios-visitas.pdf\" target=\"_blank\" rel=\"noopener noreferrer\"><strong>Horas de visita<\/strong><\/a> para las familias.<br \/><a title=\"Libros Texto 2025-2026\" href=\"https:\/\/doloresibarruribhi.eus\/es\/informacion\/\" target=\"_blank\" rel=\"noopener noreferrer\"><strong>Libros de texto<\/strong><\/a>.<\/p>\n<\/div>\n<\/div>\n<\/div>\n<\/div>\n<p style=\"text-align: center;\">[\/et_pb_text][\/et_pb_column][\/et_pb_row][et_pb_row column_structure=\u00bb1_2,1_2&#8243; _builder_version=\u00bb4.16&#8243; max_width=\u00bb1920px\u00bb global_colors_info=\u00bb{}\u00bb][et_pb_column type=\u00bb1_2&#8243; _builder_version=\u00bb4.16&#8243; global_colors_info=\u00bb{}\u00bb][et_pb_text admin_label=\u00bbTexto\u00bb module_class=\u00bbdolores\u00bb _builder_version=\u00bb4.27.4&#8243; global_colors_info=\u00bb{}\u00bb]<\/p>\n<h1 style=\"text-align: center;\">ESO<\/h1>\n<p>[\/et_pb_text][et_pb_accordion _builder_version=\u00bb4.27.4&#8243; locked=\u00bboff\u00bb global_colors_info=\u00bb{}\u00bb][et_pb_accordion_item title=\u00bbCURSO 2025-2026&#8243; open=\u00bbon\u00bb _builder_version=\u00bb4.27.4&#8243; global_colors_info=\u00bb{}\u00bb toggle_text_color=\u00bb#da3739&#8243;]<\/p>\n<div id=\"portlet-wrapper-56_INSTANCE_Puv1\" class=\"portlet\">\n<div class=\"portlet-content\">\n<div class=\"portlet-content-container\">\n<div id=\"article_68521_1643424_1.0\" class=\"journal-content-article\">\n<div class=\"portlet-content\">\n<div class=\"portlet-content-container\">\n<div id=\"article_68673_1322664_1.0\" class=\"journal-content-article\">\n<div id=\"portlet-wrapper-56_INSTANCE_q1W1\" class=\"portlet\">\n<div class=\"portlet-content\">\n<div class=\"portlet-content-container\">\n<p style=\"font-weight: 400;\">La Ense\u00f1anza Secundaria Obligatoria (ESO) consta de cuatro cursos que una vez superados capacitan al alumnado para seguir su formaci\u00f3n, ya sea cursando el Bachillerato o ense\u00f1anzas de Formaci\u00f3n Profesional de Grado Medio.<\/p>\n<p style=\"font-weight: 400;\">En casos excepcionales suele ser m\u00e1s conveniente la orientaci\u00f3n del alumnado hacia programas especificos enfocados al mercado de trabajo.<\/p>\n<p style=\"text-align: center;\"><strong><a class=\"icon-button download-icon\" href=\"https:\/\/doloresibarruribhi.eus\/wp-content\/uploads\/2025\/10\/Egutegiak-25-26_dbh.pdf\" target=\"_blank\" rel=\"noopener noreferrer\">CALENDARIO 2025-2026<\/a><\/strong><\/p>\n<\/div>\n<\/div>\n<\/div>\n<p>&nbsp;<\/p>\n<div id=\"portlet-wrapper-56_INSTANCE_q1W1\" class=\"portlet\">\n<div class=\"portlet-content\">\n<div class=\"portlet-content-container\">\n<div>\n<p style=\"text-align: center;\">INFORMACI\u00d3N PARA LAS FAMILIAS<br \/>\u00b7 ANUARIO 2025-2026<br \/><a href=\"\" target=\"_blank\" rel=\"noopener noreferrer\"><img loading=\"lazy\" decoding=\"async\" class=\"alignnone aligncenter\" src=\"https:\/\/doloresibarruribhi.eus\/wp-content\/uploads\/2019\/08\/UrtekariaIrudia.jpg\" alt=\"\" width=\"94\" height=\"50\" border=\"0\" \/><\/a><\/p>\n<h4><strong>Horarios y profesorado de los grupos de ESO<br \/><\/strong><\/h4>\n<p><em>Seleccione con el rat\u00f3n el curso que quiere consultar.<\/em><\/p>\n<\/div>\n<\/div>\n<\/div>\n<\/div>\n<\/div>\n<\/div>\n<\/div>\n<\/div>\n<\/div>\n<\/div>\n<\/div>\n<table class=\"table table-hover\">\n<thead>\n<tr>\n<th style=\"text-align: center;\" scope=\"col\">Nivel<\/th>\n<th style=\"text-align: center;\" scope=\"col\">Grupo<\/th>\n<th style=\"text-align: center;\" scope=\"col\">Grupo<\/th>\n<th style=\"text-align: center;\" scope=\"col\">Grupo<\/th>\n<\/tr>\n<\/thead>\n<tbody>\n<tr>\n<th style=\"text-align: center;\" scope=\"row\">ESO1<\/th>\n<td style=\"text-align: center;\"><a href=\"https:\/\/doloresibarruribhi.eus\/wp-content\/uploads\/2025\/10\/DBH1D-1.pdf\" target=\"_blank\" rel=\"noopener noreferrer\">D<\/a><\/td>\n<td style=\"text-align: center;\"><a href=\"https:\/\/doloresibarruribhi.eus\/wp-content\/uploads\/2025\/10\/DBH1E-1.pdf\" target=\"_blank\" rel=\"noopener noreferrer\">E<\/a><\/td>\n<td style=\"text-align: center;\"><a href=\"https:\/\/doloresibarruribhi.eus\/wp-content\/uploads\/2025\/10\/DBH1F-1.pdf\" target=\"_blank\" rel=\"noopener noreferrer\">F<\/a><\/td>\n<\/tr>\n<tr>\n<th style=\"text-align: center;\" scope=\"row\">ESO2<\/th>\n<td style=\"text-align: center;\"><a href=\"https:\/\/doloresibarruribhi.eus\/wp-content\/uploads\/2025\/10\/DBH2D-1.pdf\" target=\"_blank\" rel=\"noopener noreferrer\">D<\/a><\/td>\n<td style=\"text-align: center;\"><a href=\"https:\/\/doloresibarruribhi.eus\/wp-content\/uploads\/2025\/10\/DBH2E-1.pdf\" target=\"_blank\" rel=\"noopener noreferrer\">E<\/a><\/td>\n<td style=\"text-align: center;\"><a href=\"https:\/\/doloresibarruribhi.eus\/wp-content\/uploads\/2025\/10\/DBH2F-1.pdf\" target=\"_blank\" rel=\"noopener noreferrer\">F<\/a><\/td>\n<td style=\"text-align: center;\">\u00a0<\/td>\n<\/tr>\n<tr>\n<th style=\"text-align: center;\" scope=\"row\">ESO3<\/th>\n<td style=\"text-align: center;\"><a href=\"https:\/\/doloresibarruribhi.eus\/wp-content\/uploads\/2025\/10\/DBH3D-1.pdf\" target=\"_blank\" rel=\"noopener noreferrer\">D<\/a><\/td>\n<td style=\"text-align: center;\"><a href=\"https:\/\/doloresibarruribhi.eus\/wp-content\/uploads\/2025\/10\/DBH3E-1.pdf\" target=\"_blank\" rel=\"noopener noreferrer\">E<\/a><\/td>\n<td style=\"text-align: center;\"><a href=\"https:\/\/doloresibarruribhi.eus\/wp-content\/uploads\/2025\/10\/DBH3F-1.pdf\" target=\"_blank\" rel=\"noopener noreferrer\">F<\/a><\/td>\n<td style=\"text-align: center;\">\u00a0<\/td>\n<\/tr>\n<tr>\n<th style=\"text-align: center;\" scope=\"row\">ESO4<\/th>\n<td style=\"text-align: center;\"><a href=\"https:\/\/doloresibarruribhi.eus\/wp-content\/uploads\/2025\/10\/DBH4D-1.pdf\" target=\"_blank\" rel=\"noopener noreferrer\">D<\/a><\/td>\n<td style=\"text-align: center;\"><a href=\"https:\/\/doloresibarruribhi.eus\/wp-content\/uploads\/2025\/10\/DBH4E-1.pdf\" target=\"_blank\" rel=\"noopener noreferrer\">E<\/a><\/td>\n<td style=\"text-align: center;\"><a href=\"https:\/\/doloresibarruribhi.eus\/wp-content\/uploads\/2025\/10\/DBH4F-1.pdf\" target=\"_blank\" rel=\"noopener noreferrer\">F<\/a><\/td>\n<td style=\"text-align: center;\">\u00a0<\/td>\n<\/tr>\n<\/tbody>\n<\/table>\n<p>[\/et_pb_accordion_item][\/et_pb_accordion][\/et_pb_column][et_pb_column type=\u00bb1_2&#8243; _builder_version=\u00bb4.16&#8243; global_colors_info=\u00bb{}\u00bb][et_pb_text module_class=\u00bbdolores\u00bb _builder_version=\u00bb4.27.4&#8243; locked=\u00bboff\u00bb global_colors_info=\u00bb{}\u00bb]<\/p>\n<h1 style=\"text-align: center;\">BACHILLERATO<\/h1>\n<p>[\/et_pb_text][et_pb_accordion _builder_version=\u00bb4.27.4&#8243; toggle_text_color=\u00bb#da3739&#8243; hover_enabled=\u00bb0&#8243; locked=\u00bboff\u00bb global_colors_info=\u00bb{}\u00bb sticky_enabled=\u00bb0&#8243;][et_pb_accordion_item title=\u00bbCURSO 2025-2026&#8243; open=\u00bbon\u00bb _builder_version=\u00bb4.27.4&#8243; hover_enabled=\u00bb0&#8243; global_colors_info=\u00bb{}\u00bb sticky_enabled=\u00bb0&#8243;]<\/p>\n<div id=\"portlet-wrapper-56_INSTANCE_Puv1\" class=\"portlet\">\n<div class=\"portlet-content\">\n<div class=\"portlet-content-container\">\n<div id=\"article_68521_1643424_1.0\" class=\"journal-content-article\">\n<div class=\"portlet-content\">\n<div class=\"portlet-content-container\">\n<div id=\"article_68673_1322664_1.0\" class=\"journal-content-article\">\n<div id=\"portlet-wrapper-56_INSTANCE_q1W1\" class=\"portlet\">\n<div class=\"portlet-content\">\n<div class=\"portlet-content-container\">\n<div class=\"portlet-content\">\n<div class=\"portlet-content-container\">\n<div id=\"article_68521_3517432_1.0\" class=\"journal-content-article\">\n<div class=\"portlet-content\">\n<div class=\"portlet-content-container\">\n<div>\n<div id=\"article_68673_1268180_1.0\" class=\"journal-content-article\">\n<ul>\n<li>Condiciones de entrada: T\u00edtulo de ESO.<\/li>\n<li>Duraci\u00f3n: dos cursos. A lo m\u00e1ximo se puede hacer en 4 cursos.<\/li>\n<li>Horas: 1996 horas en total.<\/li>\n<li>Salidas: A la Universidad y los Ciclos Formativos de Grado Superior.<\/li>\n<\/ul>\n<p style=\"text-align: center;\"><strong><a class=\"icon-button download-icon\" href=\"https:\/\/doloresibarruribhi.eus\/wp-content\/uploads\/2025\/10\/Egutegiak-25-26_batx.pdf\" target=\"_blank\" rel=\"noopener noreferrer\">CALENDARIO 2025-2026<\/a><\/strong><\/p>\n<\/div>\n<\/div>\n<\/div>\n<\/div>\n<p style=\"text-align: center;\">INFORMACI\u00d3N PARA LAS FAMILIAS<br \/>\u00b7 ANUARIO 2025-2026<br \/><a href=\"\" target=\"_blank\" rel=\"noopener noreferrer\"><img loading=\"lazy\" decoding=\"async\" class=\"alignnone aligncenter\" src=\"https:\/\/doloresibarruribhi.eus\/wp-content\/uploads\/2019\/08\/UrtekariaIrudia.jpg\" alt=\"\" width=\"94\" height=\"50\" border=\"0\" \/><\/a><\/p>\n<h4>Horarios bachillerato y profesorado<\/h4>\n<p><em>Seleccione con el rat\u00f3n el curso que quiere consultar.<\/em><\/p>\n<\/div>\n<\/div>\n<\/div>\n<\/div>\n<\/div>\n<\/div>\n<\/div>\n<\/div>\n<\/div>\n<\/div>\n<\/div>\n<\/div>\n<\/div>\n<table class=\"table table-hover\">\n<thead>\n<tr>\n<th style=\"text-align: center;\" scope=\"col\">Nivel<\/th>\n<th style=\"text-align: center;\" scope=\"col\">Grupo<\/th>\n<th style=\"text-align: center;\" scope=\"col\">Grupo<\/th>\n<\/tr>\n<\/thead>\n<tbody>\n<tr>\n<th style=\"text-align: center;\" scope=\"row\">BACH1<\/th>\n<td style=\"text-align: center;\"><a href=\"https:\/\/doloresibarruribhi.eus\/wp-content\/uploads\/2025\/10\/BATX1D-1.pdf\" target=\"_blank\" rel=\"noopener noreferrer\">D<\/a><\/td>\n<td style=\"text-align: center;\"><a href=\"https:\/\/doloresibarruribhi.eus\/wp-content\/uploads\/2025\/10\/BATX1E-1.pdf\" target=\"_blank\" rel=\"noopener noreferrer\">E<\/a><\/td>\n<\/tr>\n<tr>\n<th style=\"text-align: center;\" scope=\"row\">BACH2<\/th>\n<td style=\"text-align: center;\"><a href=\"https:\/\/doloresibarruribhi.eus\/wp-content\/uploads\/2025\/10\/BATX2D-1.pdf\" target=\"_blank\" rel=\"noopener noreferrer\">D<\/a><\/td>\n<td style=\"text-align: center;\"><a href=\"https:\/\/doloresibarruribhi.eus\/wp-content\/uploads\/2025\/10\/BATX2E-1.pdf\" target=\"_blank\" rel=\"noopener noreferrer\">E<\/a><\/td>\n<\/tr>\n<\/tbody>\n<\/table>\n<p>[\/et_pb_accordion_item][\/et_pb_accordion][\/et_pb_column][\/et_pb_row][\/et_pb_section]<\/p>\n","protected":false},"excerpt":{"rendered":"<p>IES DOLORES IBARRURI En esta secci\u00f3n se publican informaciones sobre todos los grupos del centro: asignaturas, horarios, evaluaciones, horas de visita, etc. Evaluaciones: duraci\u00f3n, entrega de notas, etc.Horas de visita para las familias.Libros de texto. ESO La Ense\u00f1anza Secundaria Obligatoria (ESO) consta de cuatro cursos que una vez superados capacitan al alumnado para seguir su [&hellip;]<\/p>\n","protected":false},"author":5,"featured_media":0,"parent":0,"menu_order":0,"comment_status":"closed","ping_status":"closed","template":"page-template-fullwidth-Hezkuntza.php","meta":{"_et_pb_use_builder":"on","_et_pb_old_content":"","_et_gb_content_width":"","footnotes":""},"class_list":["post-13527","page","type-page","status-publish","hentry"],"_links":{"self":[{"href":"https:\/\/doloresibarruribhi.eus\/es\/wp-json\/wp\/v2\/pages\/13527","targetHints":{"allow":["GET"]}}],"collection":[{"href":"https:\/\/doloresibarruribhi.eus\/es\/wp-json\/wp\/v2\/pages"}],"about":[{"href":"https:\/\/doloresibarruribhi.eus\/es\/wp-json\/wp\/v2\/types\/page"}],"author":[{"embeddable":true,"href":"https:\/\/doloresibarruribhi.eus\/es\/wp-json\/wp\/v2\/users\/5"}],"replies":[{"embeddable":true,"href":"https:\/\/doloresibarruribhi.eus\/es\/wp-json\/wp\/v2\/comments?post=13527"}],"version-history":[{"count":12,"href":"https:\/\/doloresibarruribhi.eus\/es\/wp-json\/wp\/v2\/pages\/13527\/revisions"}],"predecessor-version":[{"id":14193,"href":"https:\/\/doloresibarruribhi.eus\/es\/wp-json\/wp\/v2\/pages\/13527\/revisions\/14193"}],"wp:attachment":[{"href":"https:\/\/doloresibarruribhi.eus\/es\/wp-json\/wp\/v2\/media?parent=13527"}],"curies":[{"name":"wp","href":"https:\/\/api.w.org\/{rel}","templated":true}]}}