{"id":14800,"date":"2026-04-16T18:04:51","date_gmt":"2026-04-16T16:04:51","guid":{"rendered":"https:\/\/doloresibarruribhi.eus\/?page_id=14800"},"modified":"2026-04-21T17:31:25","modified_gmt":"2026-04-21T15:31:25","slug":"fp","status":"publish","type":"page","link":"https:\/\/doloresibarruribhi.eus\/es\/fp\/","title":{"rendered":"FORMACI\u00d3N PROFESIONAL"},"content":{"rendered":"<p>[et_pb_section fb_built=\u00bb1&#8243; fullwidth=\u00bbon\u00bb _builder_version=\u00bb4.16&#8243; custom_margin=\u00bb||0px||false|false\u00bb custom_padding=\u00bb||0px||false|false\u00bb global_colors_info=\u00bb{}\u00bb][et_pb_fullwidth_post_title meta=\u00bboff\u00bb featured_image=\u00bboff\u00bb _builder_version=\u00bb4.27.4&#8243; background_image=\u00bbhttps:\/\/doloresibarruribhi.eus\/wp-content\/uploads\/2019\/07\/DoloresIbarruri_Goiburua.png\u00bb custom_margin=\u00bb||0px||false|false\u00bb custom_padding=\u00bb||0px||false|false\u00bb global_colors_info=\u00bb{}\u00bb][\/et_pb_fullwidth_post_title][\/et_pb_section][et_pb_section fb_built=\u00bb1&#8243; _builder_version=\u00bb4.16&#8243; custom_margin=\u00bb0px||||false|false\u00bb custom_padding=\u00bb0px||||false|false\u00bb global_colors_info=\u00bb{}\u00bb][et_pb_row admin_label=\u00bbRow\u00bb _builder_version=\u00bb4.16&#8243; custom_margin=\u00bb0px||||false|false\u00bb custom_padding=\u00bb0px||||false|false\u00bb global_colors_info=\u00bb{}\u00bb][et_pb_column type=\u00bb4_4&#8243; _builder_version=\u00bb4.16&#8243; global_colors_info=\u00bb{}\u00bb][et_pb_text _builder_version=\u00bb4.27.4&#8243; header_font=\u00bb|300|||||||\u00bb header_2_font=\u00bbRaleway||||||||\u00bb header_3_font=\u00bbRaleway||||||||\u00bb custom_margin=\u00bb0px||||false|false\u00bb custom_padding=\u00bb0px||||false|false\u00bb header_2_font_tablet=\u00bb\u00bb header_2_font_phone=\u00bb\u00bb header_2_font_last_edited=\u00bbon|desktop\u00bb global_colors_info=\u00bb{}\u00bb]<\/p>\n<h2 style=\"text-align: center;\"><span style=\"color: #da3739;\">Familia: ACTIVIDADES F\u00cdSICAS Y DEPORTIVAS<\/span><\/h2>\n<h3 style=\"text-align: center;\">FP DOLORES IBARRURI<\/h3>\n<p style=\"text-align: center;\">En esta secci\u00f3n se publica informaci\u00f3n sobre la Formaci\u00f3n Profesional: Ciclos Formativos y Cursos de Lanbide que ofrecemos.<\/p>\n<p>[\/et_pb_text][\/et_pb_column][\/et_pb_row][et_pb_row column_structure=\u00bb1_3,1_3,1_3&#8243; _builder_version=\u00bb4.16&#8243; max_width=\u00bb1920px\u00bb global_colors_info=\u00bb{}\u00bb][et_pb_column type=\u00bb1_3&#8243; _builder_version=\u00bb4.16&#8243; global_colors_info=\u00bb{}\u00bb][et_pb_text module_class=\u00bbdolores\u00bb _builder_version=\u00bb4.27.4&#8243; text_font=\u00bbAclonica||||||||\u00bb text_text_color=\u00bb#da3739&#8243; global_colors_info=\u00bb{}\u00bb]<\/p>\n<div class=\"module-head\">\n<h2 class=\"feed-title\" style=\"text-align: center;\"><span style=\"color: #da3739;\"><strong>GRADOS D <\/br> T\u00c9CNICO SUPERIOR<\/strong><\/span><\/h2>\n<\/div>\n<p>[\/et_pb_text][et_pb_accordion _builder_version=\u00bb4.27.5&#8243; link_option_url=\u00bbhttps:\/\/doloresibarruribhi.eus\/es\/ciclos-formativos-fp\/\u00bb hover_enabled=\u00bb0&#8243; global_colors_info=\u00bb{}\u00bb sticky_enabled=\u00bb0&#8243;][et_pb_accordion_item title=\u00bbCURSO 2026-2027&#8243; open=\u00bbon\u00bb _builder_version=\u00bb4.27.5&#8243; hover_enabled=\u00bb0&#8243; global_colors_info=\u00bb{}\u00bb toggle_text_color=\u00bb#da3739&#8243; toggle_level=\u00bbh4&#8243; sticky_enabled=\u00bb0&#8243;]<\/p>\n<div id=\"portlet-wrapper-56_INSTANCE_Puv1\" class=\"portlet\">\n<div class=\"portlet-content\">\n<div class=\"portlet-content-container\">\n<div id=\"article_68521_1643424_1.0\" class=\"journal-content-article\">\n<div class=\"portlet-content\">\n<div class=\"portlet-content-container\">\n<div id=\"article_68673_1322664_1.0\" class=\"journal-content-article\">\n<div id=\"portlet-wrapper-56_INSTANCE_q1W1\" class=\"portlet\">\n<div class=\"portlet-content\">\n<div class=\"portlet-content-container\">\n<div class=\"portlet-content\">\n<div class=\"portlet-content-container\">\n<div id=\"article_68521_3517432_1.0\" class=\"journal-content-article\">\n<div class=\"portlet-content\">\n<div class=\"portlet-content-container\">\n<div>\u00a0<\/div>\n<\/div>\n<\/div>\n<p style=\"text-align: center;\"><img loading=\"lazy\" decoding=\"async\" class=\"wp-image-5654 alignnone size-full\" src=\"https:\/\/doloresibarruribhi.eus\/wp-content\/uploads\/2026\/04\/CARTEL-FP-IBARRURI-gradosD.jpg\" alt=\"CARTEL-FP-IBARRURI\" width=\"1810\" height=\"2560\" \/><\/p>\n<h4><span style=\"color: #343434;\">INFORMACI\u00d3N SOBRE LOS GRADOS FORMATIVOS DE GRADO SUPERIOR<\/span><\/h4>\n<p><em>Selecciona con el rat\u00f3n el ciclo que deseas consultar.<\/em><\/p>\n<\/div>\n<\/div>\n<\/div>\n<\/div>\n<\/div>\n<\/div>\n<\/div>\n<\/div>\n<\/div>\n<\/div>\n<\/div>\n<\/div>\n<\/div>\n<table class=\"table table-striped\">\n<thead>\n<tr>\n<td style=\"text-align: left;\"><a href=\"https:\/\/doloresibarruribhi.eus\/es\/ciclos-formativos-fp\/\"><span style=\"color: #da3739;\"><strong>ACONDICIONAMIENTO F\u00cdSICO<\/strong><\/span> <\/a>[Modelo D]<\/td>\n<\/tr>\n<tr>\n<td style=\"text-align: left;\"><a href=\"https:\/\/doloresibarruribhi.eus\/es\/ciclos-formativos-fp\/\"><span style=\"color: #da3739;\"><strong>ENSE\u00d1ANZA Y ANIMACI\u00d3N SOCIO-DEPORTIVA<\/strong><\/span><\/a> [Modelo A]<\/td>\n<\/tr>\n<\/thead>\n<\/table>\n<p>&nbsp;<\/p>\n<p>[\/et_pb_accordion_item][\/et_pb_accordion][\/et_pb_column][et_pb_column type=\u00bb1_3&#8243; _builder_version=\u00bb4.16&#8243; global_colors_info=\u00bb{}\u00bb][et_pb_text module_class=\u00bbdolores\u00bb _builder_version=\u00bb4.27.5&#8243; border_width_all=\u00bb1px\u00bb border_color_all=\u00bbrgba(0,0,0,0.1)\u00bb locked=\u00bboff\u00bb global_colors_info=\u00bb{}\u00bb]<\/p>\n<div class=\"module-head\">\n<h2 class=\"feed-title\" style=\"text-align: center;\"><span style=\"color: #da3739;\"><strong>GRADOS C <\/br>CERTIFICADO PROFESIONAL<\/strong><\/span><\/h2>\n<\/div>\n<p>[\/et_pb_text][et_pb_accordion _builder_version=\u00bb4.27.4&#8243; link_option_url=\u00bbhttps:\/\/doloresibarruribhi.eus\/es\/ciclos-formativos-fp\/\u00bb global_colors_info=\u00bb{}\u00bb][et_pb_accordion_item title=\u00bbCURSO 2026-2027&#8243; open=\u00bbon\u00bb _builder_version=\u00bb4.27.4&#8243; global_colors_info=\u00bb{}\u00bb toggle_text_color=\u00bb#da3739&#8243; toggle_level=\u00bbh4&#8243;]<\/p>\n<div id=\"portlet-wrapper-56_INSTANCE_Puv1\" class=\"portlet\">\n<div class=\"portlet-content\">\n<div class=\"portlet-content-container\">\n<div id=\"article_68521_1643424_1.0\" class=\"journal-content-article\">\n<div class=\"portlet-content\">\n<div class=\"portlet-content-container\">\n<div id=\"article_68673_1322664_1.0\" class=\"journal-content-article\">\n<div id=\"portlet-wrapper-56_INSTANCE_q1W1\" class=\"portlet\">\n<div class=\"portlet-content\">\n<div class=\"portlet-content-container\">\n<div class=\"portlet-content\">\n<div class=\"portlet-content-container\">\n<div id=\"article_68521_3517432_1.0\" class=\"journal-content-article\">\n<div class=\"portlet-content\">\n<div class=\"portlet-content-container\">\n<div>\u00a0<\/div>\n<\/div>\n<\/div>\n<p style=\"text-align: center;\"><img loading=\"lazy\" decoding=\"async\" class=\"wp-image-5987 alignnone size-full\" src=\"https:\/\/doloresibarruribhi.eus\/wp-content\/uploads\/2026\/04\/FP-GradosC_CertificadoProfesional.jpg\" width=\"2560\" height=\"1812\" \/><\/p>\n<h4><span style=\"color: #343434;\">INFORMACI\u00d3N SOBRE EL GRADOS C \u00b7 CERTIFICADO PROFESIONAL<\/span><\/h4>\n<p><em>Selecciona con el rat\u00f3n el ciclo que deseas consultar.<\/em><\/p>\n<\/div>\n<\/div>\n<\/div>\n<\/div>\n<\/div>\n<\/div>\n<\/div>\n<\/div>\n<\/div>\n<\/div>\n<\/div>\n<\/div>\n<\/div>\n<table class=\"table table-striped\">\n<thead>\n<tr>\n<td style=\"text-align: left;\"><a><span style=\"color: #da3739;\"><strong>ACONDICIONAMIENTO F\u00cdSICO EN GRUPO CON SOPORTE MUSICAL<\/strong><\/span> <\/a>[Grado C]<\/td>\n<\/tr>\n<\/thead>\n<\/table>\n<p>&nbsp;<\/p>\n<p>[\/et_pb_accordion_item][\/et_pb_accordion][\/et_pb_column][et_pb_column type=\u00bb1_3&#8243; _builder_version=\u00bb4.16&#8243; global_colors_info=\u00bb{}\u00bb][et_pb_text module_class=\u00bbdolores\u00bb _builder_version=\u00bb4.27.5&#8243; text_font=\u00bbAclonica||||||||\u00bb text_text_color=\u00bb#da3739&#8243; global_colors_info=\u00bb{}\u00bb]<\/p>\n<div class=\"module-head\">\n<h2 class=\"feed-title\" style=\"text-align: center;\"><span style=\"color: #da3739;\"><strong>LANBIDE<\/br>\u00b7<\/strong><\/span><\/h2>\n<\/div>\n<p>[\/et_pb_text][et_pb_accordion _builder_version=\u00bb4.27.5&#8243; link_option_url=\u00bbhttps:\/\/doloresibarruribhi.eus\/es\/lanbide\/\u00bb global_colors_info=\u00bb{}\u00bb][et_pb_accordion_item title=\u00bbCURSO 2026-2027&#8243; open=\u00bbon\u00bb _builder_version=\u00bb4.27.5&#8243; global_colors_info=\u00bb{}\u00bb toggle_text_color=\u00bb#da3739&#8243;]<\/p>\n<div id=\"portlet-wrapper-56_INSTANCE_Puv1\" class=\"portlet\">\n<div class=\"portlet-content\">\n<div class=\"portlet-content-container\">\n<div id=\"article_68521_1643424_1.0\" class=\"journal-content-article\">\n<div class=\"portlet-content\">\n<div class=\"portlet-content-container\">\n<div id=\"article_68673_1322664_1.0\" class=\"journal-content-article\">\n<div id=\"portlet-wrapper-56_INSTANCE_q1W1\" class=\"portlet\">\n<div class=\"portlet-content\">\n<div class=\"portlet-content-container\">\n<div class=\"portlet-content\">\n<div class=\"portlet-content-container\">\n<div id=\"article_68521_3517432_1.0\" class=\"journal-content-article\">\n<div class=\"portlet-content\">\n<div class=\"portlet-content-container\">\n<div>\u00a0<\/div>\n<\/div>\n<\/div>\n<p style=\"text-align: center;\"><img loading=\"lazy\" decoding=\"async\" class=\"wp-image-5987 alignnone size-full\" src=\"https:\/\/doloresibarruribhi.eus\/wp-content\/uploads\/2026\/04\/CARTEL-FP-IBARRURI_Lanbide2026-27-1.jpg\" alt=\"CARTEL-LANBIDE-CURSOS\" width=\"2560\" height=\"1812\" \/><\/p>\n<h4><span style=\"color: #343434;\">INFORMACI\u00d3N SOBRE LOS CURSOS DE LANBIDE<\/span><\/h4>\n<p><em>Selecciona con el rat\u00f3n el curso que deseas consultar.<\/em><\/p>\n<\/div>\n<\/div>\n<\/div>\n<\/div>\n<\/div>\n<\/div>\n<\/div>\n<\/div>\n<\/div>\n<\/div>\n<\/div>\n<\/div>\n<\/div>\n<table class=\"table table-striped\">\n<thead>\n<tr>\n<td style=\"text-align: left;\"><a href=\"https:\/\/doloresibarruribhi.eus\/es\/lanbide\/\" target=\"_blank\" rel=\"noopener noreferrer\"><span style=\"color: #da3739;\"><strong>ALIMENTACI\u00d3N Y DEPORTE <\/strong><\/span><\/a>[Ocupados]<\/td>\n<\/tr>\n<tr>\n<td style=\"text-align: left;\"><a href=\"https:\/\/doloresibarruribhi.eus\/es\/lanbide\/\" target=\"_blank\" rel=\"noopener noreferrer\"><span style=\"color: #da3739;\"><strong>KROSS TRAINING <\/strong><\/span><\/a>[Ocupados]<\/td>\n<\/tr>\n<\/thead>\n<\/table>\n<p>[\/et_pb_accordion_item][\/et_pb_accordion][\/et_pb_column][\/et_pb_row][\/et_pb_section]<\/p>\n","protected":false},"excerpt":{"rendered":"<p>Familia: ACTIVIDADES F\u00cdSICAS Y DEPORTIVAS FP DOLORES IBARRURI En esta secci\u00f3n se publica informaci\u00f3n sobre la Formaci\u00f3n Profesional: Ciclos Formativos y Cursos de Lanbide que ofrecemos. GRADOS D T\u00c9CNICO SUPERIOR \u00a0 INFORMACI\u00d3N SOBRE LOS GRADOS FORMATIVOS DE GRADO SUPERIOR Selecciona con el rat\u00f3n el ciclo que deseas consultar. ACONDICIONAMIENTO F\u00cdSICO [Modelo D] ENSE\u00d1ANZA Y ANIMACI\u00d3N [&hellip;]<\/p>\n","protected":false},"author":5,"featured_media":0,"parent":0,"menu_order":0,"comment_status":"closed","ping_status":"closed","template":"page-template-fullwidth-Hezkuntza.php","meta":{"_et_pb_use_builder":"on","_et_pb_old_content":"","_et_gb_content_width":"1280","footnotes":""},"class_list":["post-14800","page","type-page","status-publish","hentry"],"_links":{"self":[{"href":"https:\/\/doloresibarruribhi.eus\/es\/wp-json\/wp\/v2\/pages\/14800","targetHints":{"allow":["GET"]}}],"collection":[{"href":"https:\/\/doloresibarruribhi.eus\/es\/wp-json\/wp\/v2\/pages"}],"about":[{"href":"https:\/\/doloresibarruribhi.eus\/es\/wp-json\/wp\/v2\/types\/page"}],"author":[{"embeddable":true,"href":"https:\/\/doloresibarruribhi.eus\/es\/wp-json\/wp\/v2\/users\/5"}],"replies":[{"embeddable":true,"href":"https:\/\/doloresibarruribhi.eus\/es\/wp-json\/wp\/v2\/comments?post=14800"}],"version-history":[{"count":28,"href":"https:\/\/doloresibarruribhi.eus\/es\/wp-json\/wp\/v2\/pages\/14800\/revisions"}],"predecessor-version":[{"id":15027,"href":"https:\/\/doloresibarruribhi.eus\/es\/wp-json\/wp\/v2\/pages\/14800\/revisions\/15027"}],"wp:attachment":[{"href":"https:\/\/doloresibarruribhi.eus\/es\/wp-json\/wp\/v2\/media?parent=14800"}],"curies":[{"name":"wp","href":"https:\/\/api.w.org\/{rel}","templated":true}]}}