{"id":14858,"date":"2026-04-16T18:48:49","date_gmt":"2026-04-16T16:48:49","guid":{"rendered":"https:\/\/doloresibarruribhi.eus\/?page_id=14858"},"modified":"2026-04-22T16:58:46","modified_gmt":"2026-04-22T14:58:46","slug":"grados-c","status":"publish","type":"page","link":"https:\/\/doloresibarruribhi.eus\/es\/fp\/grados-c\/","title":{"rendered":"GRADOS C"},"content":{"rendered":"<p>[et_pb_section fb_built=\u00bb1&#8243; fullwidth=\u00bbon\u00bb _builder_version=\u00bb4.16&#8243; custom_margin=\u00bb||0px||false|false\u00bb custom_padding=\u00bb||0px||false|false\u00bb global_colors_info=\u00bb{}\u00bb][et_pb_fullwidth_post_title meta=\u00bboff\u00bb featured_image=\u00bboff\u00bb _builder_version=\u00bb4.27.4&#8243; background_image=\u00bbhttps:\/\/doloresibarruribhi.eus\/wp-content\/uploads\/2026\/03\/25aniversarioFP_cabecera.png\u00bb custom_margin=\u00bb||0px||false|false\u00bb custom_padding=\u00bb||0px||false|false\u00bb global_colors_info=\u00bb{}\u00bb][\/et_pb_fullwidth_post_title][\/et_pb_section][et_pb_section fb_built=\u00bb1&#8243; _builder_version=\u00bb4.16&#8243; custom_margin=\u00bb0px||||false|false\u00bb custom_padding=\u00bb0px||||false|false\u00bb global_colors_info=\u00bb{}\u00bb][et_pb_row admin_label=\u00bbRow\u00bb _builder_version=\u00bb4.16&#8243; custom_margin=\u00bb0px||0px||false|false\u00bb custom_padding=\u00bb0px||0px||false|false\u00bb global_colors_info=\u00bb{}\u00bb][et_pb_column type=\u00bb4_4&#8243; _builder_version=\u00bb4.16&#8243; global_colors_info=\u00bb{}\u00bb][et_pb_text _builder_version=\u00bb4.27.5&#8243; header_font=\u00bb|300|||||||\u00bb header_2_font=\u00bbRaleway||||||||\u00bb header_3_font=\u00bbRaleway||||||||\u00bb custom_margin=\u00bb0px||||false|false\u00bb custom_padding=\u00bb0px||||false|false\u00bb header_2_font_tablet=\u00bb\u00bb header_2_font_phone=\u00bb\u00bb header_2_font_last_edited=\u00bbon|desktop\u00bb global_colors_info=\u00bb{}\u00bb]<\/p>\n<h2 style=\"text-align: center;\"><span style=\"color: #da3739;\">CERTIFICADO PROFESIONAL Acondicionamiento f\u00edsico en grupo con soporte musical<\/span><\/h2>\n<h3 style=\"text-align: center;\">FP DOLORES IBARRURI<\/h3>\n<p style=\"text-align: center;\">Informaci\u00f3n sobre los Ciclos Formativos que ofrecemos en Dolores Ibarruri BHI<\/p>\n<p>[\/et_pb_text][\/et_pb_column][\/et_pb_row][et_pb_row column_structure=\u00bb1_4,1_2,1_4&#8243; _builder_version=\u00bb4.16&#8243; custom_margin=\u00bb0px||||false|false\u00bb custom_padding=\u00bb0px||0px||false|false\u00bb global_colors_info=\u00bb{}\u00bb][et_pb_column type=\u00bb1_4&#8243; _builder_version=\u00bb4.16&#8243; global_colors_info=\u00bb{}\u00bb][\/et_pb_column][et_pb_column type=\u00bb1_2&#8243; _builder_version=\u00bb4.16&#8243; global_colors_info=\u00bb{}\u00bb][et_pb_text _builder_version=\u00bb4.27.5&#8243; global_colors_info=\u00bb{}\u00bb]<\/p>\n<ul>\n<li><a href=\"https:\/\/doloresibarruribhi.eus\/wp-content\/uploads\/2025\/08\/Cartel-PRESENTACION-CICLOS-25-26.pdf\" target=\"_blank\" rel=\"noopener\">D\u00eda de presentaci\u00f3n<\/a><\/li>\n<li><a href=\"https:\/\/doloresibarruribhi.eus\/es\/jornada-de-puertas-abiertas-para-formacion-profesional\/\">Jornada de puertas abiertas 29\/04\/2026 16:30 horas<\/a><\/li>\n<li><a href=\"https:\/\/doloresibarruribhi.eus\/wp-content\/uploads\/2025\/04\/DI-HARRERA-EGUTEGIA-CALENDARIO-ADMISION_.pdf\" target=\"_blank\" rel=\"noopener noreferrer\">MATRICULACI\u00d3N<\/a><\/li>\n<li><a href=\"https:\/\/doloresibarruribhi.eus\/wp-content\/uploads\/2021\/02\/CiclosformativosActualidad.pdf\" target=\"_blank\" rel=\"noopener noreferrer\">Actualidad<\/a><\/li>\n<\/ul>\n<p>[\/et_pb_text][\/et_pb_column][et_pb_column type=\u00bb1_4&#8243; _builder_version=\u00bb4.16&#8243; global_colors_info=\u00bb{}\u00bb][\/et_pb_column][\/et_pb_row][et_pb_row _builder_version=\u00bb4.16&#8243; width=\u00bb100%\u00bb global_colors_info=\u00bb{}\u00bb][et_pb_column type=\u00bb4_4&#8243; _builder_version=\u00bb4.16&#8243; global_colors_info=\u00bb{}\u00bb][et_pb_text _builder_version=\u00bb4.27.5&#8243; header_6_font_size=\u00bb18px\u00bb custom_margin=\u00bb||0px||false|false\u00bb custom_padding=\u00bb||0px||false|false\u00bb hover_enabled=\u00bb0&#8243; global_colors_info=\u00bb{}\u00bb sticky_enabled=\u00bb0&#8243;]<\/p>\n<h4 style=\"text-align: center;\"><strong><span style=\"color: #da3739;\">GRADOS C<\/span><\/strong><\/h4>\n<p>[\/et_pb_text][\/et_pb_column][\/et_pb_row][et_pb_row column_structure=\u00bb1_5,3_5,1_5&#8243; _builder_version=\u00bb4.16&#8243; max_width=\u00bb1920px\u00bb custom_margin=\u00bb0px||||false|false\u00bb custom_padding=\u00bb0px||||false|false\u00bb global_colors_info=\u00bb{}\u00bb][et_pb_column type=\u00bb1_5&#8243; _builder_version=\u00bb4.16&#8243; global_colors_info=\u00bb{}\u00bb][\/et_pb_column][et_pb_column type=\u00bb3_5&#8243; _builder_version=\u00bb4.16&#8243; global_colors_info=\u00bb{}\u00bb][et_pb_text module_class=\u00bbdolores\u00bb _builder_version=\u00bb4.27.5&#8243; hover_enabled=\u00bb0&#8243; border_width_all=\u00bb1px\u00bb border_color_all=\u00bbrgba(0,0,0,0.1)\u00bb global_colors_info=\u00bb{}\u00bb sticky_enabled=\u00bb0&#8243;]<\/p>\n<p>&nbsp;<\/p>\n<h1 style=\"text-align: center;\"><span style=\"color: #da3739;\">CERTIFICADO PROFESIONAL<br \/> ACONDICIONAMIENTO F\u00cdSICO EN GRUPO CON SOPORTE MUSICAL<\/h1>\n<p><span style=\"color: #da3739;\"><img loading=\"lazy\" decoding=\"async\" src=\"https:\/\/doloresibarruribhi.eus\/wp-content\/uploads\/2026\/04\/FP-GradosC_CertificadoProfesional.jpg\" alt=\"TecnicoSuperiorAcondicionamientoFisico\" class=\"wp-image-5720 alignnone size-full\" style=\"display: block; margin-left: auto; margin-right: auto;\" width=\"1177\" height=\"1000\" \/><\/span><\/p>\n<ul>\n<ul>\n<li><a href=\"\" target=\"_blank\" rel=\"noopener noreferrer\"><span style=\"color: #da3739;\">Requisitos de acceso &amp; Salidas profesionales<\/span><\/a><a href=\"\" target=\"_blank\" rel=\"noopener noreferrer\"><span style=\"color: #343434;\"> \u00b7 Acondicionamiento f\u00edsico<\/span><\/a><\/li>\n<li><a href=\"https:\/\/doloresibarruribhi.eus\/wp-content\/uploads\/2026\/04\/PROGRAMACION.pdf\" target=\"_blank\" rel=\"noopener noreferrer\"><span style=\"color: #da3739;\">Programaci\u00f3n<\/span><\/a><\/li>\n<li><a href=\"https:\/\/doloresibarruribhi.eus\/wp-content\/uploads\/2026\/04\/PLAN-DE-ESTUDIOS.pdf\" target=\"_blank\" rel=\"noopener noreferrer\"><span style=\"color: #da3739;\">Plan de estudios<\/span><\/a><\/li>\n<li><a href=\"\" target=\"_blank\" rel=\"noopener noreferrer\"><span style=\"color: #da3739;\">Organizaci\u00f3n del Curso<\/span><\/a><\/li>\n<li><a href=\"\" target=\"_blank\" rel=\"noopener noreferrer\"><span style=\"color: #da3739;\">Normativas<\/span><\/a><\/li>\n<li><a href=\"\" target=\"_blank\" rel=\"noopener noreferrer\"><span style=\"color: #da3739;\">Calendarios<\/span><\/a><\/li>\n<li><a href=\"\" target=\"_blank\" rel=\"noopener noreferrer\"><span style=\"color: #da3739;\">Horarios<\/span><\/a><\/li>\n<li><a href=\"\" target=\"_blank\" rel=\"noopener noreferrer\"><span style=\"color: #da3739;\">Listados<\/span><\/a><\/li>\n<\/ul>\n<\/ul>\n<p>&nbsp;<\/p>\n<p>[\/et_pb_text][\/et_pb_column][et_pb_column type=\u00bb1_5&#8243; _builder_version=\u00bb4.16&#8243; global_colors_info=\u00bb{}\u00bb][\/et_pb_column][\/et_pb_row][\/et_pb_section]<\/p>\n","protected":false},"excerpt":{"rendered":"<p>CERTIFICADO PROFESIONAL Acondicionamiento f\u00edsico en grupo con soporte musical FP DOLORES IBARRURI Informaci\u00f3n sobre los Ciclos Formativos que ofrecemos en Dolores Ibarruri BHI D\u00eda de presentaci\u00f3n Jornada de puertas abiertas 29\/04\/2026 16:30 horas MATRICULACI\u00d3N Actualidad GRADOS C&nbsp; CERTIFICADO PROFESIONAL ACONDICIONAMIENTO F\u00cdSICO EN GRUPO CON SOPORTE MUSICAL Requisitos de acceso &amp; Salidas profesionales \u00b7 Acondicionamiento f\u00edsico [&hellip;]<\/p>\n","protected":false},"author":5,"featured_media":0,"parent":14800,"menu_order":0,"comment_status":"closed","ping_status":"closed","template":"page-template-fullwidth-Hezkuntza.php","meta":{"_et_pb_use_builder":"on","_et_pb_old_content":"","_et_gb_content_width":"1280","footnotes":""},"class_list":["post-14858","page","type-page","status-publish","hentry"],"_links":{"self":[{"href":"https:\/\/doloresibarruribhi.eus\/es\/wp-json\/wp\/v2\/pages\/14858","targetHints":{"allow":["GET"]}}],"collection":[{"href":"https:\/\/doloresibarruribhi.eus\/es\/wp-json\/wp\/v2\/pages"}],"about":[{"href":"https:\/\/doloresibarruribhi.eus\/es\/wp-json\/wp\/v2\/types\/page"}],"author":[{"embeddable":true,"href":"https:\/\/doloresibarruribhi.eus\/es\/wp-json\/wp\/v2\/users\/5"}],"replies":[{"embeddable":true,"href":"https:\/\/doloresibarruribhi.eus\/es\/wp-json\/wp\/v2\/comments?post=14858"}],"version-history":[{"count":19,"href":"https:\/\/doloresibarruribhi.eus\/es\/wp-json\/wp\/v2\/pages\/14858\/revisions"}],"predecessor-version":[{"id":15059,"href":"https:\/\/doloresibarruribhi.eus\/es\/wp-json\/wp\/v2\/pages\/14858\/revisions\/15059"}],"up":[{"embeddable":true,"href":"https:\/\/doloresibarruribhi.eus\/es\/wp-json\/wp\/v2\/pages\/14800"}],"wp:attachment":[{"href":"https:\/\/doloresibarruribhi.eus\/es\/wp-json\/wp\/v2\/media?parent=14858"}],"curies":[{"name":"wp","href":"https:\/\/api.w.org\/{rel}","templated":true}]}}