{"id":2205,"date":"2019-10-14T17:54:22","date_gmt":"2019-10-14T15:54:22","guid":{"rendered":"https:\/\/doloresibarruribhi.eus\/?page_id=2205"},"modified":"2021-05-21T14:24:30","modified_gmt":"2021-05-21T12:24:30","slug":"presentacion","status":"publish","type":"page","link":"https:\/\/doloresibarruribhi.eus\/es\/presentacion\/","title":{"rendered":"Presentaci\u00f3n"},"content":{"rendered":"<p>[et_pb_section fb_built=\u00bb1&#8243; fullwidth=\u00bbon\u00bb _builder_version=\u00bb3.26&#8243; custom_margin=\u00bb||0px||false|false\u00bb custom_padding=\u00bb||0px||false|false\u00bb][et_pb_fullwidth_post_title meta=\u00bboff\u00bb featured_image=\u00bboff\u00bb _builder_version=\u00bb3.26&#8243; background_image=\u00bbhttps:\/\/doloresibarruribhi.eus\/wp-content\/uploads\/2019\/07\/DoloresIbarruri_Goiburua.png\u00bb][\/et_pb_fullwidth_post_title][\/et_pb_section][et_pb_section fb_built=\u00bb1&#8243; _builder_version=\u00bb3.26&#8243; custom_margin=\u00bb0px||||false|false\u00bb custom_padding=\u00bb0px||||false|false\u00bb][et_pb_row column_structure=\u00bb1_2,1_2&#8243; _builder_version=\u00bb3.26&#8243;][et_pb_column type=\u00bb1_2&#8243; _builder_version=\u00bb3.26&#8243;][et_pb_text _builder_version=\u00bb3.27.4&#8243;]<\/p>\n<h2 align=\"justify\">DOLORES IBARRURI BHI <\/h2>\n<p>[\/et_pb_text][et_pb_text _builder_version=\u00bb4.9.3&#8243; hover_enabled=\u00bb0&#8243; sticky_enabled=\u00bb0&#8243;]<\/p>\n<p align=\"justify\">El Instituto de Educaci\u00f3n Secundaria IES DOLORES IBARRURI es un centro p\u00fablico dependiente del Departamento de Educaci\u00f3n del Gobierno Vasco. Est\u00e1 situado en el barrio de Gallarta en el municipio de Abanto-Zierbena. Fue creado hace casi 50 a\u00f1os (curso 1971-72) y su oferta educativa ha ido evolucionando seg\u00fan las necesidades sociales. Hoy en d\u00eda ofrece las siguientes ense\u00f1anzas: Educaci\u00f3n Secundaria Obligatoria (ESO), Bachillerato (dos modalidades: Humanidades y Ciencias Sociales y Ciencias de la Naturaleza y Tecnolog\u00eda) y \u00a0dos Ciclos Formativos de grado superior: T\u00e9cnico superior en acondicionamiento f\u00edsico y T\u00e9cnico superior en ense\u00f1anza y animaci\u00f3n socio deportiva.<\/p>\n<p align=\"justify\">En los distintos apartados de esta p\u00e1gina te ofrecemos informaci\u00f3n sobre nuestro Instituto. As\u00ed como la p\u00e1gina WEB est\u00e1 abierta y disponible, tambi\u00e9n el centro, el profesorado, la direcci\u00f3n, secretar\u00eda y conserjer\u00eda est\u00e1n abiertos y dispuestos a responder a vuestras preguntas y necesidades. Si la informaci\u00f3n que te interesa no la encuentras aqu\u00ed, no dudes en llamarnos o escribirnos por medio del correo electr\u00f3nico. Te atenderemos gustosamente.<\/p>\n<p>[\/et_pb_text][\/et_pb_column][et_pb_column type=\u00bb1_2&#8243; _builder_version=\u00bb3.26&#8243;][et_pb_divider show_divider=\u00bboff\u00bb _builder_version=\u00bb3.26&#8243;][\/et_pb_divider][et_pb_divider show_divider=\u00bboff\u00bb _builder_version=\u00bb3.26&#8243;][\/et_pb_divider][et_pb_divider show_divider=\u00bboff\u00bb _builder_version=\u00bb3.26&#8243;][\/et_pb_divider][et_pb_image src=\u00bbhttps:\/\/doloresibarruribhi.eus\/wp-content\/uploads\/2019\/07\/Aurkezpena.jpg\u00bb _builder_version=\u00bb3.26&#8243; border_radii=\u00bboff||45px||\u00bb border_width_all=\u00bb1px\u00bb border_color_all=\u00bb#223c42&#8243; border_style_all=\u00bbdashed\u00bb][\/et_pb_image][\/et_pb_column][\/et_pb_row][\/et_pb_section]<\/p>\n","protected":false},"excerpt":{"rendered":"<p>DOLORES IBARRURI BHI El Instituto de Educaci\u00f3n Secundaria IES DOLORES IBARRURI es un centro p\u00fablico dependiente del Departamento de Educaci\u00f3n del Gobierno Vasco. Est\u00e1 situado en el barrio de Gallarta en el municipio de Abanto-Zierbena. Fue creado hace casi 50 a\u00f1os (curso 1971-72) y su oferta educativa ha ido evolucionando seg\u00fan las necesidades sociales. Hoy [&hellip;]<\/p>\n","protected":false},"author":1,"featured_media":0,"parent":0,"menu_order":0,"comment_status":"closed","ping_status":"closed","template":"page-template-fullwidth.php","meta":{"_et_pb_use_builder":"on","_et_pb_old_content":"","_et_gb_content_width":"","footnotes":""},"class_list":["post-2205","page","type-page","status-publish","hentry"],"_links":{"self":[{"href":"https:\/\/doloresibarruribhi.eus\/es\/wp-json\/wp\/v2\/pages\/2205","targetHints":{"allow":["GET"]}}],"collection":[{"href":"https:\/\/doloresibarruribhi.eus\/es\/wp-json\/wp\/v2\/pages"}],"about":[{"href":"https:\/\/doloresibarruribhi.eus\/es\/wp-json\/wp\/v2\/types\/page"}],"author":[{"embeddable":true,"href":"https:\/\/doloresibarruribhi.eus\/es\/wp-json\/wp\/v2\/users\/1"}],"replies":[{"embeddable":true,"href":"https:\/\/doloresibarruribhi.eus\/es\/wp-json\/wp\/v2\/comments?post=2205"}],"version-history":[{"count":7,"href":"https:\/\/doloresibarruribhi.eus\/es\/wp-json\/wp\/v2\/pages\/2205\/revisions"}],"predecessor-version":[{"id":6878,"href":"https:\/\/doloresibarruribhi.eus\/es\/wp-json\/wp\/v2\/pages\/2205\/revisions\/6878"}],"wp:attachment":[{"href":"https:\/\/doloresibarruribhi.eus\/es\/wp-json\/wp\/v2\/media?parent=2205"}],"curies":[{"name":"wp","href":"https:\/\/api.w.org\/{rel}","templated":true}]}}