{"id":2250,"date":"2019-10-15T12:58:24","date_gmt":"2019-10-15T10:58:24","guid":{"rendered":"https:\/\/doloresibarruribhi.eus\/?page_id=2250"},"modified":"2025-11-11T20:18:55","modified_gmt":"2025-11-11T19:18:55","slug":"horarios-contactos","status":"publish","type":"page","link":"https:\/\/doloresibarruribhi.eus\/es\/horarios-contactos\/","title":{"rendered":"Horarios &#038; Contactos"},"content":{"rendered":"<p>[et_pb_section fb_built=\u00bb1&#8243; fullwidth=\u00bbon\u00bb _builder_version=\u00bb4.16&#8243; custom_margin=\u00bb||0px||false|false\u00bb custom_padding=\u00bb||0px||false|false\u00bb global_colors_info=\u00bb{}\u00bb][et_pb_fullwidth_post_title meta=\u00bboff\u00bb featured_image=\u00bboff\u00bb _builder_version=\u00bb4.16&#8243; background_image=\u00bbhttps:\/\/doloresibarruribhi.eus\/wp-content\/uploads\/2019\/07\/DoloresIbarruri_Goiburua.png\u00bb global_colors_info=\u00bb{}\u00bb][\/et_pb_fullwidth_post_title][\/et_pb_section][et_pb_section fb_built=\u00bb1&#8243; _builder_version=\u00bb4.16&#8243; custom_margin=\u00bb0px||||false|false\u00bb custom_padding=\u00bb0px||||false|false\u00bb global_colors_info=\u00bb{}\u00bb][et_pb_row column_structure=\u00bb1_2,1_2&#8243; _builder_version=\u00bb4.16&#8243; global_colors_info=\u00bb{}\u00bb][et_pb_column type=\u00bb1_2&#8243; _builder_version=\u00bb4.16&#8243; global_colors_info=\u00bb{}\u00bb][et_pb_text _builder_version=\u00bb4.16&#8243; header_font=\u00bb|300|||||||\u00bb header_2_font=\u00bbRaleway||||||||\u00bb header_3_font=\u00bbRaleway||||||||\u00bb header_2_font_tablet=\u00bb\u00bb header_2_font_phone=\u00bb\u00bb header_2_font_last_edited=\u00bbon|desktop\u00bb global_colors_info=\u00bb{}\u00bb]<\/p>\n<h2>IES DOLORES IBARRURI<\/h2>\n<p align=\"justify\">Meatzari etorbidea, 28 \u00b7 Gallarta<br \/>48500 Abanto-Zierbena \u00b7 Bizkaia<\/p>\n<p>Horario Secretar\u00eda: 09:00 &#8211; 14:00<\/p>\n<p>[\/et_pb_text][\/et_pb_column][et_pb_column type=\u00bb1_2&#8243; _builder_version=\u00bb4.16&#8243; global_colors_info=\u00bb{}\u00bb][et_pb_cta button_text=\u00bbTELEFONOA\u00bb _builder_version=\u00bb4.16&#8243; header_text_color=\u00bb#ffffff\u00bb body_text_color=\u00bb#ffffff\u00bb border_radii=\u00bboff||45px||\u00bb global_colors_info=\u00bb{}\u00bb]<\/p>\n<h2 style=\"text-align: center;\">tel.\u00a0 94 428 80 35<\/h2>\n<p>[\/et_pb_cta][\/et_pb_column][\/et_pb_row][et_pb_row column_structure=\u00bb1_3,1_3,1_3&#8243; _builder_version=\u00bb4.16&#8243; global_colors_info=\u00bb{}\u00bb][et_pb_column type=\u00bb1_3&#8243; _builder_version=\u00bb4.16&#8243; global_colors_info=\u00bb{}\u00bb][et_pb_text _builder_version=\u00bb4.16&#8243; header_2_text_align=\u00bbcenter\u00bb header_2_text_color=\u00bb#da3739&#8243; border_radii=\u00bboff||45px||\u00bb border_width_all=\u00bb1px\u00bb border_color_all=\u00bb#da3739&#8243; border_style_all=\u00bbdashed\u00bb global_colors_info=\u00bb{}\u00bb]<\/p>\n<p>&nbsp;<\/p>\n<h2 style=\"text-align: center;\">INFORMACI\u00d3N<\/h2>\n<p style=\"text-align: center;\"><a href=\"mailto:info@doloresibarruribhi.eus\" target=\"_blank\" rel=\"noopener noreferrer\">info@doloresibarruribhi.eus<\/a><\/p>\n<p>&nbsp;<\/p>\n<p>[\/et_pb_text][et_pb_text _builder_version=\u00bb4.16&#8243; header_2_text_align=\u00bbcenter\u00bb header_2_text_color=\u00bb#da3739&#8243; border_radii=\u00bboff||45px||\u00bb border_width_all=\u00bb1px\u00bb border_color_all=\u00bb#da3739&#8243; border_style_all=\u00bbdashed\u00bb global_colors_info=\u00bb{}\u00bb]<\/p>\n<p>&nbsp;<\/p>\n<h2 style=\"text-align: center;\">SECRETAR\u00cdA<\/h2>\n<p style=\"text-align: center;\"><a href=\"mailto:idazkaria@doloresibarruribhi.eus\" target=\"_blank\" rel=\"noopener noreferrer\">idazkaria@doloresibarruribhi.eus<\/a><\/p>\n<p>&nbsp;<\/p>\n<p>[\/et_pb_text][\/et_pb_column][et_pb_column type=\u00bb1_3&#8243; _builder_version=\u00bb4.16&#8243; global_colors_info=\u00bb{}\u00bb][et_pb_text _builder_version=\u00bb4.16&#8243; header_2_text_align=\u00bbcenter\u00bb header_2_text_color=\u00bb#da3739&#8243; border_radii=\u00bboff||45px||\u00bb border_width_all=\u00bb1px\u00bb border_color_all=\u00bb#da3739&#8243; border_style_all=\u00bbdashed\u00bb global_colors_info=\u00bb{}\u00bb]<\/p>\n<p>&nbsp;<\/p>\n<h2 style=\"text-align: center;\">DIRECCI\u00d3N<\/h2>\n<p style=\"text-align: center;\"><a href=\"mailto:zuzendaria@doloresibarruribhi.eus\" target=\"_blank\" rel=\"noopener noreferrer\">zuzendaria@doloresibarruribhi.eus<\/a><\/p>\n<p>&nbsp;<\/p>\n<p>[\/et_pb_text][et_pb_text _builder_version=\u00bb4.16&#8243; header_2_text_align=\u00bbcenter\u00bb header_2_text_color=\u00bb#da3739&#8243; border_radii=\u00bboff||45px||\u00bb border_width_all=\u00bb1px\u00bb border_color_all=\u00bb#da3739&#8243; border_style_all=\u00bbdashed\u00bb global_colors_info=\u00bb{}\u00bb]<\/p>\n<p>&nbsp;<\/p>\n<h2 style=\"text-align: center;\">OFICINA ERASMUS<\/h2>\n<p style=\"text-align: center;\"><a href=\"mailto:info@doloresibarruribhi.eus\" target=\"_blank\" rel=\"noopener noreferrer\">info@doloresibarruribhi.eus<\/a><\/p>\n<p>&nbsp;<\/p>\n<p>[\/et_pb_text][\/et_pb_column][et_pb_column type=\u00bb1_3&#8243; _builder_version=\u00bb4.16&#8243; global_colors_info=\u00bb{}\u00bb][et_pb_text _builder_version=\u00bb4.16&#8243; header_2_text_align=\u00bbcenter\u00bb header_2_text_color=\u00bb#da3739&#8243; border_radii=\u00bboff||45px||\u00bb border_width_all=\u00bb1px\u00bb border_color_all=\u00bb#da3739&#8243; border_style_all=\u00bbdashed\u00bb global_colors_info=\u00bb{}\u00bb]<\/p>\n<p>&nbsp;<\/p>\n<h2 style=\"text-align: center;\">JEFATURA ESTUDIOS<\/h2>\n<p style=\"text-align: center;\"><a href=\"mailto:ikasketaburua@doloresibarruribhi.eus\" target=\"_blank\" rel=\"noopener noreferrer\">ikasketaburua@doloresibarruribhi.eus<\/a><\/p>\n<p>&nbsp;<\/p>\n<p>[\/et_pb_text][et_pb_text _builder_version=\u00bb4.27.4&#8243; header_2_text_align=\u00bbcenter\u00bb header_2_text_color=\u00bb#da3739&#8243; hover_enabled=\u00bb0&#8243; border_radii=\u00bboff||45px||\u00bb border_width_all=\u00bb1px\u00bb border_color_all=\u00bb#da3739&#8243; border_style_all=\u00bbdashed\u00bb global_colors_info=\u00bb{}\u00bb sticky_enabled=\u00bb0&#8243;]<\/p>\n<p>&nbsp;<\/p>\n<h2 style=\"text-align: center;\">AMPA \u00b7 IGE<\/h2>\n<p style=\"text-align: center;\"><a href=\"mailto:ampadoloresibarruri@gmail.com\" target=\"_blank\" rel=\"noopener noreferrer\">ampadoloresibarruri@gmail.com<\/a><\/p>\n<p>&nbsp;<\/p>\n<p>[\/et_pb_text][\/et_pb_column][\/et_pb_row][et_pb_row _builder_version=\u00bb4.16&#8243; global_colors_info=\u00bb{}\u00bb][et_pb_column type=\u00bb4_4&#8243; _builder_version=\u00bb4.16&#8243; global_colors_info=\u00bb{}\u00bb][et_pb_text _builder_version=\u00bb4.16&#8243; global_colors_info=\u00bb{}\u00bb]<\/p>\n<h2>Horarios acad\u00e9micos<\/h2>\n<p>[\/et_pb_text][et_pb_image src=\u00bbhttps:\/\/doloresibarruribhi.eus\/wp-content\/uploads\/2019\/07\/Egutegia.jpg\u00bb url=\u00bbhttps:\/\/doloresibarruribhi.eus\/wp-content\/uploads\/2025\/08\/4.-ID01-Institutuko-ordutegiak-25-26.pdf\u00bb url_new_window=\u00bbon\u00bb align=\u00bbcenter\u00bb _builder_version=\u00bb4.27.4&#8243; border_radii=\u00bboff||45px||\u00bb border_width_all=\u00bb1px\u00bb border_color_all=\u00bb#da3739&#8243; border_style_all=\u00bbdashed\u00bb global_colors_info=\u00bb{}\u00bb][\/et_pb_image][\/et_pb_column][\/et_pb_row][\/et_pb_section]<\/p>\n","protected":false},"excerpt":{"rendered":"<p>IES DOLORES IBARRURI Meatzari etorbidea, 28 \u00b7 Gallarta48500 Abanto-Zierbena \u00b7 Bizkaia Horario Secretar\u00eda: 09:00 &#8211; 14:00tel.\u00a0 94 428 80 35&nbsp; INFORMACI\u00d3N info@doloresibarruribhi.eus &nbsp;&nbsp; SECRETAR\u00cdA idazkaria@doloresibarruribhi.eus &nbsp;&nbsp; DIRECCI\u00d3N zuzendaria@doloresibarruribhi.eus &nbsp;&nbsp; OFICINA ERASMUS info@doloresibarruribhi.eus &nbsp;&nbsp; JEFATURA ESTUDIOS ikasketaburua@doloresibarruribhi.eus &nbsp;&nbsp; AMPA \u00b7 IGE ampadoloresibarruri@gmail.com &nbsp;Horarios acad\u00e9micos<\/p>\n","protected":false},"author":1,"featured_media":0,"parent":0,"menu_order":0,"comment_status":"closed","ping_status":"closed","template":"page-template-fullwidth.php","meta":{"_et_pb_use_builder":"on","_et_pb_old_content":"","_et_gb_content_width":"","footnotes":""},"class_list":["post-2250","page","type-page","status-publish","hentry"],"_links":{"self":[{"href":"https:\/\/doloresibarruribhi.eus\/es\/wp-json\/wp\/v2\/pages\/2250","targetHints":{"allow":["GET"]}}],"collection":[{"href":"https:\/\/doloresibarruribhi.eus\/es\/wp-json\/wp\/v2\/pages"}],"about":[{"href":"https:\/\/doloresibarruribhi.eus\/es\/wp-json\/wp\/v2\/types\/page"}],"author":[{"embeddable":true,"href":"https:\/\/doloresibarruribhi.eus\/es\/wp-json\/wp\/v2\/users\/1"}],"replies":[{"embeddable":true,"href":"https:\/\/doloresibarruribhi.eus\/es\/wp-json\/wp\/v2\/comments?post=2250"}],"version-history":[{"count":9,"href":"https:\/\/doloresibarruribhi.eus\/es\/wp-json\/wp\/v2\/pages\/2250\/revisions"}],"predecessor-version":[{"id":14309,"href":"https:\/\/doloresibarruribhi.eus\/es\/wp-json\/wp\/v2\/pages\/2250\/revisions\/14309"}],"wp:attachment":[{"href":"https:\/\/doloresibarruribhi.eus\/es\/wp-json\/wp\/v2\/media?parent=2250"}],"curies":[{"name":"wp","href":"https:\/\/api.w.org\/{rel}","templated":true}]}}