{"id":2270,"date":"2019-10-15T13:09:15","date_gmt":"2019-10-15T11:09:15","guid":{"rendered":"https:\/\/doloresibarruribhi.eus\/?page_id=2270"},"modified":"2025-10-07T18:07:57","modified_gmt":"2025-10-07T16:07:57","slug":"datos-generales","status":"publish","type":"page","link":"https:\/\/doloresibarruribhi.eus\/es\/datos-generales\/","title":{"rendered":"Datos Generales"},"content":{"rendered":"<p>[et_pb_section fb_built=\u00bb1&#8243; fullwidth=\u00bbon\u00bb _builder_version=\u00bb4.16&#8243; custom_padding=\u00bb||0px||false|false\u00bb global_colors_info=\u00bb{}\u00bb][et_pb_fullwidth_post_title meta=\u00bboff\u00bb featured_image=\u00bboff\u00bb _builder_version=\u00bb4.17.6&#8243; background_image=\u00bbhttps:\/\/doloresibarruribhi.eus\/wp-content\/uploads\/2019\/07\/DoloresIbarruri_Goiburua.png\u00bb global_colors_info=\u00bb{}\u00bb][\/et_pb_fullwidth_post_title][\/et_pb_section][et_pb_section fb_built=\u00bb1&#8243; _builder_version=\u00bb4.16&#8243; custom_margin=\u00bb0px||||false|false\u00bb global_colors_info=\u00bb{}\u00bb][et_pb_row _builder_version=\u00bb4.16&#8243; global_colors_info=\u00bb{}\u00bb][et_pb_column type=\u00bb4_4&#8243; _builder_version=\u00bb4.16&#8243; global_colors_info=\u00bb{}\u00bb][et_pb_text _builder_version=\u00bb4.27.4&#8243; header_font=\u00bb|300|||||||\u00bb header_2_font=\u00bbRaleway||||||||\u00bb header_3_font=\u00bbRaleway||||||||\u00bb header_2_font_tablet=\u00bb\u00bb header_2_font_phone=\u00bb\u00bb header_2_font_last_edited=\u00bbon|desktop\u00bb global_colors_info=\u00bb{}\u00bb]<\/p>\n<h2>DOLORES IBARRURI BHI<\/h2>\n<p>En este apartado se pueden consultar varios documentos extra\u00eddos del <strong>Plan Anual del Centro<\/strong> con los datos m\u00e1s relevantes del instituto.<\/p>\n<p>[\/et_pb_text][\/et_pb_column][\/et_pb_row][et_pb_row _builder_version=\u00bb4.16&#8243; global_colors_info=\u00bb{}\u00bb][et_pb_column type=\u00bb4_4&#8243; _builder_version=\u00bb4.16&#8243; global_colors_info=\u00bb{}\u00bb][et_pb_accordion _builder_version=\u00bb4.27.4&#8243; hover_enabled=\u00bb0&#8243; global_colors_info=\u00bb{}\u00bb sticky_enabled=\u00bb0&#8243;][et_pb_accordion_item title=\u00bbDatos 2025-2026&#8243; open=\u00bbon\u00bb _builder_version=\u00bb4.27.4&#8243; hover_enabled=\u00bb0&#8243; global_colors_info=\u00bb{}\u00bb sticky_enabled=\u00bb0&#8243;]<\/p>\n<ul>\n<li><a href=\"https:\/\/doloresibarruribhi.eus\/wp-content\/uploads\/2025\/10\/Datos-instituto.pdf\" target=\"_blank\" rel=\"noopener\">Datos generales:<\/a> Equipamiento, recursos, etc.<\/li>\n<li><a href=\"https:\/\/doloresibarruribhi.eus\/wp-content\/uploads\/2025\/10\/KARGUAK.pdf\" target=\"_blank\" rel=\"noopener\">Organizaci\u00f3n:<\/a> Cargos directivos, jefaturas de departamento, tutor\u00edas, etc.<\/li>\n<li>Personal de Administraci\u00f3n y Servicios PAS<\/li>\n<li>Composici\u00f3n del <a href=\"https:\/\/doloresibarruribhi.eus\/wp-content\/uploads\/2025\/10\/OMR.pdf\" target=\"_blank\" rel=\"noopener\">OMR<\/a> y sus comisiones<\/li>\n<li>Junta directiva del AMPA<\/li>\n<\/ul>\n<p>[\/et_pb_accordion_item][et_pb_accordion_item title=\u00bbDatos 2024-2025&#8243; open=\u00bbon\u00bb _builder_version=\u00bb4.27.4&#8243; hover_enabled=\u00bb0&#8243; global_colors_info=\u00bb{}\u00bb sticky_enabled=\u00bb0&#8243;]<\/p>\n<ul>\n<li><a href=\"https:\/\/doloresibarruribhi.eus\/wp-content\/uploads\/2023\/10\/Institutuari-buruzko-datuak-23-24.pdf\" target=\"_blank\" rel=\"noopener\">Datos generales:<\/a> Equipamiento, recursos, etc.<\/li>\n<li><a href=\"https:\/\/doloresibarruribhi.eus\/wp-content\/uploads\/2024\/10\/Karguak-Cargos-24-25.pdf\" target=\"_blank\" rel=\"noopener\">Organizaci\u00f3n:<\/a> Cargos directivos, jefaturas de departamento, tutor\u00edas, etc.<\/li>\n<li>Personal de Administraci\u00f3n y Servicios PAS<\/li>\n<li><a href=\"https:\/\/doloresibarruribhi.eus\/wp-content\/uploads\/2024\/10\/OOGri-buruzko-datuak-24-25.pdf\" target=\"_blank\" rel=\"noopener\">OMR<\/a> y sus comisiones<\/li>\n<p>li>Junta directiva del AMPA<\/li>\n<\/ul>\n<p>[\/et_pb_accordion_item][et_pb_accordion_item title=\u00bbDatos 2023-2024&#8243; _builder_version=\u00bb4.17.6&#8243; global_colors_info=\u00bb{}\u00bb open=\u00bboff\u00bb]<\/p>\n<ul>\n<li><a href=\"https:\/\/doloresibarruribhi.eus\/wp-content\/uploads\/2023\/10\/Institutuari-buruzko-datuak-23-24.pdf\" target=\"_blank\" rel=\"noopener\">Datos generales:<\/a> Equipamiento, recursos, etc.<\/li>\n<li><a href=\"https:\/\/doloresibarruribhi.eus\/wp-content\/uploads\/2023\/10\/Karguak-Cargos-23-24.pdf\" target=\"_blank\" rel=\"noopener\">Organizaci\u00f3n:<\/a> Cargos directivos, jefaturas de departamento, tutor\u00edas, etc.<\/li>\n<li>Personal de Administraci\u00f3n y Servicios PAS<\/li>\n<li>Composici\u00f3n del <a href=\"https:\/\/doloresibarruribhi.eus\/wp-content\/uploads\/2023\/10\/OOGri-buruzko-datuak-23-24.pdf\" target=\"_blank\" rel=\"noopener\">OMR<\/a> y sus comisiones<\/li>\n<li>Junta directiva del AMPA<\/li>\n<\/ul>\n<p>[\/et_pb_accordion_item][et_pb_accordion_item title=\u00bbDatos 2022-2023&#8243; _builder_version=\u00bb4.17.6&#8243; global_colors_info=\u00bb{}\u00bb open=\u00bboff\u00bb]<\/p>\n<ul>\n<li>Datos generales: Equipamiento, recursos, etc.<\/li>\n<li><a href=\"https:\/\/doloresibarruribhi.eus\/wp-content\/uploads\/2022\/10\/Karguak-Cargos-22-23.pdf\" target=\"_blank\" rel=\"noopener\">Organizaci\u00f3n:<\/a> Cargos directivos, jefaturas de departamento, tutor\u00edas, etc.<\/li>\n<li>Personal de Administraci\u00f3n y Servicios PAS<\/li>\n<li>Composici\u00f3n del <a href=\"https:\/\/doloresibarruribhi.eus\/wp-content\/uploads\/2022\/10\/OOG-OMR-13-07-2022.pdf\" target=\"_blank\" rel=\"noopener\">OMR<\/a> y sus comisiones<\/li>\n<li>Junta directiva del AMPA<\/li>\n<\/ul>\n<p>[\/et_pb_accordion_item][et_pb_accordion_item title=\u00bbDatos 2020-2021&#8243; _builder_version=\u00bb4.16&#8243; global_colors_info=\u00bb{}\u00bb open=\u00bboff\u00bb]<\/p>\n<ul>\n<li>Datos generales: Equipamiento, recursos, etc.<\/li>\n<li><a href=\"https:\/\/doloresibarruribhi.eus\/wp-content\/uploads\/2020\/09\/Karguak-Cargos-20-21.pdf\" target=\"_blank\" rel=\"noopener noreferrer\">Organizaci\u00f3n<\/a>: Cargos directivos, jefaturas de departamento, tutor\u00edas, etc.<\/li>\n<li>Personal de Administraci\u00f3n y Servicios PAS<\/li>\n<li>Composici\u00f3n del OMR y sus comisiones<\/li>\n<li>Junta directiva del AMPA<\/li>\n<\/ul>\n<p>[\/et_pb_accordion_item][et_pb_accordion_item title=\u00bbDatos 2019-2020&#8243; _builder_version=\u00bb4.16&#8243; global_colors_info=\u00bb{}\u00bb open=\u00bboff\u00bb]<\/p>\n<ul>\n<li><a href=\"https:\/\/doloresibarruribhi.eus\/wp-content\/uploads\/2019\/10\/Datu-orokorrak-19-20.pdf\" target=\"_blank\" rel=\"noopener noreferrer\">Datos generales<\/a>: Equipamiento, recursos, etc.<\/li>\n<li><a href=\"https:\/\/doloresibarruribhi.eus\/wp-content\/uploads\/2019\/10\/Karguak-19-20.pdf\" target=\"_blank\" rel=\"noopener noreferrer\">Organizaci\u00f3n<\/a>: Cargos directivos, jefaturas de departamento, tutor\u00edas, etc.<\/li>\n<li>Personal de Administraci\u00f3n y Servicios <a href=\"https:\/\/doloresibarruribhi.eus\/wp-content\/uploads\/2019\/10\/AZL-PAS-19-20.pdf\" target=\"_blank\" rel=\"noopener noreferrer\">PAS<\/a><\/li>\n<li>Composici\u00f3n del <a href=\"https:\/\/doloresibarruribhi.eus\/wp-content\/uploads\/2019\/10\/OOG-OMR-19-20-12-12-2018.pdf\" target=\"_blank\" rel=\"noopener noreferrer\">OMR<\/a> y sus comisiones<\/li>\n<li>Junta directiva del <a href=\"https:\/\/doloresibarruribhi.eus\/wp-content\/uploads\/2019\/10\/IGE-AMPA-19-20.pdf\" target=\"_blank\" rel=\"noopener noreferrer\">AMPA<\/a><\/li>\n<\/ul>\n<p>[\/et_pb_accordion_item][et_pb_accordion_item title=\u00bbDatos 2017-2018&#8243; _builder_version=\u00bb4.16&#8243; global_colors_info=\u00bb{}\u00bb open=\u00bboff\u00bb]<\/p>\n<ul>\n<li><a href=\"https:\/\/doloresibarruribhi.eus\/wp-content\/uploads\/2019\/07\/Institutuari-buruzko-datuak-17-18.pdf\" target=\"_blank\" rel=\"noopener noreferrer\">Datos generales<\/a>: Equipamiento, recursos, etc.<\/li>\n<li><a href=\"https:\/\/doloresibarruribhi.eus\/wp-content\/uploads\/2019\/07\/Institutuko-Karguak-17-18.pdf\" target=\"_blank\" rel=\"noopener noreferrer\">Organizaci\u00f3n<\/a>: Cargos directivos, jefaturas de departamento, tutor\u00edas, etc.<\/li>\n<li>Personal de Administraci\u00f3n y Servicios <a href=\"https:\/\/doloresibarruribhi.eus\/wp-content\/uploads\/2019\/07\/Institutuko-AZL-PAS-17-18.pdf\" target=\"_blank\" rel=\"noopener noreferrer\">PAS<\/a><\/li>\n<li>Composici\u00f3n del <a href=\"https:\/\/doloresibarruribhi.eus\/wp-content\/uploads\/2019\/07\/OOGri-buruzko-datuak-17-18.pdf\" target=\"_blank\" rel=\"noopener noreferrer\">OMR<\/a> y sus comisiones<\/li>\n<li>Junta directiva del <a href=\"https:\/\/doloresibarruribhi.eus\/wp-content\/uploads\/2019\/07\/IGEren-zuzendaritza-batzordea-17-18.pdf\" target=\"_blank\" rel=\"noopener noreferrer\">AMPA<\/a><\/li>\n<\/ul>\n<p>[\/et_pb_accordion_item][et_pb_accordion_item title=\u00bbDatos 2016-2017&#8243; _builder_version=\u00bb4.16&#8243; global_colors_info=\u00bb{}\u00bb open=\u00bboff\u00bb]<\/p>\n<ul>\n<li><a href=\"https:\/\/doloresibarruribhi.eus\/wp-content\/uploads\/2019\/07\/Institutuari-buruzko-datuak-16-17.pdf\" target=\"_blank\" rel=\"noopener noreferrer\">Datos generales<\/a>: Equipamiento, recursos, etc.<\/li>\n<li><a href=\"https:\/\/doloresibarruribhi.eus\/wp-content\/uploads\/2019\/07\/Karguak-16-17.pdf\" target=\"_blank\" rel=\"noopener noreferrer\">Organizaci\u00f3n<\/a>: Cargos directivos, jefaturas de departamento, tutor\u00edas, etc.<\/li>\n<li>Personal de Administraci\u00f3n y Servicios <a href=\"https:\/\/doloresibarruribhi.eus\/wp-content\/uploads\/2019\/07\/AZL-PAS-16-17.pdf\" target=\"_blank\" rel=\"noopener noreferrer\">PAS<\/a><\/li>\n<li>Composici\u00f3n del <a href=\"https:\/\/doloresibarruribhi.eus\/wp-content\/uploads\/2019\/07\/OOGri-buruzko-datuak-16-17.pdf\" target=\"_blank\" rel=\"noopener noreferrer\">OMR<\/a> y sus comisiones<\/li>\n<li>Junta directiva del <a href=\"https:\/\/doloresibarruribhi.eus\/wp-content\/uploads\/2019\/07\/IGEren-zuzendaritza-batzordea-16-17.pdf\" target=\"_blank\" rel=\"noopener noreferrer\">AMPA<\/a><\/li>\n<\/ul>\n<p>[\/et_pb_accordion_item][et_pb_accordion_item title=\u00bbDatos 2015-2016&#8243; _builder_version=\u00bb4.16&#8243; global_colors_info=\u00bb{}\u00bb open=\u00bboff\u00bb]<\/p>\n<ul>\n<li><a href=\"https:\/\/doloresibarruribhi.eus\/wp-content\/uploads\/2019\/07\/Institutuari-buruzko-datuak-15-16.pdf\" target=\"_blank\" rel=\"noopener noreferrer\">Datos generales<\/a>: Equipamiento, recursos, etc.<\/li>\n<li><a href=\"https:\/\/doloresibarruribhi.eus\/wp-content\/uploads\/2019\/07\/Karguak-15-16.pdf\" target=\"_blank\" rel=\"noopener noreferrer\">Organizaci\u00f3n<\/a>: Cargos directivos, jefaturas de departamento, tutor\u00edas, etc.<\/li>\n<li>Personal de Administraci\u00f3n y Servicios <a href=\"https:\/\/doloresibarruribhi.eus\/wp-content\/uploads\/2019\/07\/AZL-PAS-15-16.pdf\" target=\"_blank\" rel=\"noopener noreferrer\">PAS<\/a><\/li>\n<li>Composici\u00f3n del <a href=\"https:\/\/doloresibarruribhi.eus\/wp-content\/uploads\/2019\/07\/OOGri-buruzko-datuak-15-16.pdf\" target=\"_blank\" rel=\"noopener noreferrer\">OMR<\/a> y sus comisiones<\/li>\n<li>Junta directiva del <a href=\"https:\/\/doloresibarruribhi.eus\/wp-content\/uploads\/2019\/07\/IGEren-zuzendaritza-batzordea-15-16.pdf\" target=\"_blank\" rel=\"noopener noreferrer\">AMPA<\/a><\/li>\n<\/ul>\n<p>[\/et_pb_accordion_item][et_pb_accordion_item title=\u00bbDatos 2014-2015&#8243; _builder_version=\u00bb4.16&#8243; global_colors_info=\u00bb{}\u00bb open=\u00bboff\u00bb]<\/p>\n<ul>\n<li><a href=\"https:\/\/doloresibarruribhi.eus\/wp-content\/uploads\/2019\/07\/Institutuari-buruzko-datuak-14-15.pdf\" target=\"_blank\" rel=\"noopener noreferrer\">Datos generales<\/a>: Equipamiento, recursos, etc.<\/li>\n<li><a href=\"https:\/\/doloresibarruribhi.eus\/wp-content\/uploads\/2019\/07\/Karguak-14-15.pdf\" target=\"_blank\" rel=\"noopener noreferrer\">Organizaci\u00f3n<\/a>: Cargos directivos, jefaturas de departamento, tutor\u00edas, etc.<\/li>\n<li>Personal de Administraci\u00f3n y Servicios <a href=\"https:\/\/doloresibarruribhi.eus\/wp-content\/uploads\/2019\/07\/AZL-PAS-14-15.pdf\" target=\"_blank\" rel=\"noopener noreferrer\">PAS<\/a><\/li>\n<li>Composici\u00f3n del <a href=\"https:\/\/doloresibarruribhi.eus\/wp-content\/uploads\/2019\/07\/OOGri-buruzko-datuak-14-15.pdf\" target=\"_blank\" rel=\"noopener noreferrer\">OMR<\/a> y sus comisiones<\/li>\n<li>Junta directiva del <a href=\"https:\/\/doloresibarruribhi.eus\/wp-content\/uploads\/2019\/07\/IGEren-zuzendaritza-batzordea-15-16.pdf\" target=\"_blank\" rel=\"noopener noreferrer\">AMPA<\/a><\/li>\n<\/ul>\n<p>[\/et_pb_accordion_item][et_pb_accordion_item title=\u00bbDatos 2013-2014&#8243; _builder_version=\u00bb4.16&#8243; global_colors_info=\u00bb{}\u00bb open=\u00bboff\u00bb]<\/p>\n<ul>\n<li><a href=\"#\" target=\"_blank\" rel=\"noopener noreferrer\">Datos generales<\/a>: Equipamiento, recursos, etc.<\/li>\n<li><a href=\"https:\/\/doloresibarruribhi.eus\/wp-content\/uploads\/2019\/07\/Institutuko-Karguak-13-14.pdf\" target=\"_blank\" rel=\"noopener noreferrer\">Organizaci\u00f3n<\/a>: Cargos directivos, jefaturas de departamento, tutor\u00edas, etc.<\/li>\n<li>Personal de Administraci\u00f3n y Servicios <a href=\"https:\/\/doloresibarruribhi.eus\/wp-content\/uploads\/2019\/07\/Institutuko-AZL-13-14.pdf\" target=\"_blank\" rel=\"noopener noreferrer\">PAS<\/a><\/li>\n<li>Composici\u00f3n del <a href=\"https:\/\/doloresibarruribhi.eus\/wp-content\/uploads\/2019\/07\/OOGri-buruzko-datuak-13-14.pdf\" target=\"_blank\" rel=\"noopener noreferrer\">OMR<\/a> y sus comisiones<\/li>\n<li>Junta directiva del <a href=\"https:\/\/doloresibarruribhi.eus\/wp-content\/uploads\/2019\/07\/COMPONENTES-AMPA-13-14.pdf\" target=\"_blank\" rel=\"noopener noreferrer\">AMPA<\/a><\/li>\n<\/ul>\n<p>[\/et_pb_accordion_item][et_pb_accordion_item title=\u00bbDatos 2012-2013&#8243; _builder_version=\u00bb4.16&#8243; global_colors_info=\u00bb{}\u00bb open=\u00bboff\u00bb]<\/p>\n<ul>\n<li><a href=\"#\" target=\"_blank\" rel=\"noopener noreferrer\">Datos generales<\/a>: Equipamiento, recursos, etc.<\/li>\n<li><a href=\"https:\/\/doloresibarruribhi.eus\/wp-content\/uploads\/2019\/07\/ID02-Karguak-12-13.pdf\" target=\"_blank\" rel=\"noopener noreferrer\">Organizaci\u00f3n<\/a>: Cargos directivos, jefaturas de departamento, tutor\u00edas, etc.<\/li>\n<li>Personal de Administraci\u00f3n y Servicios <a href=\"https:\/\/doloresibarruribhi.eus\/wp-content\/uploads\/2019\/07\/Institutuko-AZL-13-14.pdf\" target=\"_blank\" rel=\"noopener noreferrer\">PAS<\/a><\/li>\n<li>Composici\u00f3n del <a href=\"https:\/\/doloresibarruribhi.eus\/wp-content\/uploads\/2019\/07\/OOGri-buruzko-datuak-13-14.pdf\" target=\"_blank\" rel=\"noopener noreferrer\">OMR<\/a> y sus comisiones<\/li>\n<li>Junta directiva del <a href=\"#\" target=\"_blank\" rel=\"noopener noreferrer\">AMPA<\/a><\/li>\n<\/ul>\n<p>[\/et_pb_accordion_item][et_pb_accordion_item title=\u00bbDatos 2011-2012&#8243; _builder_version=\u00bb4.16&#8243; global_colors_info=\u00bb{}\u00bb open=\u00bboff\u00bb]<\/p>\n<ul>\n<li><a href=\"https:\/\/doloresibarruribhi.eus\/wp-content\/uploads\/2019\/07\/Institutuari-buruzko-datuak-11-12.pdf\" target=\"_blank\" rel=\"noopener noreferrer\">Datu orokorrak<\/a>: Hornidura, baliabideak, etab.<\/li>\n<li>Antolakuntza: Zuzendaritza taldea, departamentuko buruak, tutoretzak, etab.<\/li>\n<li>Administrazio eta Zerbitzuetako Langileak (<a href=\"https:\/\/doloresibarruribhi.eus\/wp-content\/uploads\/2019\/07\/ID06-AZL-PAS-11-12.pdf\" target=\"_blank\" rel=\"noopener noreferrer\">AZL<\/a>)<\/li>\n<li><a href=\"https:\/\/doloresibarruribhi.eus\/wp-content\/uploads\/2019\/07\/ID07-OOGri-buruzko-datuak-11-12.pdf\" target=\"_blank\" rel=\"noopener noreferrer\">OOG<\/a>ko osaketa eta batzordeak<\/li>\n<li><a href=\"#\" target=\"_blank\" rel=\"noopener noreferrer\">IGE<\/a>ko zuzendaritza batzordea<\/li>\n<\/ul>\n<ul>\n<li><a href=\"https:\/\/doloresibarruribhi.eus\/wp-content\/uploads\/2019\/07\/Institutuari-buruzko-datuak-11-12.pdf\" target=\"_blank\" rel=\"noopener noreferrer\">Datos generales<\/a>: Equipamiento, recursos, etc.<\/li>\n<li>Organizaci\u00f3n: Cargos directivos, jefaturas de departamento, tutor\u00edas, etc.<\/li>\n<li>Personal de Administraci\u00f3n y Servicios <a href=\"https:\/\/doloresibarruribhi.eus\/wp-content\/uploads\/2019\/07\/Institutuko-AZL-13-14.pdf\" target=\"_blank\" rel=\"noopener noreferrer\">PAS<\/a><\/li>\n<li>Composici\u00f3n del <a href=\"https:\/\/doloresibarruribhi.eus\/wp-content\/uploads\/2019\/07\/ID07-OOGri-buruzko-datuak-11-12.pdf\" target=\"_blank\" rel=\"noopener noreferrer\">OMR<\/a> y sus comisiones<\/li>\n<li>Junta directiva del <a href=\"#\" target=\"_blank\" rel=\"noopener noreferrer\">AMPA<\/a><\/li>\n<\/ul>\n<p>[\/et_pb_accordion_item][\/et_pb_accordion][\/et_pb_column][\/et_pb_row][\/et_pb_section]<\/p>\n","protected":false},"excerpt":{"rendered":"<p>DOLORES IBARRURI BHI En este apartado se pueden consultar varios documentos extra\u00eddos del Plan Anual del Centro con los datos m\u00e1s relevantes del instituto. Datos generales: Equipamiento, recursos, etc. Organizaci\u00f3n: Cargos directivos, jefaturas de departamento, tutor\u00edas, etc. Personal de Administraci\u00f3n y Servicios PAS Composici\u00f3n del OMR y sus comisiones Junta directiva del AMPA Datos generales: [&hellip;]<\/p>\n","protected":false},"author":1,"featured_media":0,"parent":0,"menu_order":0,"comment_status":"closed","ping_status":"closed","template":"","meta":{"_et_pb_use_builder":"on","_et_pb_old_content":"","_et_gb_content_width":"","footnotes":""},"class_list":["post-2270","page","type-page","status-publish","hentry"],"_links":{"self":[{"href":"https:\/\/doloresibarruribhi.eus\/es\/wp-json\/wp\/v2\/pages\/2270","targetHints":{"allow":["GET"]}}],"collection":[{"href":"https:\/\/doloresibarruribhi.eus\/es\/wp-json\/wp\/v2\/pages"}],"about":[{"href":"https:\/\/doloresibarruribhi.eus\/es\/wp-json\/wp\/v2\/types\/page"}],"author":[{"embeddable":true,"href":"https:\/\/doloresibarruribhi.eus\/es\/wp-json\/wp\/v2\/users\/1"}],"replies":[{"embeddable":true,"href":"https:\/\/doloresibarruribhi.eus\/es\/wp-json\/wp\/v2\/comments?post=2270"}],"version-history":[{"count":20,"href":"https:\/\/doloresibarruribhi.eus\/es\/wp-json\/wp\/v2\/pages\/2270\/revisions"}],"predecessor-version":[{"id":14022,"href":"https:\/\/doloresibarruribhi.eus\/es\/wp-json\/wp\/v2\/pages\/2270\/revisions\/14022"}],"wp:attachment":[{"href":"https:\/\/doloresibarruribhi.eus\/es\/wp-json\/wp\/v2\/media?parent=2270"}],"curies":[{"name":"wp","href":"https:\/\/api.w.org\/{rel}","templated":true}]}}