{"id":2293,"date":"2019-10-15T13:35:44","date_gmt":"2019-10-15T11:35:44","guid":{"rendered":"https:\/\/doloresibarruribhi.eus\/?page_id=2293"},"modified":"2024-12-19T22:02:18","modified_gmt":"2024-12-19T21:02:18","slug":"medios-de-ordenacion-academica","status":"publish","type":"page","link":"https:\/\/doloresibarruribhi.eus\/es\/medios-de-ordenacion-academica\/","title":{"rendered":"Medios de ordenaci\u00f3n acad\u00e9mica"},"content":{"rendered":"<p>[et_pb_section fb_built=\u00bb1&#8243; fullwidth=\u00bbon\u00bb _builder_version=\u00bb4.16&#8243; custom_padding=\u00bb||0px||false|false\u00bb global_colors_info=\u00bb{}\u00bb][et_pb_fullwidth_post_title meta=\u00bboff\u00bb featured_image=\u00bboff\u00bb _builder_version=\u00bb4.16&#8243; background_image=\u00bbhttps:\/\/doloresibarruribhi.eus\/wp-content\/uploads\/2019\/07\/DoloresIbarruri_Goiburua.png\u00bb global_colors_info=\u00bb{}\u00bb][\/et_pb_fullwidth_post_title][\/et_pb_section][et_pb_section fb_built=\u00bb1&#8243; _builder_version=\u00bb4.16&#8243; custom_padding=\u00bb0px||||false|false\u00bb global_colors_info=\u00bb{}\u00bb][et_pb_row _builder_version=\u00bb4.16&#8243; global_colors_info=\u00bb{}\u00bb][et_pb_column type=\u00bb4_4&#8243; _builder_version=\u00bb4.16&#8243; global_colors_info=\u00bb{}\u00bb][et_pb_text _builder_version=\u00bb4.24.3&#8243; header_font=\u00bb|300|||||||\u00bb header_2_font=\u00bbRaleway||||||||\u00bb header_3_font=\u00bbRaleway||||||||\u00bb hover_enabled=\u00bb0&#8243; header_2_font_tablet=\u00bb\u00bb header_2_font_phone=\u00bb\u00bb header_2_font_last_edited=\u00bbon|desktop\u00bb global_colors_info=\u00bb{}\u00bb sticky_enabled=\u00bb0&#8243;]<\/p>\n<div class=\"portlet-content\">\n<div class=\"portlet-content-container\">\n<div>\n<div id=\"article_68521_3516638_1.0\" class=\"journal-content-article\">\n<p>En este apartado se pueden consultar los documentos que reflejan los medios de ordenaci\u00f3n acad\u00e9mica del instituto.<\/p>\n<ul>\n<li>Proyecto Educativo de Centro (<a href=\"https:\/\/doloresibarruribhi.eus\/wp-content\/uploads\/2019\/11\/PEC-IES-DOLORES-IBARRURI.pdf\" target=\"_blank\" rel=\"noopener noreferrer\">PEC<\/a>).<\/li>\n<li>Curr\u00edculo Educaci\u00f3n B\u00e1sica (<a href=\"https:\/\/doloresibarruribhi.eus\/wp-content\/uploads\/2019\/11\/Curr\u00edculo-Educaci\u00f3n-B\u00e1sica.pdf\" target=\"_blank\" rel=\"noopener noreferrer\">CEB<\/a>).<\/li>\n<li>Proyecto Curricular de Centro (I)CC: En proceso de elaboraci\u00f3n.<\/li>\n<li>Reglamento de Organizaci\u00f3n y Funcionamiento (<a href=\"https:\/\/doloresibarruribhi.eus\/wp-content\/uploads\/2019\/11\/ROF-IES-DOLORES-IBARRURI.pdf\" target=\"_blank\" rel=\"noopener noreferrer\">ROF<\/a>).<\/li>\n<li>Normas de Convivencia (<a href=\"https:\/\/doloresibarruribhi.eus\/wp-content\/uploads\/2021\/10\/Normas-de-Convivencia-IES-DOLORES-IBARRURI_2021-1.pdf\" target=\"_blank\" rel=\"noopener noreferrer\">NC<\/a>):<\/li>\n<\/ul>\n<blockquote>\n<blockquote>\n<blockquote>\n<ul>\n<li><a href=\"https:\/\/doloresibarruribhi.eus\/wp-content\/uploads\/2024\/10\/Ikasleen-ESKUBIDEAK-eta-BETEBEHARRAK-24-25.pdf\" target=\"_blank\" rel=\"noopener noreferrer\">Derechos y deberes<\/a> del alumnado.<\/li>\n<li><a href=\"https:\/\/doloresibarruribhi.eus\/wp-content\/uploads\/2024\/10\/Ikasleen-ESKUBIDEAK-eta-BETEBEHARRAK-24-25.pdf\" target=\"_blank\" rel=\"noopener noreferrer\">Resumen de normativa para el alumnado.<\/a><\/li>\n<li>Resumenes de normativa: <a href=\"https:\/\/doloresibarruribhi.eus\/wp-content\/uploads\/2019\/07\/Procedimiento-de-utilizaci\u00f3n-de-los-armarios-individuales-15-16.pdf\" target=\"_blank\" rel=\"noopener noreferrer\">Armarios individuales<\/a>. <a href=\"https:\/\/doloresibarruribhi.eus\/wp-content\/uploads\/2019\/07\/Normas-convivencia-atenci\u00f3n-sanitaria-15-16.pdf\" target=\"_blank\" rel=\"noopener noreferrer\">Atenci\u00f3n sanitaria.<\/a>. <a href=\"https:\/\/doloresibarruribhi.eus\/wp-content\/uploads\/2019\/07\/Normas-convivencia-comedor-15-16.pdf\" target=\"_blank\" rel=\"noopener noreferrer\">Comedor<\/a>. <a href=\"https:\/\/doloresibarruribhi.eus\/wp-content\/uploads\/2019\/07\/Normas-convivencia-ROF-Ausencias-colectivas-alumnado-15-16.pdf\" target=\"_blank\" rel=\"noopener noreferrer\">Ausencias colectivas<\/a>.<\/li>\n<\/ul>\n<\/blockquote>\n<\/blockquote>\n<\/blockquote>\n<ul>\n<li>Memoria Anual de Centro (<a href=\"https:\/\/doloresibarruribhi.eus\/wp-content\/uploads\/2019\/11\/Memoria-Anual-de-Centro-18-19.pdf\" target=\"_blank\" rel=\"noopener noreferrer\">MAC<\/a>).<\/li>\n<li>Plan Anual de Centro (<a href=\"https:\/\/doloresibarruribhi.eus\/wp-content\/uploads\/2024\/12\/Plan-Anual-de-Centro-24-25-Dolores-Ibarruri-BHI.pdf\" target=\"_blank\" rel=\"noopener noreferrer\">PAC<\/a>).<\/li>\n<li>Plan de Orientaci\u00f3n y Acci\u00f3n Tutorial (<a href=\"https:\/\/doloresibarruribhi.eus\/wp-content\/uploads\/2019\/11\/Ikastetxearen-Urteko-Plana-DOLORES-IBARRURI-BHI-18-19.-Tutoretza.pdf\" target=\"_blank\" rel=\"noopener noreferrer\">POAT<\/a>)<\/li>\n<li>Plan anual de convivencia (<a href=\"https:\/\/doloresibarruribhi.eus\/wp-content\/uploads\/2019\/11\/Plan-Anual-de-Convivencia-14-15.pdf\" target=\"_blank\" rel=\"noopener noreferrer\">PC<\/a>):<\/li>\n<\/ul>\n<blockquote>\n<blockquote>\n<blockquote>\n<ul>\n<li><a href=\"https:\/\/doloresibarruribhi.eus\/wp-content\/uploads\/2019\/07\/Ikastetxearen-Urteko-Plana-DOLORES-IBARRURI-BHI-18-19.-Harrera.pdf\" target=\"_blank\" rel=\"noopener noreferrer\">Plan de acogida<\/a>.<\/li>\n<li><a href=\"https:\/\/doloresibarruribhi.eus\/wp-content\/uploads\/2019\/11\/Proyecto-de-Mediaci\u00f3n-Escolar-11-12.pdf\" target=\"_blank\" rel=\"noopener noreferrer\">Proyecto de mediaci\u00f3n escolar<\/a>.<\/li>\n<\/ul>\n<\/blockquote>\n<\/blockquote>\n<\/blockquote>\n<ul>\n<li>Plan de igualdad (<a href=\"https:\/\/doloresibarruribhi.eus\/wp-content\/uploads\/2019\/11\/Plan-de-Igualdad-13-15-IES-DOLORES-IBARRURI.pdf\" target=\"_blank\" rel=\"noopener noreferrer\">PI<\/a>).<\/li>\n<li>Plan de Atenci\u00f3n a la Diversidad (<a href=\"https:\/\/doloresibarruribhi.eus\/wp-content\/uploads\/2019\/11\/Plan-de-Atenci\u00f3n-a-la-Diversidad-14-15-IES-DOLORES-IBARRURI.pdf\" target=\"_blank\" rel=\"noopener noreferrer\">PAD<\/a>).<\/li>\n<li>Plan Digital de Centro (<a href=\"https:\/\/doloresibarruribhi.eus\/wp-content\/uploads\/2024\/06\/014010-IPD-Dolores-Ibarruri-webgunerako.pdf\" target=\"_blank\" rel=\"noopener\">PDC<\/a>)<\/li>\n<\/ul>\n<\/div>\n<\/div>\n<\/div>\n<\/div>\n<p>[\/et_pb_text][\/et_pb_column][\/et_pb_row][\/et_pb_section]<\/p>\n","protected":false},"excerpt":{"rendered":"<p>En este apartado se pueden consultar los documentos que reflejan los medios de ordenaci\u00f3n acad\u00e9mica del instituto. Proyecto Educativo de Centro (PEC). Curr\u00edculo Educaci\u00f3n B\u00e1sica (CEB). Proyecto Curricular de Centro (I)CC: En proceso de elaboraci\u00f3n. Reglamento de Organizaci\u00f3n y Funcionamiento (ROF). Normas de Convivencia (NC): Derechos y deberes del alumnado. Resumen de normativa para el [&hellip;]<\/p>\n","protected":false},"author":1,"featured_media":0,"parent":0,"menu_order":0,"comment_status":"closed","ping_status":"closed","template":"page-template-fullwidth.php","meta":{"_et_pb_use_builder":"on","_et_pb_old_content":"","_et_gb_content_width":"","footnotes":""},"class_list":["post-2293","page","type-page","status-publish","hentry"],"_links":{"self":[{"href":"https:\/\/doloresibarruribhi.eus\/es\/wp-json\/wp\/v2\/pages\/2293","targetHints":{"allow":["GET"]}}],"collection":[{"href":"https:\/\/doloresibarruribhi.eus\/es\/wp-json\/wp\/v2\/pages"}],"about":[{"href":"https:\/\/doloresibarruribhi.eus\/es\/wp-json\/wp\/v2\/types\/page"}],"author":[{"embeddable":true,"href":"https:\/\/doloresibarruribhi.eus\/es\/wp-json\/wp\/v2\/users\/1"}],"replies":[{"embeddable":true,"href":"https:\/\/doloresibarruribhi.eus\/es\/wp-json\/wp\/v2\/comments?post=2293"}],"version-history":[{"count":14,"href":"https:\/\/doloresibarruribhi.eus\/es\/wp-json\/wp\/v2\/pages\/2293\/revisions"}],"predecessor-version":[{"id":12719,"href":"https:\/\/doloresibarruribhi.eus\/es\/wp-json\/wp\/v2\/pages\/2293\/revisions\/12719"}],"wp:attachment":[{"href":"https:\/\/doloresibarruribhi.eus\/es\/wp-json\/wp\/v2\/media?parent=2293"}],"curies":[{"name":"wp","href":"https:\/\/api.w.org\/{rel}","templated":true}]}}