{"id":2486,"date":"2019-10-16T17:08:18","date_gmt":"2019-10-16T15:08:18","guid":{"rendered":"https:\/\/doloresibarruribhi.eus\/?page_id=2486"},"modified":"2026-04-17T09:37:49","modified_gmt":"2026-04-17T07:37:49","slug":"comedor","status":"publish","type":"page","link":"https:\/\/doloresibarruribhi.eus\/es\/comedor\/","title":{"rendered":"Comedor"},"content":{"rendered":"<p>[et_pb_section fb_built=\u00bb1&#8243; fullwidth=\u00bbon\u00bb _builder_version=\u00bb4.16&#8243; custom_margin=\u00bb||0px||false|false\u00bb custom_padding=\u00bb||0px||false|false\u00bb global_colors_info=\u00bb{}\u00bb][et_pb_fullwidth_post_title meta=\u00bboff\u00bb featured_image=\u00bboff\u00bb _builder_version=\u00bb4.16&#8243; background_image=\u00bbhttps:\/\/doloresibarruribhi.eus\/wp-content\/uploads\/2019\/07\/DoloresIbarruri_Goiburua.png\u00bb global_colors_info=\u00bb{}\u00bb][\/et_pb_fullwidth_post_title][\/et_pb_section][et_pb_section fb_built=\u00bb1&#8243; _builder_version=\u00bb4.16&#8243; custom_margin=\u00bb0px||||false|false\u00bb custom_padding=\u00bb0px||||false|false\u00bb global_colors_info=\u00bb{}\u00bb][et_pb_row column_structure=\u00bb2_3,1_3&#8243; _builder_version=\u00bb4.16&#8243; global_colors_info=\u00bb{}\u00bb][et_pb_column type=\u00bb2_3&#8243; _builder_version=\u00bb4.16&#8243; global_colors_info=\u00bb{}\u00bb][et_pb_text _builder_version=\u00bb4.27.4&#8243; header_font=\u00bb|300|||||||\u00bb header_2_font=\u00bbRaleway||||||||\u00bb header_3_font=\u00bbRaleway||||||||\u00bb hover_enabled=\u00bb0&#8243; header_2_font_tablet=\u00bb\u00bb header_2_font_phone=\u00bb\u00bb header_2_font_last_edited=\u00bbon|desktop\u00bb global_colors_info=\u00bb{}\u00bb sticky_enabled=\u00bb0&#8243;]<\/p>\n<p>El servicio de comedor del IES DOLORES IBARRURI es un servicio complementario que se realiza mediante gesti\u00f3n directa.<\/p>\n<p>Su funcionamiento est\u00e1 regulado por la <a href=\"https:\/\/doloresibarruribhi.eus\/wp-content\/uploads\/2025\/10\/ORDEN-de-9-de-septiembre-de-2024-1.pdf\" target=\"_blank\" rel=\"noopener\">Orden del 09-09-2024, BOPV)<\/a> que se concreta en nuestro centro en los siguientes documentos:<\/p>\n<ul>\n<li><a href=\"https:\/\/doloresibarruribhi.eus\/wp-content\/uploads\/2019\/11\/ROF-IES-DOLORES-IBARRURI.pdf\" target=\"_blank\" rel=\"noopener\">ROF<\/a>, Cap\u00edtulo III, art. 68<\/li>\n<li><a href=\"https:\/\/doloresibarruribhi.eus\/wp-content\/uploads\/2021\/10\/Normas-de-Convivencia-IES-DOLORES-IBARRURI_2021-1.pdf\" target=\"_blank\" rel=\"noopener\">Normas de convivencia<\/a>, Cap\u00edtulo V, Secci\u00f3n II, art. 22 a 28. <a href=\"https:\/\/doloresibarruribhi.eus\/wp-content\/uploads\/2019\/07\/Normas-convivencia-comedor-15-16.pdf\" target=\"_blank\" rel=\"noopener noreferrer\">Resumen<\/a>.<\/li>\n<\/ul>\n<p>MEN\u00daS CURSO ESCOLAR<\/p>\n<ul>\n<li><a href=\"https:\/\/doloresibarruribhi.eus\/wp-content\/uploads\/2026\/04\/Menuak-2026ko-04-apirila.pdf\" target=\"_blank\" rel=\"noopener\">ABRIL<\/a><\/li>\n<li><a href=\"https:\/\/doloresibarruribhi.eus\/wp-content\/uploads\/2026\/04\/Menuak-2026ko-05-maiatza.pdf\" target=\"_blank\" rel=\"noopener\">MAYO<\/a><\/li>\n<li><a href=\"https:\/\/doloresibarruribhi.eus\/wp-content\/uploads\/2026\/04\/Menuak-2026ko-06-ekaina.pdf\" target=\"_blank\" rel=\"noopener\">JUNIO<\/a><\/li>\n<\/ul>\n<p>ALIMENTACI\u00d3N ADECUADA<\/p>\n<ul>\n<li><a href=\"https:\/\/doloresibarruribhi.eus\/wp-content\/uploads\/2025\/10\/Elikadura-egokia.-Gomendioak.pdf\" target=\"_blank\" rel=\"noopener\">INFOGRAF\u00cdA<\/a><\/li>\n<\/ul>\n<p>[\/et_pb_text][et_pb_text _builder_version=\u00bb4.27.4&#8243; header_font=\u00bb|300|||||||\u00bb header_2_font=\u00bbRaleway||||||||\u00bb header_3_font=\u00bbRaleway||||||||\u00bb header_2_font_tablet=\u00bb\u00bb header_2_font_phone=\u00bb\u00bb header_2_font_last_edited=\u00bbon|desktop\u00bb global_colors_info=\u00bb{}\u00bb]<\/p>\n<table>\n<tbody>\n<tr>\n<td width=\"144\"><strong>Arduraduna<\/strong><\/td>\n<td width=\"288\">\n<p style=\"text-align: center;\">Jon I\u00f1aki Carnicero Urra<\/p>\n<\/td>\n<\/tr>\n<tr>\n<td width=\"144\"><strong>Telefonoa<\/strong><\/td>\n<td width=\"288\">\n<p style=\"text-align: center;\">611 800 753<\/p>\n<\/td>\n<\/tr>\n<tr>\n<td width=\"144\"><strong>e-posta<\/strong><\/td>\n<td width=\"288\">\n<p style=\"text-align: center;\"><a href=\"mailto:jantokia@doloresibarruribhi.eus\">jantokia@doloresibarruribhi.eus<\/a><\/p>\n<\/td>\n<\/tr>\n<\/tbody>\n<\/table>\n<p>&nbsp;<\/p>\n<p>[\/et_pb_text][\/et_pb_column][et_pb_column type=\u00bb1_3&#8243; _builder_version=\u00bb4.16&#8243; global_colors_info=\u00bb{}\u00bb][et_pb_divider show_divider=\u00bboff\u00bb _builder_version=\u00bb4.16&#8243; global_colors_info=\u00bb{}\u00bb][\/et_pb_divider][et_pb_image src=\u00bbhttps:\/\/doloresibarruribhi.eus\/wp-content\/uploads\/2025\/10\/Scolarest-LOGO.jpg\u00bb title_text=\u00bbScolarest LOGO\u00bb url=\u00bbhttps:\/\/scolarest.es\/\u00bb url_new_window=\u00bbon\u00bb _builder_version=\u00bb4.27.4&#8243; border_radii=\u00bboff||45px||\u00bb border_width_all=\u00bb1px\u00bb border_color_all=\u00bb#da3739&#8243; border_style_all=\u00bbdashed\u00bb global_colors_info=\u00bb{}\u00bb][\/et_pb_image][\/et_pb_column][\/et_pb_row][et_pb_row _builder_version=\u00bb4.16&#8243; global_colors_info=\u00bb{}\u00bb][et_pb_column type=\u00bb4_4&#8243; _builder_version=\u00bb4.16&#8243; global_colors_info=\u00bb{}\u00bb][et_pb_text _builder_version=\u00bb4.27.4&#8243; header_font=\u00bb|300|||||||\u00bb header_2_font=\u00bbRaleway||||||||\u00bb header_3_font=\u00bbRaleway||||||||\u00bb header_2_font_tablet=\u00bb\u00bb header_2_font_phone=\u00bb\u00bb header_2_font_last_edited=\u00bbon|desktop\u00bb global_colors_info=\u00bb{}\u00bb]<\/p>\n<h2>COMIDAS<\/h2>\n<p>Lunes, martes, mi\u00e9rcoles, jueves y viernes<\/p>\n<table>\n<tbody>\n<tr>\n<td width=\"108\">\n<p style=\"text-align: center;\"><strong>Turno<\/strong><\/p>\n<\/td>\n<td width=\"204\">\n<p style=\"text-align: center;\"><strong>Hora<\/strong><\/p>\n<\/td>\n<td width=\"206\">\n<p style=\"text-align: center;\"><strong>Grupo<\/strong><\/p>\n<\/td>\n<\/tr>\n<tr>\n<td width=\"108\">\n<p style=\"text-align: center;\">\u00danico<\/p>\n<\/td>\n<td width=\"204\">\n<p style=\"text-align: center;\">De 14:30 a 15:00<\/p>\n<\/td>\n<td width=\"206\">\n<p style=\"text-align: center;\">Todos los grupos<\/p>\n<\/td>\n<\/tr>\n<\/tbody>\n<\/table>\n<p>&nbsp;<\/p>\n<p>[\/et_pb_text][\/et_pb_column][\/et_pb_row][et_pb_row column_structure=\u00bb1_3,1_3,1_3&#8243; _builder_version=\u00bb4.16&#8243; global_colors_info=\u00bb{}\u00bb][et_pb_column type=\u00bb1_3&#8243; _builder_version=\u00bb4.16&#8243; global_colors_info=\u00bb{}\u00bb][\/et_pb_column][et_pb_column type=\u00bb1_3&#8243; _builder_version=\u00bb4.16&#8243; global_colors_info=\u00bb{}\u00bb][et_pb_cta title=\u00bbINSTRUCCIONES\u00bb button_url=\u00bbhttps:\/\/doloresibarruribhi.eus\/wp-content\/uploads\/2025\/10\/Gurasoentzako-komunikazioa.-Ikasturte-hasiera-25-26_gazt.pdf\u00bb url_new_window=\u00bbon\u00bb button_text=\u00bbVer\u00bb _builder_version=\u00bb4.27.4&#8243; header_text_color=\u00bb#da3739&#8243; header_font_size=\u00bb1.4em\u00bb header_line_height=\u00bb1.7em\u00bb body_text_color=\u00bb#ffffff\u00bb background_color=\u00bb#FFFFFF\u00bb custom_button=\u00bbon\u00bb button_text_size=\u00bb1.4em\u00bb button_text_color=\u00bb#ffffff\u00bb button_bg_color=\u00bb#da3739&#8243; border_radii=\u00bboff|45px|45px||\u00bb border_width_all=\u00bb1px\u00bb border_color_all=\u00bb#da3739&#8243; border_style_all=\u00bbdashed\u00bb global_colors_info=\u00bb{}\u00bb][\/et_pb_cta][\/et_pb_column][et_pb_column type=\u00bb1_3&#8243; _builder_version=\u00bb4.16&#8243; global_colors_info=\u00bb{}\u00bb][\/et_pb_column][\/et_pb_row][\/et_pb_section]<\/p>\n","protected":false},"excerpt":{"rendered":"<p>El servicio de comedor del IES DOLORES IBARRURI es un servicio complementario que se realiza mediante gesti\u00f3n directa. Su funcionamiento est\u00e1 regulado por la Orden del 09-09-2024, BOPV) que se concreta en nuestro centro en los siguientes documentos: ROF, Cap\u00edtulo III, art. 68 Normas de convivencia, Cap\u00edtulo V, Secci\u00f3n II, art. 22 a 28. Resumen. [&hellip;]<\/p>\n","protected":false},"author":1,"featured_media":0,"parent":0,"menu_order":0,"comment_status":"closed","ping_status":"closed","template":"page-template-fullwidth.php","meta":{"_et_pb_use_builder":"on","_et_pb_old_content":"","_et_gb_content_width":"","footnotes":""},"class_list":["post-2486","page","type-page","status-publish","hentry"],"_links":{"self":[{"href":"https:\/\/doloresibarruribhi.eus\/es\/wp-json\/wp\/v2\/pages\/2486","targetHints":{"allow":["GET"]}}],"collection":[{"href":"https:\/\/doloresibarruribhi.eus\/es\/wp-json\/wp\/v2\/pages"}],"about":[{"href":"https:\/\/doloresibarruribhi.eus\/es\/wp-json\/wp\/v2\/types\/page"}],"author":[{"embeddable":true,"href":"https:\/\/doloresibarruribhi.eus\/es\/wp-json\/wp\/v2\/users\/1"}],"replies":[{"embeddable":true,"href":"https:\/\/doloresibarruribhi.eus\/es\/wp-json\/wp\/v2\/comments?post=2486"}],"version-history":[{"count":15,"href":"https:\/\/doloresibarruribhi.eus\/es\/wp-json\/wp\/v2\/pages\/2486\/revisions"}],"predecessor-version":[{"id":14903,"href":"https:\/\/doloresibarruribhi.eus\/es\/wp-json\/wp\/v2\/pages\/2486\/revisions\/14903"}],"wp:attachment":[{"href":"https:\/\/doloresibarruribhi.eus\/es\/wp-json\/wp\/v2\/media?parent=2486"}],"curies":[{"name":"wp","href":"https:\/\/api.w.org\/{rel}","templated":true}]}}