{"id":2525,"date":"2019-10-16T17:38:19","date_gmt":"2019-10-16T15:38:19","guid":{"rendered":"https:\/\/doloresibarruribhi.eus\/?page_id=2525"},"modified":"2026-02-09T10:03:59","modified_gmt":"2026-02-09T09:03:59","slug":"hedatze","status":"publish","type":"page","link":"https:\/\/doloresibarruribhi.eus\/es\/hedatze\/","title":{"rendered":"HEDATZE"},"content":{"rendered":"<p>[et_pb_section fb_built=\u00bb1&#8243; fullwidth=\u00bbon\u00bb _builder_version=\u00bb4.16&#8243; custom_margin=\u00bb||0px||false|false\u00bb custom_padding=\u00bb||0px||false|false\u00bb global_colors_info=\u00bb{}\u00bb][et_pb_fullwidth_post_title meta=\u00bboff\u00bb featured_image=\u00bboff\u00bb _builder_version=\u00bb4.16&#8243; background_image=\u00bbhttps:\/\/doloresibarruribhi.eus\/wp-content\/uploads\/2019\/07\/DoloresIbarruri_Goiburua.png\u00bb global_colors_info=\u00bb{}\u00bb][\/et_pb_fullwidth_post_title][\/et_pb_section][et_pb_section fb_built=\u00bb1&#8243; _builder_version=\u00bb4.16&#8243; custom_margin=\u00bb0px||||false|false\u00bb custom_padding=\u00bb0px||||false|false\u00bb global_colors_info=\u00bb{}\u00bb][et_pb_row column_structure=\u00bb1_2,1_2&#8243; _builder_version=\u00bb4.16&#8243; global_colors_info=\u00bb{}\u00bb][et_pb_column type=\u00bb1_2&#8243; _builder_version=\u00bb4.16&#8243; global_colors_info=\u00bb{}\u00bb][et_pb_cta button_url=\u00bbhttps:\/\/doloresibarruribhi.eus\/wp-content\/uploads\/2026\/02\/OTSAILA-HEDATZE-TAIL-TAULA.docx.pdf\u00bb url_new_window=\u00bbon\u00bb button_text=\u00bbTalleres de Febrero\u00bb _builder_version=\u00bb4.27.4&#8243; header_text_color=\u00bb#da3739&#8243; header_font_size=\u00bb1.4em\u00bb header_line_height=\u00bb1.7em\u00bb body_text_color=\u00bb#ffffff\u00bb background_color=\u00bb#FFFFFF\u00bb custom_button=\u00bbon\u00bb button_text_size=\u00bb1.4em\u00bb button_text_color=\u00bb#ffffff\u00bb button_bg_color=\u00bb#da3739&#8243; hover_enabled=\u00bb0&#8243; border_radii=\u00bboff|45px|45px||\u00bb border_width_all=\u00bb1px\u00bb border_color_all=\u00bb#da3739&#8243; border_style_all=\u00bbdashed\u00bb global_colors_info=\u00bb{}\u00bb sticky_enabled=\u00bb0&#8243;][\/et_pb_cta][et_pb_image src=\u00bbhttps:\/\/doloresibarruribhi.eus\/wp-content\/uploads\/2025\/10\/kartela.jpg\u00bb title_text=\u00bbkartela\u00bb url=\u00bbhttps:\/\/doloresibarruribhi.eus\/wp-content\/uploads\/2025\/10\/Hedatze-tailerrak-diseinuaren-kopia.pdf\u00bb url_new_window=\u00bbon\u00bb _builder_version=\u00bb4.27.4&#8243; _module_preset=\u00bbdefault\u00bb global_colors_info=\u00bb{}\u00bb][\/et_pb_image][\/et_pb_column][et_pb_column type=\u00bb1_2&#8243; _builder_version=\u00bb4.16&#8243; global_colors_info=\u00bb{}\u00bb][et_pb_text _builder_version=\u00bb4.17.6&#8243; header_font=\u00bb|300|||||||\u00bb header_2_font=\u00bbRaleway||||||||\u00bb header_3_font=\u00bbRaleway||||||||\u00bb header_2_font_tablet=\u00bb\u00bb header_2_font_phone=\u00bb\u00bb header_2_font_last_edited=\u00bbon|desktop\u00bb global_colors_info=\u00bb{}\u00bb]<\/p>\n<h2 style=\"text-align: justify;\">\u00bfQu\u00e9 objetivos persigue?<\/h2>\n<ul>\n<li style=\"text-align: justify;\">Ampliar la oferta educativa con el objetivo de mejorar la equidad y la excelencia del centro educativo:\n<ul>\n<li style=\"text-align: justify;\">Ofreciendo una atenci\u00f3n m\u00e1s adaptada al alumnado con dificultades socioecon\u00f3micas.<\/li>\n<li>Facilitando herramientas y estrategias al alumnado con dificultades de aprendizaje o integraci\u00f3n.<\/li>\n<li style=\"text-align: justify;\">Haciendo posible la excelencia al ofrecer oportunidades a los alumnos y las alumnas que deseen profundizar fuera del trabajo en el aula.<\/li>\n<li style=\"text-align: justify;\">Promoviendo que el alumnado interiorice el h\u00e1bito de estudio priorizando la competencia aprender a aprender.eres eta beharren arabera jarduerak eskainiz.<\/li>\n<\/ul>\n<\/li>\n<li style=\"text-align: justify;\">Ofrecer recursos que permitan el desarrollo de la autonom\u00eda y las competencias de los alumnos y alumnas, ofreciendo actividades seg\u00fan sus intereses y necesidades.<\/li>\n<li style=\"text-align: justify;\">Profundizar en el camino del pluriling\u00fcismo ofreciendo dentro del horario escolar m\u00e1s idiomas y dando la oportunidad de trabajar la oralidad. Desarrollo \u00edntegro del Plan Lector.<\/li>\n<li style=\"text-align: justify;\">Ofrecer recursos para poder realizar los deberes y trabajos en grupo, tambi\u00e9n la ayuda en casos necesarios.<\/li>\n<li style=\"text-align: justify;\">Facilitar la integraci\u00f3n del alumnado y mediante la actividad f\u00edsica consolidar la interiorizaci\u00f3n de h\u00e1bitos saludables.<\/li>\n<li style=\"text-align: justify;\">Ayudar al alumnado con dificultades a superar las asignaturas, aumentando el refuerzo educativo y facilitando el itinerario educativo<\/li>\n<li>Seguir mejorando el ambiente escolar y la convivencia fortaleciendo las relaciones entre el alumnado, familias y profesorado y tambi\u00e9n reforzando la formaci\u00f3n de nuestros Ikasle laguntzaileak.<\/li>\n<\/ul>\n<p>[\/et_pb_text][\/et_pb_column][\/et_pb_row][et_pb_row _builder_version=\u00bb4.16&#8243; custom_margin=\u00bb||0px||false|false\u00bb custom_padding=\u00bb||0px||false|false\u00bb global_colors_info=\u00bb{}\u00bb][et_pb_column type=\u00bb4_4&#8243; _builder_version=\u00bb4.16&#8243; global_colors_info=\u00bb{}\u00bb][et_pb_text module_class=\u00bbdolores\u00bb _builder_version=\u00bb4.17.6&#8243; global_colors_info=\u00bb{}\u00bb]<\/p>\n<h1>OFERTA DE TALLERES Y HOJA DE INSCRIPCI\u00d3N:<\/h1>\n<p>[\/et_pb_text][\/et_pb_column][\/et_pb_row][\/et_pb_section][et_pb_section fb_built=\u00bb1&#8243; _builder_version=\u00bb4.16&#8243; custom_margin=\u00bb0px||||false|false\u00bb custom_padding=\u00bb0px||||false|false\u00bb global_colors_info=\u00bb{}\u00bb][et_pb_row _builder_version=\u00bb4.16&#8243; global_colors_info=\u00bb{}\u00bb][et_pb_column type=\u00bb4_4&#8243; _builder_version=\u00bb4.16&#8243; global_colors_info=\u00bb{}\u00bb][et_pb_tabs _builder_version=\u00bb4.27.4&#8243; border_radii=\u00bboff||45px||\u00bb border_color_all=\u00bb#da3739&#8243; border_style_all=\u00bbdashed\u00bb global_colors_info=\u00bb{}\u00bb][et_pb_tab title=\u00bbOFERTA DE TALLERES CURSO 2025-2026&#8243; _builder_version=\u00bb4.27.4&#8243; link_option_url=\u00bbhttps:\/\/doloresibarruribhi.eus\/wp-content\/uploads\/2022\/10\/PLANIFIKAZIOA-Errefortzu-Tailerrak-2022-23-Gurasoak-Proposamena_gazt.pdf\u00bb link_option_url_new_window=\u00bbon\u00bb global_colors_info=\u00bb{}\u00bb]<\/p>\n<p><a class=\"icon-button download-icon\" href=\"https:\/\/doloresibarruribhi.eus\/wp-content\/uploads\/2025\/10\/Planifikazioa_Gazteleraz.pdf\" target=\"_blank\" rel=\"noopener noreferrer\"><img loading=\"lazy\" decoding=\"async\" class=\"aligncenter wp-image-13934 size-full\" src=\"https:\/\/doloresibarruribhi.eus\/wp-content\/uploads\/2025\/10\/hedatze-gazt.png\" alt=\"\" width=\"1073\" height=\"676\" srcset=\"https:\/\/doloresibarruribhi.eus\/wp-content\/uploads\/2025\/10\/hedatze-gazt.png 1073w, https:\/\/doloresibarruribhi.eus\/wp-content\/uploads\/2025\/10\/hedatze-gazt-300x189.png 300w, https:\/\/doloresibarruribhi.eus\/wp-content\/uploads\/2025\/10\/hedatze-gazt-1024x645.png 1024w, https:\/\/doloresibarruribhi.eus\/wp-content\/uploads\/2025\/10\/hedatze-gazt-768x484.png 768w\" sizes=\"(max-width: 1073px) 100vw, 1073px\" \/><\/a><\/p>\n<p>[\/et_pb_tab][et_pb_tab title=\u00bbHOJAS DE INSCRIPCI\u00d3N Y COMPROMISO DE COLABORACI\u00d3N CON LAS FAMILIAS\u00bb _builder_version=\u00bb4.27.4&#8243; link_option_url=\u00bbhttps:\/\/doloresibarruribhi.eus\/wp-content\/uploads\/2022\/10\/Tailerren-Proiektuaren-konpromisoa-eta-parte-hartzea-2022-23.pdf\u00bb link_option_url_new_window=\u00bbon\u00bb global_colors_info=\u00bb{}\u00bb]<\/p>\n<p><a class=\"icon-button download-icon\" href=\"https:\/\/doloresibarruribhi.eus\/wp-content\/uploads\/2025\/10\/25-26-HEDATZE-Proiektuaren-konpromisoa-eta-parte-hartzea-.docx-fitxategiaren-kopia.docx.pdf\" target=\"_blank\" rel=\"noopener noreferrer\"><img loading=\"lazy\" decoding=\"async\" class=\"aligncenter wp-image-14209 size-full\" src=\"https:\/\/doloresibarruribhi.eus\/wp-content\/uploads\/2025\/10\/konpromisoa.jpg\" alt=\"\" width=\"949\" height=\"485\" srcset=\"https:\/\/doloresibarruribhi.eus\/wp-content\/uploads\/2025\/10\/konpromisoa.jpg 949w, https:\/\/doloresibarruribhi.eus\/wp-content\/uploads\/2025\/10\/konpromisoa-300x153.jpg 300w, https:\/\/doloresibarruribhi.eus\/wp-content\/uploads\/2025\/10\/konpromisoa-768x392.jpg 768w\" sizes=\"(max-width: 949px) 100vw, 949px\" \/><\/a><\/p>\n<p>[\/et_pb_tab][\/et_pb_tabs][\/et_pb_column][\/et_pb_row][\/et_pb_section]<\/p>\n","protected":false},"excerpt":{"rendered":"<p>\u00bfQu\u00e9 objetivos persigue? Ampliar la oferta educativa con el objetivo de mejorar la equidad y la excelencia del centro educativo: Ofreciendo una atenci\u00f3n m\u00e1s adaptada al alumnado con dificultades socioecon\u00f3micas. Facilitando herramientas y estrategias al alumnado con dificultades de aprendizaje o integraci\u00f3n. Haciendo posible la excelencia al ofrecer oportunidades a los alumnos y las alumnas [&hellip;]<\/p>\n","protected":false},"author":1,"featured_media":0,"parent":0,"menu_order":0,"comment_status":"closed","ping_status":"closed","template":"page-template-fullwidth.php","meta":{"_et_pb_use_builder":"on","_et_pb_old_content":"","_et_gb_content_width":"","footnotes":""},"class_list":["post-2525","page","type-page","status-publish","hentry"],"_links":{"self":[{"href":"https:\/\/doloresibarruribhi.eus\/es\/wp-json\/wp\/v2\/pages\/2525","targetHints":{"allow":["GET"]}}],"collection":[{"href":"https:\/\/doloresibarruribhi.eus\/es\/wp-json\/wp\/v2\/pages"}],"about":[{"href":"https:\/\/doloresibarruribhi.eus\/es\/wp-json\/wp\/v2\/types\/page"}],"author":[{"embeddable":true,"href":"https:\/\/doloresibarruribhi.eus\/es\/wp-json\/wp\/v2\/users\/1"}],"replies":[{"embeddable":true,"href":"https:\/\/doloresibarruribhi.eus\/es\/wp-json\/wp\/v2\/comments?post=2525"}],"version-history":[{"count":26,"href":"https:\/\/doloresibarruribhi.eus\/es\/wp-json\/wp\/v2\/pages\/2525\/revisions"}],"predecessor-version":[{"id":14612,"href":"https:\/\/doloresibarruribhi.eus\/es\/wp-json\/wp\/v2\/pages\/2525\/revisions\/14612"}],"wp:attachment":[{"href":"https:\/\/doloresibarruribhi.eus\/es\/wp-json\/wp\/v2\/media?parent=2525"}],"curies":[{"name":"wp","href":"https:\/\/api.w.org\/{rel}","templated":true}]}}