{"id":2549,"date":"2019-10-16T17:45:31","date_gmt":"2019-10-16T15:45:31","guid":{"rendered":"https:\/\/doloresibarruribhi.eus\/?page_id=2549"},"modified":"2022-05-02T16:42:57","modified_gmt":"2022-05-02T14:42:57","slug":"normalizacion-linguistica","status":"publish","type":"page","link":"https:\/\/doloresibarruribhi.eus\/es\/normalizacion-linguistica\/","title":{"rendered":"Normalizaci\u00f3n ling\u00fc\u00edstica"},"content":{"rendered":"<p>[et_pb_section fb_built=\u00bb1&#8243; fullwidth=\u00bbon\u00bb _builder_version=\u00bb3.26&#8243; custom_margin=\u00bb||0px||false|false\u00bb custom_padding=\u00bb||0px||false|false\u00bb global_colors_info=\u00bb{}\u00bb][et_pb_fullwidth_post_title meta=\u00bboff\u00bb featured_image=\u00bboff\u00bb _builder_version=\u00bb3.26&#8243; background_image=\u00bbhttps:\/\/doloresibarruribhi.eus\/wp-content\/uploads\/2019\/07\/DoloresIbarruri_Goiburua.png\u00bb global_colors_info=\u00bb{}\u00bb][\/et_pb_fullwidth_post_title][\/et_pb_section][et_pb_section fb_built=\u00bb1&#8243; _builder_version=\u00bb3.26&#8243; custom_margin=\u00bb0px||||false|false\u00bb custom_padding=\u00bb0px||||false|false\u00bb global_colors_info=\u00bb{}\u00bb][et_pb_row _builder_version=\u00bb3.26&#8243; custom_margin=\u00bb||0px||false|false\u00bb custom_padding=\u00bb||0px||false|false\u00bb global_colors_info=\u00bb{}\u00bb][et_pb_column type=\u00bb4_4&#8243; _builder_version=\u00bb3.26&#8243; global_colors_info=\u00bb{}\u00bb][et_pb_text module_class=\u00bbdolores\u00bb _builder_version=\u00bb4.14.7&#8243; global_colors_info=\u00bb{}\u00bb]<\/p>\n<div class=\"portlet-content\">\n<div class=\"portlet-content-container\">\n<div>\n<div id=\"article_68521_1457909_1.0\" class=\"journal-content-article\">\n<p>Es un proyecto que est\u00e1 en marcha en nuestro centro desde hace a\u00f1os. El objetivo es impulsar el uso del euskera en todos los \u00e1mbitos del centro. Para ello se organizan diferentes actividades a lo largo del curso. Para llevar a cabo estas actividades alumnos y profesores trabajan conjuntamente a trav\u00e9s de comisiones de promoci\u00f3n del euskera.<\/p>\n<p>Tambi\u00e9n participamos en las iniciativas que propone el Ayuntamiento y los diferentes grupos de la localidad, ya que consideramos muy importante extender el uso de nuestra lengua fuera del instituto. Entre ellos, la semana cultural vasca, el concurso de Piropo, los concursos literarios, el concurso del Olentzero txiki, el D\u00eda del Euskera, etc.<\/p>\n<p>Por otra parte, algunas de las actividades que organizamos desde nuestra comisi\u00f3n son: Radio marat\u00f3n, programa Bertsogintza, diferentes sesiones de bertsos, charlas, Santa \u00c1gueda, semana vasca (conciertos, campeonatos, herri kirolak, taller de talos, euskal dantzak, etc.)<\/p>\n<p>Uno de nuestros objetivos es acercar a los padres y madres al mundo vasco, para lo cual organizamos charlas y ampliamos la informaci\u00f3n sobre las diferentes v\u00edas de aprendizaje del euskera.<\/p>\n<\/div>\n<\/div>\n<\/div>\n<\/div>\n<p>[\/et_pb_text][\/et_pb_column][\/et_pb_row][et_pb_row column_structure=\u00bb1_2,1_2&#8243; _builder_version=\u00bb3.26&#8243; global_colors_info=\u00bb{}\u00bb][et_pb_column type=\u00bb1_2&#8243; _builder_version=\u00bb3.26&#8243; global_colors_info=\u00bb{}\u00bb][et_pb_cta _builder_version=\u00bb3.26&#8243; border_radii=\u00bboff||45px||\u00bb border_color_all=\u00bb#da3739&#8243; border_style_all=\u00bbdashed\u00bb global_colors_info=\u00bb{}\u00bb]<\/p>\n<p style=\"text-align: center;\">DOLORES IBARRURI Institutuko IRRATIA<\/p>\n<p>&nbsp;<\/p>\n<h1 style=\"text-align: center;\">FM 104.8<\/h1>\n<p>[\/et_pb_cta][\/et_pb_column][et_pb_column type=\u00bb1_2&#8243; _builder_version=\u00bb3.26&#8243; global_colors_info=\u00bb{}\u00bb][et_pb_text _builder_version=\u00bb3.27.4&#8243; header_font=\u00bb|300|||||||\u00bb header_2_font=\u00bbRaleway||||||||\u00bb header_3_font=\u00bbRaleway||||||||\u00bb header_2_font_tablet=\u00bb\u00bb header_2_font_phone=\u00bb\u00bb header_2_font_last_edited=\u00bbon|desktop\u00bb border_radii=\u00bboff||45px||\u00bb border_width_all=\u00bb1px\u00bb border_color_all=\u00bb#da3739&#8243; border_style_all=\u00bbdashed\u00bb global_colors_info=\u00bb{}\u00bb]<iframe loading=\"lazy\" src=\"http:\/\/www.youtube.com\/embed\/HqFtPZFUwRU?rel=0\" width=\"420\" height=\"315\" frameborder=\"0\" data-mce-fragment=\"1\"><\/iframe>[\/et_pb_text][\/et_pb_column][\/et_pb_row][et_pb_row _builder_version=\u00bb4.11.1&#8243; _module_preset=\u00bbdefault\u00bb locked=\u00bboff\u00bb global_colors_info=\u00bb{}\u00bb][et_pb_column type=\u00bb4_4&#8243; _builder_version=\u00bb4.11.1&#8243; _module_preset=\u00bbdefault\u00bb global_colors_info=\u00bb{}\u00bb][et_pb_text admin_label=\u00bbNOTICIAS SOBRE NORMALIZACI\u00d3N LINGU\u00cdSTICA\u00bb _builder_version=\u00bb4.14.7&#8243; _module_preset=\u00bbdefault\u00bb background_color=\u00bbRGBA(0,0,0,0)\u00bb hover_enabled=\u00bb0&#8243; border_width_all=\u00bb1px\u00bb border_color_all=\u00bb#da3739&#8243; border_width_top=\u00bb0px\u00bb border_width_right=\u00bb0px\u00bb border_width_left=\u00bb0px\u00bb global_colors_info=\u00bb{}\u00bb sticky_enabled=\u00bb0&#8243;]<\/p>\n<h5>NOTICIAS SOBRE NORMALIZACI\u00d3N LINGU\u00cdSTICA<\/h5>\n<p>[\/et_pb_text][et_pb_blog fullwidth=\u00bboff\u00bb include_categories=\u00bb71&#8243; _builder_version=\u00bb4.14.7&#8243; _module_preset=\u00bbdefault\u00bb global_colors_info=\u00bb{}\u00bb][\/et_pb_blog][\/et_pb_column][\/et_pb_row][\/et_pb_section]<\/p>\n","protected":false},"excerpt":{"rendered":"<p>Es un proyecto que est\u00e1 en marcha en nuestro centro desde hace a\u00f1os. El objetivo es impulsar el uso del euskera en todos los \u00e1mbitos del centro. Para ello se organizan diferentes actividades a lo largo del curso. Para llevar a cabo estas actividades alumnos y profesores trabajan conjuntamente a trav\u00e9s de comisiones de promoci\u00f3n [&hellip;]<\/p>\n","protected":false},"author":1,"featured_media":0,"parent":0,"menu_order":0,"comment_status":"closed","ping_status":"closed","template":"page-template-fullwidth.php","meta":{"_et_pb_use_builder":"on","_et_pb_old_content":"","_et_gb_content_width":"","footnotes":""},"class_list":["post-2549","page","type-page","status-publish","hentry"],"_links":{"self":[{"href":"https:\/\/doloresibarruribhi.eus\/es\/wp-json\/wp\/v2\/pages\/2549","targetHints":{"allow":["GET"]}}],"collection":[{"href":"https:\/\/doloresibarruribhi.eus\/es\/wp-json\/wp\/v2\/pages"}],"about":[{"href":"https:\/\/doloresibarruribhi.eus\/es\/wp-json\/wp\/v2\/types\/page"}],"author":[{"embeddable":true,"href":"https:\/\/doloresibarruribhi.eus\/es\/wp-json\/wp\/v2\/users\/1"}],"replies":[{"embeddable":true,"href":"https:\/\/doloresibarruribhi.eus\/es\/wp-json\/wp\/v2\/comments?post=2549"}],"version-history":[{"count":8,"href":"https:\/\/doloresibarruribhi.eus\/es\/wp-json\/wp\/v2\/pages\/2549\/revisions"}],"predecessor-version":[{"id":8717,"href":"https:\/\/doloresibarruribhi.eus\/es\/wp-json\/wp\/v2\/pages\/2549\/revisions\/8717"}],"wp:attachment":[{"href":"https:\/\/doloresibarruribhi.eus\/es\/wp-json\/wp\/v2\/media?parent=2549"}],"curies":[{"name":"wp","href":"https:\/\/api.w.org\/{rel}","templated":true}]}}