{"id":2556,"date":"2019-10-16T17:50:24","date_gmt":"2019-10-16T15:50:24","guid":{"rendered":"https:\/\/doloresibarruribhi.eus\/?page_id=2556"},"modified":"2019-10-17T13:52:32","modified_gmt":"2019-10-17T11:52:32","slug":"convivencia","status":"publish","type":"page","link":"https:\/\/doloresibarruribhi.eus\/es\/convivencia\/","title":{"rendered":"Convivencia"},"content":{"rendered":"<p>[et_pb_section fb_built=\u00bb1&#8243; fullwidth=\u00bbon\u00bb _builder_version=\u00bb3.26&#8243; custom_margin=\u00bb||0px||false|false\u00bb custom_padding=\u00bb||0px||false|false\u00bb][et_pb_fullwidth_post_title meta=\u00bboff\u00bb featured_image=\u00bboff\u00bb _builder_version=\u00bb3.26&#8243; background_image=\u00bbhttps:\/\/doloresibarruribhi.eus\/wp-content\/uploads\/2019\/07\/DoloresIbarruri_Goiburua.png\u00bb][\/et_pb_fullwidth_post_title][\/et_pb_section][et_pb_section fb_built=\u00bb1&#8243; _builder_version=\u00bb3.26&#8243; custom_margin=\u00bb0px||||false|false\u00bb custom_padding=\u00bb0px||||false|false\u00bb][et_pb_row custom_padding=\u00bb||0px||false|false\u00bb custom_margin=\u00bb||0px||false|false\u00bb _builder_version=\u00bb3.26&#8243;][et_pb_column type=\u00bb4_4&#8243; _builder_version=\u00bb3.26&#8243;][et_pb_text module_class=\u00bbdolores\u00bb _builder_version=\u00bb3.26&#8243;]<\/p>\n<p style=\"text-align: justify;\">En el IES Dolores Ibarruri entendemos la convivencia como el entramado de relaciones interpersonales que se dan en un entorno inclusivo, donde cada persona se sienta reconocida con posibilidades de participar y crecer. Relaciones basadas en la escucha, el respeto y la empat\u00eda, donde el di\u00e1logo sea el medio de afrontar el conflicto, entendido este como una posibilidad de aprendizaje. No obstante, como toda instituci\u00f3n tiene que regirse por unas normas, priorizamos un modelo normativo basado en la justicia, que diferencia las personas de los problemas.<\/p>\n<p style=\"text-align: justify;\">Nuestro Plan de Convivencia, teniendo en cuenta los derechos y deberes del alumnado recoge las normas de convivencia especificando las medidas preventivas y las correcciones o medidas disciplinarias que se aplicar\u00edan en el caso de que se detecte el incumplimiento de las mismas.<\/p>\n<p style=\"text-align: justify;\">De acuerdo con el planteamiento realizado en el mencionado plan, adem\u00e1s de la normativa llevamos a cabo otra serie de actuaciones participativas para mejorar la convivencia:<\/p>\n<h2 style=\"text-align: justify;\">Programa Ikasle Laguntzaile<\/h2>\n<p style=\"text-align: justify;\">Este programa trata de capacitar a un grupo voluntario de alumnado de ESO y Bachillerato en habilidades sociales y resoluci\u00f3n de conflictos para que detecten los problemas surgidos entre sus iguales y les faciliten la ayuda y el apoyo para solucionarlos. En este <a href=\"https:\/\/doloresibarruribhi.eus\/wp-content\/uploads\/2019\/08\/Ikasle-Laguntzaileak-Diptikoa.pdf\" target=\"_blank\" rel=\"noopener noreferrer\">d\u00edptico<\/a> se resumen las caracter\u00edsticas del programa.<\/p>\n<p style=\"text-align: justify;\"><a href=\"https:\/\/doloresibarruribhi.eus\/wp-content\/uploads\/2019\/08\/IKASLE-LAGUNTZAILEEN-PROGRAMA-12-13.pdf\" target=\"_blank\" rel=\"noopener noreferrer\">Presentaci\u00f3n<\/a> del programa.<\/p>\n<p>[\/et_pb_text][\/et_pb_column][\/et_pb_row][et_pb_row column_structure=\u00bb1_2,1_2&#8243; custom_padding=\u00bb||0px||false|false\u00bb custom_margin=\u00bb||0px||false|false\u00bb _builder_version=\u00bb3.26&#8243;][et_pb_column type=\u00bb1_2&#8243; _builder_version=\u00bb3.26&#8243;][et_pb_text module_class=\u00bbdolores\u00bb _builder_version=\u00bb3.26&#8243;]<\/p>\n<h2 align=\"justify\">Zer da ikasle laguntzaile bat?<\/h2>\n<p align=\"justify\">EITBko ILARGIPEAN saioan 2011\/04\/18an egindako elkarrizketa Maialen Pastor, Unai Pereiras eta Lohitzune Ganboa ikasleekin.<\/p>\n<p>[\/et_pb_text][\/et_pb_column][et_pb_column type=\u00bb1_2&#8243; _builder_version=\u00bb3.26&#8243;][et_pb_text module_class=\u00bbdolores\u00bb _builder_version=\u00bb3.26&#8243; border_radii=\u00bboff||45px||\u00bb border_width_all=\u00bb1px\u00bb border_color_all=\u00bb#da3739&#8243; border_style_all=\u00bbdashed\u00bb]<iframe loading=\"lazy\" src=\"http:\/\/www.youtube.com\/embed\/57bxC8owDIg?rel=0\" width=\"560\" height=\"315\" frameborder=\"0\" data-mce-fragment=\"1\"><\/iframe>[\/et_pb_text][\/et_pb_column][\/et_pb_row][et_pb_row custom_padding=\u00bb||0px||false|false\u00bb custom_margin=\u00bb||0px||false|false\u00bb _builder_version=\u00bb3.26&#8243;][et_pb_column type=\u00bb4_4&#8243; _builder_version=\u00bb3.26&#8243;][et_pb_text module_class=\u00bbdolores\u00bb _builder_version=\u00bb3.26&#8243;]<\/p>\n<h2>Proyecto de Mediaci\u00f3n Escolar<\/h2>\n<p style=\"text-align: justify;\">Entendemos la mediaci\u00f3n como una forma de resolver los conflictos entre dos o m\u00e1s personas, con la ayuda de una tercera persona imparcial, el mediador, el cual regular\u00e1 el proceso de comunicaci\u00f3n, conduci\u00e9ndolo, para llegar a una soluci\u00f3n en la que todos ganen o, al menos, queden satisfechos. La mediaci\u00f3n es voluntaria y confidencial.<\/p>\n<p style=\"text-align: justify;\">El equipo de mediaci\u00f3n est\u00e1 formado por: la orientadora, un representante del equipo directivo (jefe de estudios adjunto), la coordinadora de convivencia, uno o dos profesores y los ikasle laguntzaile \u2013 mediadores.<\/p>\n<p style=\"text-align: justify;\">Hemos elaborado un <a href=\"https:\/\/doloresibarruribhi.eus\/wp-content\/uploads\/2019\/08\/Bitartekaritza-zerbitzua-Triptiko-euskaraz.pdf\" target=\"_blank\" rel=\"noopener noreferrer\">tr\u00edptico<\/a> en el que se recogen las caracter\u00edsticas de este proyecto.<\/p>\n<p>[\/et_pb_text][\/et_pb_column][\/et_pb_row][\/et_pb_section]<\/p>\n","protected":false},"excerpt":{"rendered":"<p>En el IES Dolores Ibarruri entendemos la convivencia como el entramado de relaciones interpersonales que se dan en un entorno inclusivo, donde cada persona se sienta reconocida con posibilidades de participar y crecer. Relaciones basadas en la escucha, el respeto y la empat\u00eda, donde el di\u00e1logo sea el medio de afrontar el conflicto, entendido este [&hellip;]<\/p>\n","protected":false},"author":1,"featured_media":0,"parent":0,"menu_order":0,"comment_status":"closed","ping_status":"closed","template":"page-template-fullwidth.php","meta":{"_et_pb_use_builder":"on","_et_pb_old_content":"","_et_gb_content_width":"","footnotes":""},"class_list":["post-2556","page","type-page","status-publish","hentry"],"_links":{"self":[{"href":"https:\/\/doloresibarruribhi.eus\/es\/wp-json\/wp\/v2\/pages\/2556","targetHints":{"allow":["GET"]}}],"collection":[{"href":"https:\/\/doloresibarruribhi.eus\/es\/wp-json\/wp\/v2\/pages"}],"about":[{"href":"https:\/\/doloresibarruribhi.eus\/es\/wp-json\/wp\/v2\/types\/page"}],"author":[{"embeddable":true,"href":"https:\/\/doloresibarruribhi.eus\/es\/wp-json\/wp\/v2\/users\/1"}],"replies":[{"embeddable":true,"href":"https:\/\/doloresibarruribhi.eus\/es\/wp-json\/wp\/v2\/comments?post=2556"}],"version-history":[{"count":5,"href":"https:\/\/doloresibarruribhi.eus\/es\/wp-json\/wp\/v2\/pages\/2556\/revisions"}],"predecessor-version":[{"id":2788,"href":"https:\/\/doloresibarruribhi.eus\/es\/wp-json\/wp\/v2\/pages\/2556\/revisions\/2788"}],"wp:attachment":[{"href":"https:\/\/doloresibarruribhi.eus\/es\/wp-json\/wp\/v2\/media?parent=2556"}],"curies":[{"name":"wp","href":"https:\/\/api.w.org\/{rel}","templated":true}]}}