{"id":2620,"date":"2019-10-17T11:23:59","date_gmt":"2019-10-17T09:23:59","guid":{"rendered":"https:\/\/doloresibarruribhi.eus\/?page_id=2620"},"modified":"2025-06-27T11:05:06","modified_gmt":"2025-06-27T09:05:06","slug":"informacion","status":"publish","type":"page","link":"https:\/\/doloresibarruribhi.eus\/es\/informacion\/","title":{"rendered":"Informaci\u00f3n"},"content":{"rendered":"<p>[et_pb_section fb_built=\u00bb1&#8243; fullwidth=\u00bbon\u00bb _builder_version=\u00bb4.16&#8243; custom_margin=\u00bb||0px||false|false\u00bb custom_padding=\u00bb||0px||false|false\u00bb global_colors_info=\u00bb{}\u00bb][et_pb_fullwidth_post_title meta=\u00bboff\u00bb featured_image=\u00bboff\u00bb _builder_version=\u00bb4.16&#8243; background_image=\u00bbhttps:\/\/doloresibarruribhi.eus\/wp-content\/uploads\/2019\/07\/DoloresIbarruri_Goiburua.png\u00bb global_colors_info=\u00bb{}\u00bb][\/et_pb_fullwidth_post_title][\/et_pb_section][et_pb_section fb_built=\u00bb1&#8243; _builder_version=\u00bb4.16&#8243; custom_margin=\u00bb0px||||false|false\u00bb custom_padding=\u00bb0px||||false|false\u00bb global_colors_info=\u00bb{}\u00bb][et_pb_row module_class=\u00bbdolores\u00bb _builder_version=\u00bb4.16&#8243; global_colors_info=\u00bb{}\u00bb][et_pb_column type=\u00bb4_4&#8243; _builder_version=\u00bb4.16&#8243; global_colors_info=\u00bb{}\u00bb][et_pb_text _builder_version=\u00bb4.27.4&#8243; hover_enabled=\u00bb0&#8243; global_colors_info=\u00bb{}\u00bb sticky_enabled=\u00bb0&#8243;]<\/p>\n<h1>LIBROS DE TEXTO 2025-2026<\/h1>\n<table class=\"table table-hover\">\n<thead>\n<tr>\n<th style=\"text-align: center;\" scope=\"col\">Nivel<\/th>\n<th style=\"text-align: center;\" scope=\"col\">Nivel<\/th>\n<th style=\"text-align: center;\" scope=\"col\">Nivel<\/th>\n<th style=\"text-align: center;\" scope=\"col\">Nivel<\/th>\n<th style=\"text-align: center;\" scope=\"col\">Nivel<\/th>\n<th style=\"text-align: center;\" scope=\"col\">Nivel<\/th>\n<th style=\"text-align: center;\" scope=\"col\">Nivel<\/th>\n<\/tr>\n<\/thead>\n<tbody>\n<tr>\n<td style=\"text-align: center;\"><a href=\"https:\/\/doloresibarruribhi.eus\/wp-content\/uploads\/2025\/06\/DBH-1-testuliburuak.jpg\" target=\"_blank\" rel=\"noopener noreferrer\">ESO1<\/a><\/td>\n<td style=\"text-align: center;\"><a href=\"https:\/\/doloresibarruribhi.eus\/wp-content\/uploads\/2025\/06\/DBH-2-testuliburuak.jpg\" target=\"_blank\" rel=\"noopener noreferrer\">ESO2<\/a><\/td>\n<td style=\"text-align: center;\"><a href=\"https:\/\/doloresibarruribhi.eus\/wp-content\/uploads\/2025\/06\/DBH-3-testuliburuak.jpg\" target=\"_blank\" rel=\"noopener noreferrer\">ESO3<\/a><\/td>\n<td style=\"text-align: center;\"><a href=\"https:\/\/doloresibarruribhi.eus\/wp-content\/uploads\/2025\/06\/DBH-4-testuliburuak.jpg\" target=\"_blank\" rel=\"noopener noreferrer\">ESO4<\/a><\/td>\n<td style=\"text-align: center;\"><a href=\"https:\/\/doloresibarruribhi.eus\/wp-content\/uploads\/2025\/06\/batx-1-testuliburuak-1.jpg\" target=\"_blank\" rel=\"noopener noreferrer\">BACH1<\/a><\/td>\n<td style=\"text-align: center;\"><a href=\"https:\/\/doloresibarruribhi.eus\/wp-content\/uploads\/2025\/06\/BATX-2-testuliburuak.jpg\" target=\"_blank\" rel=\"noopener noreferrer\">BACH2<\/a><\/td>\n<td style=\"text-align: center;\">FP<\/td>\n<\/tr>\n<\/tbody>\n<\/table>\n<p>&nbsp;<\/p>\n<p>[\/et_pb_text][\/et_pb_column][\/et_pb_row][et_pb_row _builder_version=\u00bb4.16&#8243; global_colors_info=\u00bb{}\u00bb][et_pb_column type=\u00bb4_4&#8243; _builder_version=\u00bb4.16&#8243; global_colors_info=\u00bb{}\u00bb][et_pb_text _builder_version=\u00bb4.27.4&#8243; text_orientation=\u00bbjustified\u00bb global_colors_info=\u00bb{}\u00bb]<\/p>\n<h3><strong>TODO EL ALUMNADO DE ESO PUEDE ADHERIRSE AL PROGRAMA \u00abLIBRO SOLIDARIO\u00bb.<\/strong><br \/><strong>DE ESTA MANERA NO SER\u00c1 NECESARIO COMPRAR LOS LIBROS DE MANERA INDIVIDUAL, SE DEBER\u00c1 REALIZAR UN \u00daNICO PAGO JUNTO CON LA MATR\u00cdCULA.<\/strong><\/h3>\n<h3>APORTACIONES DEL ALUMNADO:<\/h3>\n<h3><strong>41 \u20ac<\/strong> por alumna o alumno de <strong>1\u00ba<\/strong> curso de Educaci\u00f3n Secundaria Obligatoria.<br \/><strong>45 \u20ac<\/strong> por alumna o alumno de <strong>2\u00ba, 3\u00ba y 4\u00ba<\/strong> curso de Educaci\u00f3n Secundaria Obligatoria.<\/h3>\n<p>QUIEN NO QUIERA ADHERIRSE AL PROGRAMA DEBER\u00c1 RELLENAR LA <a href=\"https:\/\/doloresibarruribhi.eus\/wp-content\/uploads\/2025\/06\/uko-egin.pdf\" target=\"_blank\" rel=\"noopener\">HOJA DE RENUNCIA<\/a>.<\/p>\n<p>A continuaci\u00f3n, la documentaci\u00f3n oficial del programa:<\/p>\n<ul>\n<li><a href=\"https:\/\/doloresibarruribhi.eus\/wp-content\/uploads\/2019\/10\/TL05-Familiaren-parte-hartzeko-konpromisoa-DBH1-19-20_gazt.pdf\" target=\"_blank\" rel=\"noopener noreferrer\">Compromiso de participaci\u00f3n<\/a> en el programa. (Viejo)<\/li>\n<li><a href=\"https:\/\/doloresibarruribhi.eus\/wp-content\/uploads\/2025\/06\/uko-egin.pdf\" target=\"_blank\" rel=\"noopener noreferrer\">Renuncia<\/a> individual a la participaci\u00f3n en el programa<\/li>\n<li><a href=\"https:\/\/doloresibarruribhi.eus\/wp-content\/uploads\/2019\/10\/Liburuaren-kudeaketaren-arautegia-16-17.pdf\" target=\"_blank\" rel=\"noopener noreferrer\">Reglamento<\/a> de funcionamiento del programa<\/li>\n<li><a href=\"https:\/\/doloresibarruribhi.eus\/wp-content\/uploads\/2024\/06\/liburu_solidarioa_ebazpena_24_25_es.pdf\" target=\"_blank\" rel=\"noopener\">Resoluci\u00f3n<\/a> de 11 de junio de 2024,<\/li>\n<\/ul>\n<h3><strong><br \/>INFORMACI\u00d3N PARA LAS FAMILIAS SOBRE INASISTENCIAS COLECTIVAS DEL ALUMNADO.<\/strong><\/h3>\n<p>Cuando hay una convocatoria de \u00abhuelga\u00bb del alumnado es importante tener en cuenta lo siguiente:<\/p>\n<ul>\n<li>El alumnado de 1\u00ba y 2\u00ba de ESO no tiene derecho a realizar \u00abhuelga\u00bb.<\/li>\n<li>Si el alumnado de 3\u00ba y 4\u00ba de ESO ha seguido el procedimiento establecido en las Normas de Convivencia del instituto, podr\u00e1 realizar \u00abhuelga\u00bb con permiso escrito de sus padres.<\/li>\n<li>Si el alumnado de Bachillerato y Ciclos Formativos ha seguido el procedimiento establecido en las Normas de Convivencia del instituto, podr\u00e1 convocar y realizar la \u00abhuelga\u00bb.<\/li>\n<\/ul>\n<h3><strong>Qu\u00e9 hacer ante la aparici\u00f3n de piojos.<\/strong><\/h3>\n<p>Consejos facilitados por Osakidetza para actuar en caso de aparici\u00f3n de piojos. Click <a href=\"https:\/\/doloresibarruribhi.eus\/wp-content\/uploads\/2019\/10\/Osakidetza-Zorriak_cast.pdf\" target=\"_blank\" rel=\"noopener noreferrer\">AQU\u00cd<\/a>.<\/p>\n<p>[\/et_pb_text][\/et_pb_column][\/et_pb_row][\/et_pb_section]<\/p>\n","protected":false},"excerpt":{"rendered":"<p>LIBROS DE TEXTO 2025-2026 Nivel Nivel Nivel Nivel Nivel Nivel Nivel ESO1 ESO2 ESO3 ESO4 BACH1 BACH2 FP &nbsp;TODO EL ALUMNADO DE ESO PUEDE ADHERIRSE AL PROGRAMA \u00abLIBRO SOLIDARIO\u00bb.DE ESTA MANERA NO SER\u00c1 NECESARIO COMPRAR LOS LIBROS DE MANERA INDIVIDUAL, SE DEBER\u00c1 REALIZAR UN \u00daNICO PAGO JUNTO CON LA MATR\u00cdCULA. APORTACIONES DEL ALUMNADO: 41 \u20ac [&hellip;]<\/p>\n","protected":false},"author":1,"featured_media":0,"parent":0,"menu_order":0,"comment_status":"closed","ping_status":"closed","template":"page-template-fullwidth.php","meta":{"_et_pb_use_builder":"on","_et_pb_old_content":"","_et_gb_content_width":"","footnotes":""},"class_list":["post-2620","page","type-page","status-publish","hentry"],"_links":{"self":[{"href":"https:\/\/doloresibarruribhi.eus\/es\/wp-json\/wp\/v2\/pages\/2620","targetHints":{"allow":["GET"]}}],"collection":[{"href":"https:\/\/doloresibarruribhi.eus\/es\/wp-json\/wp\/v2\/pages"}],"about":[{"href":"https:\/\/doloresibarruribhi.eus\/es\/wp-json\/wp\/v2\/types\/page"}],"author":[{"embeddable":true,"href":"https:\/\/doloresibarruribhi.eus\/es\/wp-json\/wp\/v2\/users\/1"}],"replies":[{"embeddable":true,"href":"https:\/\/doloresibarruribhi.eus\/es\/wp-json\/wp\/v2\/comments?post=2620"}],"version-history":[{"count":32,"href":"https:\/\/doloresibarruribhi.eus\/es\/wp-json\/wp\/v2\/pages\/2620\/revisions"}],"predecessor-version":[{"id":13482,"href":"https:\/\/doloresibarruribhi.eus\/es\/wp-json\/wp\/v2\/pages\/2620\/revisions\/13482"}],"wp:attachment":[{"href":"https:\/\/doloresibarruribhi.eus\/es\/wp-json\/wp\/v2\/media?parent=2620"}],"curies":[{"name":"wp","href":"https:\/\/api.w.org\/{rel}","templated":true}]}}