{"id":2682,"date":"2019-10-17T11:42:18","date_gmt":"2019-10-17T09:42:18","guid":{"rendered":"https:\/\/doloresibarruribhi.eus\/?page_id=2682"},"modified":"2025-11-30T17:25:35","modified_gmt":"2025-11-30T16:25:35","slug":"ige","status":"publish","type":"page","link":"https:\/\/doloresibarruribhi.eus\/es\/ige\/","title":{"rendered":"IGE &#8211; AMPA"},"content":{"rendered":"<p>[et_pb_section fb_built=\u00bb1&#8243; fullwidth=\u00bbon\u00bb _builder_version=\u00bb4.16&#8243; custom_margin=\u00bb||0px||false|false\u00bb custom_padding=\u00bb||0px||false|false\u00bb global_colors_info=\u00bb{}\u00bb][et_pb_fullwidth_post_title meta=\u00bboff\u00bb featured_image=\u00bboff\u00bb _builder_version=\u00bb4.16&#8243; background_image=\u00bbhttps:\/\/doloresibarruribhi.eus\/wp-content\/uploads\/2019\/07\/DoloresIbarruri_Goiburua.png\u00bb global_colors_info=\u00bb{}\u00bb][\/et_pb_fullwidth_post_title][\/et_pb_section][et_pb_section fb_built=\u00bb1&#8243; _builder_version=\u00bb4.16&#8243; custom_margin=\u00bb0px||||false|false\u00bb custom_padding=\u00bb0px||||false|false\u00bb global_colors_info=\u00bb{}\u00bb][et_pb_row column_structure=\u00bb3_4,1_4&#8243; _builder_version=\u00bb4.16&#8243; global_colors_info=\u00bb{}\u00bb][et_pb_column type=\u00bb3_4&#8243; _builder_version=\u00bb4.16&#8243; global_colors_info=\u00bb{}\u00bb][et_pb_text _builder_version=\u00bb4.27.4&#8243; header_font=\u00bb|300|||||||\u00bb header_2_font=\u00bbRaleway||||||||\u00bb header_3_font=\u00bbRaleway||||||||\u00bb text_orientation=\u00bbjustified\u00bb header_2_font_tablet=\u00bb\u00bb header_2_font_phone=\u00bb\u00bb header_2_font_last_edited=\u00bbon|desktop\u00bb global_colors_info=\u00bb{}\u00bb]<\/p>\n<h2 style=\"text-align: center;\">IGE \u00abPasionaria\u00bb<\/h2>\n<p><strong>Hola Familias,<\/strong><\/p>\n<p><strong>Desde el equipo del AMPA queremos enviaros un afectuoso saludo. <\/strong><strong>Somos una asociaci\u00f3n sin \u00e1nimo de lucro que tiene como objetivo principal hacer de puente entre las familias y el resto de la comunidad educativa. <\/strong><strong>Somos tambi\u00e9n miembros de BIGE (Asociaci\u00f3n de Padres y Madres del alumnado de Bizkaia) y del OMR del centro (\u00d3rgano M\u00e1ximo de Representaci\u00f3n) y participamos, a su vez, en el Observatorio de la Convivencia. <\/strong><strong>Nos financiamos principalmente a trav\u00e9s de las familias asociadas al AMPA, a trav\u00e9s del convenio de colaboraci\u00f3n con el Ayuntamiento y de la subvenci\u00f3n de Gobierno Vasco.<\/strong><\/p>\n<p><strong>Tratamos, igualmente, de adaptarnos a los nuevos tiempos. De ah\u00ed nace la necesidad de colaborar en distintos proyectos, actividades y eventos del centro como son las actividades extraescolares centradas principalmente en deporte escolar (voleybal y deporte rural), la organizaci\u00f3n de talleres y charlas para las familias, la puesta en marcha del servicio de atenci\u00f3n psicol\u00f3gica para el alumnado, as\u00ed como la organizaci\u00f3n de actividades sugeridas por las familias en determinadas situaciones, la subvenci\u00f3n de actividades programadas por el centro y la participaci\u00f3n en eventos culturales junto con el Ayuntamiento.<\/strong><\/p>\n<p><strong>Entendemos que las familias tenemos que ofrecer una actitud activa y participativa en el d\u00eda a d\u00eda del centro y apostamos por el AMPA como instrumento para canalizar todas vuestras sugerencias, opiniones, propuestas de actividades, etc. Es el motivo por el cual os animamos a todas las familias a acercarse y a participar.<\/strong><\/p>\n<p><strong>La Junta Directiva del AMPA se reunir\u00e1 mensualmente y siempre que una familia lo solocite, estando localizad@s a trav\u00e9s de la Direcci\u00f3n del Centro , de nuestro correo electr\u00f3nico <span style=\"color: #eb3131;\">familiasampadoloresibarruri@gmail.com<\/span> o a trav\u00e9s de WhatsApp al n\u00famero <span style=\"color: #eb3131;\">722 62 82 46<\/span> . (Importante: Para poder recibir informaci\u00f3n y comunicaciones del AMPA a trav\u00e9s de WhatsApp, debereis guardar este n\u00famero en vuestra agenda de contactos del tel\u00e9fono. <\/strong><br \/><strong>Muchas gracias por vuestra confianza, \u00a1os esperamos! <\/strong><\/p>\n<p style=\"text-align: center;\"><strong>AMPA \u2013ASOCIACION DE MADRES Y PADRES DEL IES DOLORES IBARRURI DE GALLARTA<\/strong><\/p>\n<p>[\/et_pb_text][\/et_pb_column][et_pb_column type=\u00bb1_4&#8243; _builder_version=\u00bb4.16&#8243; global_colors_info=\u00bb{}\u00bb][et_pb_image src=\u00bbhttps:\/\/doloresibarruribhi.eus\/wp-content\/uploads\/2019\/08\/ige.jpg\u00bb _builder_version=\u00bb4.16&#8243; width=\u00bb75%\u00bb max_width=\u00bb75%\u00bb global_colors_info=\u00bb{}\u00bb][\/et_pb_image][\/et_pb_column][\/et_pb_row][\/et_pb_section]<\/p>\n","protected":false},"excerpt":{"rendered":"<p>IGE \u00abPasionaria\u00bb Hola Familias, Desde el equipo del AMPA queremos enviaros un afectuoso saludo. Somos una asociaci\u00f3n sin \u00e1nimo de lucro que tiene como objetivo principal hacer de puente entre las familias y el resto de la comunidad educativa. Somos tambi\u00e9n miembros de BIGE (Asociaci\u00f3n de Padres y Madres del alumnado de Bizkaia) y del [&hellip;]<\/p>\n","protected":false},"author":1,"featured_media":0,"parent":0,"menu_order":0,"comment_status":"closed","ping_status":"closed","template":"page-template-fullwidth.php","meta":{"_et_pb_use_builder":"on","_et_pb_old_content":"","_et_gb_content_width":"","footnotes":""},"class_list":["post-2682","page","type-page","status-publish","hentry"],"_links":{"self":[{"href":"https:\/\/doloresibarruribhi.eus\/es\/wp-json\/wp\/v2\/pages\/2682","targetHints":{"allow":["GET"]}}],"collection":[{"href":"https:\/\/doloresibarruribhi.eus\/es\/wp-json\/wp\/v2\/pages"}],"about":[{"href":"https:\/\/doloresibarruribhi.eus\/es\/wp-json\/wp\/v2\/types\/page"}],"author":[{"embeddable":true,"href":"https:\/\/doloresibarruribhi.eus\/es\/wp-json\/wp\/v2\/users\/1"}],"replies":[{"embeddable":true,"href":"https:\/\/doloresibarruribhi.eus\/es\/wp-json\/wp\/v2\/comments?post=2682"}],"version-history":[{"count":10,"href":"https:\/\/doloresibarruribhi.eus\/es\/wp-json\/wp\/v2\/pages\/2682\/revisions"}],"predecessor-version":[{"id":14405,"href":"https:\/\/doloresibarruribhi.eus\/es\/wp-json\/wp\/v2\/pages\/2682\/revisions\/14405"}],"wp:attachment":[{"href":"https:\/\/doloresibarruribhi.eus\/es\/wp-json\/wp\/v2\/media?parent=2682"}],"curies":[{"name":"wp","href":"https:\/\/api.w.org\/{rel}","templated":true}]}}