{"id":5679,"date":"2021-01-22T14:49:01","date_gmt":"2021-01-22T13:49:01","guid":{"rendered":"https:\/\/doloresibarruribhi.eus\/?page_id=5679"},"modified":"2026-04-21T09:15:03","modified_gmt":"2026-04-21T07:15:03","slug":"grados-d","status":"publish","type":"page","link":"https:\/\/doloresibarruribhi.eus\/es\/fp\/grados-d\/","title":{"rendered":"GRADOS D"},"content":{"rendered":"<p>[et_pb_section fb_built=\u00bb1&#8243; fullwidth=\u00bbon\u00bb _builder_version=\u00bb4.16&#8243; custom_margin=\u00bb||0px||false|false\u00bb custom_padding=\u00bb||0px||false|false\u00bb global_colors_info=\u00bb{}\u00bb][et_pb_fullwidth_post_title meta=\u00bboff\u00bb featured_image=\u00bboff\u00bb _builder_version=\u00bb4.27.4&#8243; background_image=\u00bbhttps:\/\/doloresibarruribhi.eus\/wp-content\/uploads\/2026\/03\/25aniversarioFP_cabecera.png\u00bb custom_margin=\u00bb||0px||false|false\u00bb custom_padding=\u00bb||0px||false|false\u00bb global_colors_info=\u00bb{}\u00bb][\/et_pb_fullwidth_post_title][\/et_pb_section][et_pb_section fb_built=\u00bb1&#8243; _builder_version=\u00bb4.16&#8243; custom_margin=\u00bb0px||||false|false\u00bb custom_padding=\u00bb0px||||false|false\u00bb global_colors_info=\u00bb{}\u00bb][et_pb_row admin_label=\u00bbRow\u00bb _builder_version=\u00bb4.16&#8243; custom_margin=\u00bb0px||0px||false|false\u00bb custom_padding=\u00bb0px||0px||false|false\u00bb global_colors_info=\u00bb{}\u00bb][et_pb_column type=\u00bb4_4&#8243; _builder_version=\u00bb4.16&#8243; global_colors_info=\u00bb{}\u00bb][et_pb_text _builder_version=\u00bb4.27.5&#8243; header_font=\u00bb|300|||||||\u00bb header_2_font=\u00bbRaleway||||||||\u00bb header_3_font=\u00bbRaleway||||||||\u00bb custom_margin=\u00bb0px||||false|false\u00bb custom_padding=\u00bb0px||||false|false\u00bb header_2_font_tablet=\u00bb\u00bb header_2_font_phone=\u00bb\u00bb header_2_font_last_edited=\u00bbon|desktop\u00bb global_colors_info=\u00bb{}\u00bb]<\/p>\n<h2 style=\"text-align: center;\"><span style=\"color: #da3739;\">GRADOS DE ACTIVIDADES F\u00cdSICAS Y DEPORTIVAS<\/span><\/h2>\n<h3 style=\"text-align: center;\">FP DOLORES IBARRURI<\/h3>\n<p style=\"text-align: center;\">Informaci\u00f3n sobre los Ciclos Formativos que ofrecemos en Dolores Ibarruri BHI<\/p>\n<p>[\/et_pb_text][\/et_pb_column][\/et_pb_row][et_pb_row column_structure=\u00bb1_4,1_2,1_4&#8243; _builder_version=\u00bb4.16&#8243; custom_margin=\u00bb0px||||false|false\u00bb custom_padding=\u00bb0px||0px||false|false\u00bb global_colors_info=\u00bb{}\u00bb][et_pb_column type=\u00bb1_4&#8243; _builder_version=\u00bb4.16&#8243; global_colors_info=\u00bb{}\u00bb][\/et_pb_column][et_pb_column type=\u00bb1_2&#8243; _builder_version=\u00bb4.16&#8243; global_colors_info=\u00bb{}\u00bb][et_pb_text _builder_version=\u00bb4.27.5&#8243; hover_enabled=\u00bb0&#8243; global_colors_info=\u00bb{}\u00bb sticky_enabled=\u00bb0&#8243;]<\/p>\n<ul>\n<li><a href=\"https:\/\/doloresibarruribhi.eus\/wp-content\/uploads\/2025\/08\/Cartel-PRESENTACION-CICLOS-25-26.pdf\" target=\"_blank\" rel=\"noopener\">D\u00eda de presentaci\u00f3n<\/a><\/li>\n<li><a href=\"https:\/\/doloresibarruribhi.eus\/es\/jornada-de-puertas-abiertas-para-formacion-profesional\/\">Jornada de puertas abiertas 29\/04\/2026 16:30 horas<\/a><\/li>\n<li><a href=\"https:\/\/doloresibarruribhi.eus\/wp-content\/uploads\/2026\/04\/DOLORES-IBARRURI-BHI-HARRERA-EGUTEGIA-CALENDARIO-ADMISION_26-27.pdf\" target=\"_blank\" rel=\"noopener noreferrer\">MATRICULACI\u00d3N<\/a><\/li>\n<li><a href=\"https:\/\/doloresibarruribhi.eus\/wp-content\/uploads\/2021\/02\/CiclosformativosActualidad.pdf\" target=\"_blank\" rel=\"noopener noreferrer\">Actualidad<\/a><\/li>\n<li><a href=\"https:\/\/doloresibarruribhi.eus\/es\/erasmus-fp\/\">Erasmus<\/a><\/li>\n<li><a href=\"https:\/\/doloresibarruribhi.eus\/wp-content\/uploads\/2021\/02\/CiclosformativosFormacionDual.pdf\" target=\"_blank\" rel=\"noopener noreferrer\">Formaci\u00f3n Dual<\/a><\/li>\n<\/ul>\n<p>[\/et_pb_text][\/et_pb_column][et_pb_column type=\u00bb1_4&#8243; _builder_version=\u00bb4.16&#8243; global_colors_info=\u00bb{}\u00bb][\/et_pb_column][\/et_pb_row][et_pb_row _builder_version=\u00bb4.16&#8243; width=\u00bb100%\u00bb global_colors_info=\u00bb{}\u00bb][et_pb_column type=\u00bb4_4&#8243; _builder_version=\u00bb4.16&#8243; global_colors_info=\u00bb{}\u00bb][et_pb_text _builder_version=\u00bb4.27.5&#8243; header_6_font_size=\u00bb18px\u00bb custom_margin=\u00bb||0px||false|false\u00bb custom_padding=\u00bb||0px||false|false\u00bb global_colors_info=\u00bb{}\u00bb]<\/p>\n<h4 style=\"text-align: center;\"><strong><span style=\"color: #da3739;\">GRADOS D<\/span><\/strong><\/h4>\n<p>[\/et_pb_text][\/et_pb_column][\/et_pb_row][et_pb_row column_structure=\u00bb1_2,1_2&#8243; _builder_version=\u00bb4.16&#8243; max_width=\u00bb1920px\u00bb custom_margin=\u00bb0px||||false|false\u00bb custom_padding=\u00bb0px||||false|false\u00bb global_colors_info=\u00bb{}\u00bb][et_pb_column type=\u00bb1_2&#8243; _builder_version=\u00bb4.16&#8243; global_colors_info=\u00bb{}\u00bb][et_pb_text module_class=\u00bbdolores\u00bb _builder_version=\u00bb4.27.4&#8243; border_width_all=\u00bb1px\u00bb border_color_all=\u00bbrgba(0,0,0,0.1)\u00bb global_colors_info=\u00bb{}\u00bb]<\/p>\n<p>&nbsp;<\/p>\n<h1 style=\"text-align: center;\"><span style=\"color: #da3739;\">T\u00c9CNICO SUPERIOR<br \/> EN ACONDICIONAMIENTO F\u00cdSICO<\/span><\/h1>\n<p><span style=\"color: #da3739;\"><img loading=\"lazy\" decoding=\"async\" src=\"https:\/\/doloresibarruribhi.eus\/wp-content\/uploads\/2026\/04\/TecnicoSuperiorAcondicionamientoFisico_GradosD-1.jpg\" alt=\"TecnicoSuperiorAcondicionamientoFisico\" class=\"wp-image-5720 alignnone size-full\" style=\"display: block; margin-left: auto; margin-right: auto;\" width=\"1177\" height=\"1000\" \/><\/span><\/p>\n<ul>\n<ul>\n<li><a href=\"https:\/\/doloresibarruribhi.eus\/wp-content\/uploads\/2021\/02\/Requisitos_TSacondicionamientofisico.pdf\" target=\"_blank\" rel=\"noopener noreferrer\"><span style=\"color: #da3739;\">Requisitos de acceso &amp; Salidas profesionales<\/span><\/a><a href=\"https:\/\/ivac-eei.eus\/es\/familias-profesionales\/actividades-fisicas-y-deportivas-afd\/ciclos-formativos\/tecnico-superior-en-acondicionamiento-fisico.html\" target=\"_blank\" rel=\"noopener noreferrer\"><span style=\"color: #343434;\"> \u00b7 Acondicionamiento f\u00edsico<\/span><\/a><\/li>\n<li><a href=\"https:\/\/doloresibarruribhi.eus\/wp-content\/uploads\/2021\/02\/Programacion_TSacondicionamientofisico.pdf\" target=\"_blank\" rel=\"noopener noreferrer\"><span style=\"color: #da3739;\">Programaci\u00f3n<\/span><\/a><\/li>\n<li><a href=\"https:\/\/doloresibarruribhi.eus\/wp-content\/uploads\/2025\/10\/PLAN_ESTUDIOS_25-26_TSAF-EFGT.pdf\" target=\"_blank\" rel=\"noopener noreferrer\"><span style=\"color: #da3739;\">Plan de estudios<\/span><\/a><\/li>\n<li><a href=\"https:\/\/doloresibarruribhi.eus\/wp-content\/uploads\/2025\/07\/Organizacion_Curso_25-26.pdf\" target=\"_blank\" rel=\"noopener noreferrer\"><span style=\"color: #da3739;\">Organizaci\u00f3n del Curso<\/span><\/a><\/li>\n<li><a href=\"https:\/\/doloresibarruribhi.eus\/wp-content\/uploads\/2021\/09\/Normativas2021-22.pdf\" target=\"_blank\" rel=\"noopener noreferrer\"><span style=\"color: #da3739;\">Normativas<\/span><\/a><\/li>\n<li><a href=\"https:\/\/doloresibarruribhi.eus\/wp-content\/uploads\/2025\/07\/Zikloak_EGUTEGIA_CALENDARIO_Ciclos_25-26.pdf\" target=\"_blank\" rel=\"noopener noreferrer\"><span style=\"color: #da3739;\">Calendarios<\/span><\/a><\/li>\n<li><a href=\"https:\/\/doloresibarruribhi.eus\/wp-content\/uploads\/2025\/10\/HORARIO_1D_2D_TSAF-EFGT.pdf\" target=\"_blank\" rel=\"noopener noreferrer\"><span style=\"color: #da3739;\">Horarios<\/span><\/a><\/li>\n<li><a href=\"https:\/\/doloresibarruribhi.eus\/wp-content\/uploads\/2025\/10\/TSAF_1D_2D.pdf\" target=\"_blank\" rel=\"noopener noreferrer\"><span style=\"color: #da3739;\">Listados<\/span><\/a><\/li>\n<\/ul>\n<\/ul>\n<p>&nbsp;<\/p>\n<p>[\/et_pb_text][\/et_pb_column][et_pb_column type=\u00bb1_2&#8243; _builder_version=\u00bb4.16&#8243; global_colors_info=\u00bb{}\u00bb][et_pb_text module_class=\u00bbdolores\u00bb _builder_version=\u00bb4.27.4&#8243; border_width_all=\u00bb1px\u00bb border_color_all=\u00bbrgba(0,0,0,0.1)\u00bb global_colors_info=\u00bb{}\u00bb]<\/p>\n<p>&nbsp;<\/p>\n<h1 style=\"text-align: center;\"><span style=\"color: #da3739;\">T\u00c9CNICO SUPERIOR<br \/> EN ENSE\u00d1ANZA Y ANIMACI\u00d3N SOCIO DEPORTIVA<\/span><\/h1>\n<p><span style=\"color: #da3739;\"><img loading=\"lazy\" decoding=\"async\" src=\"https:\/\/doloresibarruribhi.eus\/wp-content\/uploads\/2026\/04\/TecnicoSuperiorEnsenanzaYanimacionSocioDeportiva_GradosD-1.jpg\" alt=\"TecnicoSuperiorEnsenanzaYanimacionSocioDeportiva\" class=\"wp-image-5726 alignnone size-full\" style=\"display: block; margin-left: auto; margin-right: auto;\" width=\"1163\" height=\"1000\" \/><\/span><\/p>\n<ul>\n<ul>\n<li><a href=\"https:\/\/doloresibarruribhi.eus\/wp-content\/uploads\/2021\/02\/TS_EnsenanzaYanimacionSocioDeportiva_RequisitosAcceso.pdf\" target=\"_blank\" rel=\"noopener noreferrer\"><span style=\"color: #da3739;\">Requisitos de acceso &amp; Salidas Profesionales<\/span><\/a><a href=\"https:\/\/ivac-eei.eus\/es\/familias-profesionales\/actividades-fisicas-y-deportivas-afd\/ciclos-formativos\/tecnico-superior-en-ensenanza-y-animacion-sociodeportiva.html\" target=\"_blank\" rel=\"noopener noreferrer\"> \u00b7 Ense\u00f1anza y animaci\u00f3n sociodeportiva<\/a>\u00a0<\/li>\n<li><a href=\"https:\/\/doloresibarruribhi.eus\/wp-content\/uploads\/2021\/02\/TS_EnsenanzaYanimacionSocioDeportiva_DCB-2.pdf\" target=\"_blank\" rel=\"noopener noreferrer\"><span style=\"color: #da3739;\">Programaci\u00f3n<\/span><\/a><\/li>\n<li><a href=\"https:\/\/doloresibarruribhi.eus\/wp-content\/uploads\/2025\/10\/PLAN_ESTUDIOS_25-26_TSEAS.pdf\" target=\"_blank\" rel=\"noopener noreferrer\"><span style=\"color: #da3739;\">Plan de estudios<\/span><\/a><\/li>\n<li><a href=\"https:\/\/doloresibarruribhi.eus\/wp-content\/uploads\/2025\/07\/Organizacion_Curso_25-26.pdf\" target=\"_blank\" rel=\"noopener noreferrer\"><span style=\"color: #da3739;\">Organizaci\u00f3n del Curso<\/span><\/a><\/li>\n<li><a href=\"https:\/\/doloresibarruribhi.eus\/wp-content\/uploads\/2021\/09\/Normativas2021-22.pdf\" target=\"_blank\" rel=\"noopener noreferrer\"><span style=\"color: #da3739;\">Normativas<\/span><\/a><\/li>\n<li><a href=\"https:\/\/doloresibarruribhi.eus\/wp-content\/uploads\/2025\/07\/Zikloak_EGUTEGIA_CALENDARIO_Ciclos_25-26.pdf\" target=\"_blank\" rel=\"noopener noreferrer\"><span style=\"color: #da3739;\">Calendarios<\/span><\/a><\/li>\n<li><a href=\"https:\/\/doloresibarruribhi.eus\/wp-content\/uploads\/2025\/10\/HORARIO_1A_2A_TSEAS.pdf\" target=\"_blank\" rel=\"noopener noreferrer\"><span style=\"color: #da3739;\">Horarios<\/span><\/a><\/li>\n<li><a href=\"https:\/\/doloresibarruribhi.eus\/wp-content\/uploads\/2025\/10\/TSEAS_1A_2A.pdf\" target=\"_blank\" rel=\"noopener noreferrer\"><span style=\"color: #da3739;\">Listados<\/span><\/a><\/li>\n<\/ul>\n<\/ul>\n<p>&nbsp;<\/p>\n<p>[\/et_pb_text][\/et_pb_column][\/et_pb_row][\/et_pb_section]<\/p>\n","protected":false},"excerpt":{"rendered":"<p>GRADOS DE ACTIVIDADES F\u00cdSICAS Y DEPORTIVAS FP DOLORES IBARRURI Informaci\u00f3n sobre los Ciclos Formativos que ofrecemos en Dolores Ibarruri BHI D\u00eda de presentaci\u00f3n Jornada de puertas abiertas 29\/04\/2026 16:30 horas MATRICULACI\u00d3N Actualidad Erasmus Formaci\u00f3n Dual GRADOS D&nbsp; T\u00c9CNICO SUPERIOR EN ACONDICIONAMIENTO F\u00cdSICO Requisitos de acceso &amp; Salidas profesionales \u00b7 Acondicionamiento f\u00edsico Programaci\u00f3n Plan de estudios [&hellip;]<\/p>\n","protected":false},"author":1,"featured_media":0,"parent":14800,"menu_order":0,"comment_status":"closed","ping_status":"closed","template":"page-template-fullwidth-Hezkuntza.php","meta":{"_et_pb_use_builder":"on","_et_pb_old_content":"","_et_gb_content_width":"1280","footnotes":""},"class_list":["post-5679","page","type-page","status-publish","hentry"],"_links":{"self":[{"href":"https:\/\/doloresibarruribhi.eus\/es\/wp-json\/wp\/v2\/pages\/5679","targetHints":{"allow":["GET"]}}],"collection":[{"href":"https:\/\/doloresibarruribhi.eus\/es\/wp-json\/wp\/v2\/pages"}],"about":[{"href":"https:\/\/doloresibarruribhi.eus\/es\/wp-json\/wp\/v2\/types\/page"}],"author":[{"embeddable":true,"href":"https:\/\/doloresibarruribhi.eus\/es\/wp-json\/wp\/v2\/users\/1"}],"replies":[{"embeddable":true,"href":"https:\/\/doloresibarruribhi.eus\/es\/wp-json\/wp\/v2\/comments?post=5679"}],"version-history":[{"count":118,"href":"https:\/\/doloresibarruribhi.eus\/es\/wp-json\/wp\/v2\/pages\/5679\/revisions"}],"predecessor-version":[{"id":15002,"href":"https:\/\/doloresibarruribhi.eus\/es\/wp-json\/wp\/v2\/pages\/5679\/revisions\/15002"}],"up":[{"embeddable":true,"href":"https:\/\/doloresibarruribhi.eus\/es\/wp-json\/wp\/v2\/pages\/14800"}],"wp:attachment":[{"href":"https:\/\/doloresibarruribhi.eus\/es\/wp-json\/wp\/v2\/media?parent=5679"}],"curies":[{"name":"wp","href":"https:\/\/api.w.org\/{rel}","templated":true}]}}