{"id":5912,"date":"2021-02-05T10:26:32","date_gmt":"2021-02-05T09:26:32","guid":{"rendered":"https:\/\/doloresibarruribhi.eus\/?page_id=5912"},"modified":"2025-09-01T10:26:58","modified_gmt":"2025-09-01T08:26:58","slug":"lanbide","status":"publish","type":"page","link":"https:\/\/doloresibarruribhi.eus\/es\/lanbide\/","title":{"rendered":"LANBIDE"},"content":{"rendered":"<p>[et_pb_section fb_built=\u00bb1&#8243; fullwidth=\u00bbon\u00bb _builder_version=\u00bb4.16&#8243; custom_margin=\u00bb||0px||false|false\u00bb custom_padding=\u00bb||0px||false|false\u00bb global_colors_info=\u00bb{}\u00bb][et_pb_fullwidth_post_title meta=\u00bboff\u00bb featured_image=\u00bboff\u00bb _builder_version=\u00bb4.16&#8243; background_image=\u00bbhttps:\/\/doloresibarruribhi.eus\/wp-content\/uploads\/2019\/07\/DoloresIbarruri_Goiburua.png\u00bb custom_margin=\u00bb||0px||false|false\u00bb custom_padding=\u00bb||0px||false|false\u00bb global_colors_info=\u00bb{}\u00bb][\/et_pb_fullwidth_post_title][\/et_pb_section][et_pb_section fb_built=\u00bb1&#8243; _builder_version=\u00bb4.16&#8243; custom_margin=\u00bb0px||||false|false\u00bb custom_padding=\u00bb0px||||false|false\u00bb global_colors_info=\u00bb{}\u00bb][et_pb_row admin_label=\u00bbRow\u00bb _builder_version=\u00bb4.16&#8243; custom_margin=\u00bb0px||0px||false|false\u00bb custom_padding=\u00bb0px||0px||false|false\u00bb global_colors_info=\u00bb{}\u00bb][et_pb_column type=\u00bb4_4&#8243; _builder_version=\u00bb4.16&#8243; global_colors_info=\u00bb{}\u00bb][et_pb_text _builder_version=\u00bb4.16&#8243; header_font=\u00bb|300|||||||\u00bb header_2_font=\u00bbRaleway||||||||\u00bb header_3_font=\u00bbRaleway||||||||\u00bb custom_margin=\u00bb0px||||false|false\u00bb custom_padding=\u00bb0px||||false|false\u00bb header_2_font_tablet=\u00bb\u00bb header_2_font_phone=\u00bb\u00bb header_2_font_last_edited=\u00bbon|desktop\u00bb global_colors_info=\u00bb{}\u00bb]<\/p>\n<h2 style=\"text-align: center;\"><span style=\"color: #da3739;\">CURSOS DE LANBIDE DE ACTIVIDADES F\u00cdSICAS Y DEPORTIVAS<\/span><\/h2>\n<h3 style=\"text-align: center;\">FP DOLORES IBARRURI<\/h3>\n<p>[\/et_pb_text][\/et_pb_column][\/et_pb_row][et_pb_row column_structure=\u00bb1_3,1_3,1_3&#8243; _builder_version=\u00bb4.16&#8243; custom_margin=\u00bb0px||||false|false\u00bb custom_padding=\u00bb0px||0px||false|false\u00bb global_colors_info=\u00bb{}\u00bb][et_pb_column type=\u00bb1_3&#8243; _builder_version=\u00bb4.16&#8243; global_colors_info=\u00bb{}\u00bb][\/et_pb_column][et_pb_column type=\u00bb1_3&#8243; _builder_version=\u00bb4.16&#8243; global_colors_info=\u00bb{}\u00bb][et_pb_text _builder_version=\u00bb4.16&#8243; global_colors_info=\u00bb{}\u00bb]<\/p>\n<ul>\n<li><a href=\"https:\/\/apps.lanbide.euskadi.net\/apps\/FR_RESULTADO_BUSQUEDA_CURSOS?LG=C&#038;ML=FORMEN1&#038;MS=Fca&#038;PM1=AFD&#038;PM2=48&#038;PM7=dolores+ibarruri\" target=\"_blank\" rel=\"noopener noreferrer\">MATRICULACI\u00d3N<\/a><\/li>\n<li><a href=\"https:\/\/doloresibarruribhi.eus\/wp-content\/uploads\/2021\/02\/Lanbide_Actualidad.pdf\" target=\"_blank\" rel=\"noopener noreferrer\">Actualidad<\/a><\/li>\n<li><a href=\"https:\/\/doloresibarruribhi.eus\/wp-content\/uploads\/2021\/02\/Lanbide_CriteriosSeleccion.pdf\" target=\"_blank\" rel=\"noopener noreferrer\">Criterios de Selecci\u00f3n<\/a><\/li>\n<li><a href=\"https:\/\/doloresibarruribhi.eus\/wp-content\/uploads\/2021\/02\/Lanbide_DerechosYobligaciones.pdf\" target=\"_blank\" rel=\"noopener noreferrer\">Derechos y Obligaciones del alumnado<\/a><\/li>\n<\/ul>\n<p>[\/et_pb_text][\/et_pb_column][et_pb_column type=\u00bb1_3&#8243; _builder_version=\u00bb4.16&#8243; global_colors_info=\u00bb{}\u00bb][\/et_pb_column][\/et_pb_row][et_pb_row column_structure=\u00bb1_3,1_3,1_3&#8243; _builder_version=\u00bb4.16&#8243; max_width=\u00bb1920px\u00bb custom_margin=\u00bb0px||||false|false\u00bb custom_padding=\u00bb0px||||false|false\u00bb global_colors_info=\u00bb{}\u00bb][et_pb_column type=\u00bb1_3&#8243; _builder_version=\u00bb4.16&#8243; global_colors_info=\u00bb{}\u00bb][et_pb_text module_class=\u00bbdolores\u00bb _builder_version=\u00bb4.27.4&#8243; hover_enabled=\u00bb0&#8243; border_width_all=\u00bb1px\u00bb border_color_all=\u00bbrgba(0,0,0,0.1)\u00bb global_colors_info=\u00bb{}\u00bb sticky_enabled=\u00bb0&#8243;]<\/p>\n<p>&nbsp;<\/p>\n<h1 style=\"text-align: center;\"><span style=\"color: #da3739;\">COREOGRAF\u00cdAS<\/span><\/h1>\n<p><span style=\"color: #da3739;\"><img loading=\"lazy\" decoding=\"async\" class=\"wp-image-5987 alignnone size-full\" src=\"https:\/\/doloresibarruribhi.eus\/wp-content\/uploads\/2021\/02\/CARTEL-FP-COREOGRAF\u00cdAS-scaled.jpg\" alt=\"CARTEL-FP-COREOGRAF\u00cdAS\" width=\"2560\" height=\"1812\" srcset=\"https:\/\/doloresibarruribhi.eus\/wp-content\/uploads\/2021\/02\/CARTEL-FP-COREOGRAF\u00cdAS-scaled.jpg 2560w, https:\/\/doloresibarruribhi.eus\/wp-content\/uploads\/2021\/02\/CARTEL-FP-COREOGRAF\u00cdAS-300x212.jpg 300w, https:\/\/doloresibarruribhi.eus\/wp-content\/uploads\/2021\/02\/CARTEL-FP-COREOGRAF\u00cdAS-1024x725.jpg 1024w, https:\/\/doloresibarruribhi.eus\/wp-content\/uploads\/2021\/02\/CARTEL-FP-COREOGRAF\u00cdAS-768x544.jpg 768w, https:\/\/doloresibarruribhi.eus\/wp-content\/uploads\/2021\/02\/CARTEL-FP-COREOGRAF\u00cdAS-1536x1087.jpg 1536w, https:\/\/doloresibarruribhi.eus\/wp-content\/uploads\/2021\/02\/CARTEL-FP-COREOGRAF\u00cdAS-2048x1450.jpg 2048w, https:\/\/doloresibarruribhi.eus\/wp-content\/uploads\/2021\/02\/CARTEL-FP-COREOGRAF\u00cdAS-400x284.jpg 400w, https:\/\/doloresibarruribhi.eus\/wp-content\/uploads\/2021\/02\/CARTEL-FP-COREOGRAF\u00cdAS-1080x765.jpg 1080w\" sizes=\"(max-width: 2560px) 100vw, 2560px\" \/><\/span><\/p>\n<ul>\n<li style=\"list-style-type: none;\">\n<ul>\n<li><a href=\"https:\/\/doloresibarruribhi.eus\/wp-content\/uploads\/2025\/09\/CALENDARIO_2024-25_CORE-II.pdf\" target=\"_blank\" rel=\"noopener noreferrer\"><span style=\"color: #da3739;\">Calendarios &amp; Horario<\/span><\/a><\/li>\n<li><a href=\"https:\/\/doloresibarruribhi.eus\/wp-content\/uploads\/2021\/02\/LanbideCoreografias_DCB.pdf\" target=\"_blank\" rel=\"noopener noreferrer\"><span style=\"color: #da3739;\">Programaci\u00f3n<\/span><\/a><\/li>\n<li><a href=\"https:\/\/doloresibarruribhi.eus\/wp-content\/uploads\/2021\/05\/CONTENIDOS-COREOGRAFIAS.pdf\" target=\"_blank\" rel=\"noopener noreferrer\"><span style=\"color: #da3739;\">Contenidos<\/span><\/a><\/li>\n<\/ul>\n<\/li>\n<\/ul>\n<p>&nbsp;<\/p>\n<p>[\/et_pb_text][\/et_pb_column][et_pb_column type=\u00bb1_3&#8243; _builder_version=\u00bb4.16&#8243; global_colors_info=\u00bb{}\u00bb][et_pb_text module_class=\u00bbdolores\u00bb _builder_version=\u00bb4.27.4&#8243; hover_enabled=\u00bb0&#8243; border_width_all=\u00bb1px\u00bb border_color_all=\u00bbrgba(0,0,0,0.1)\u00bb global_colors_info=\u00bb{}\u00bb sticky_enabled=\u00bb0&#8243;]<\/p>\n<p>&nbsp;<\/p>\n<h1 style=\"text-align: center;\"><span style=\"color: #da3739;\">ALIMENTACI\u00d3N &amp; DEPORTE<\/span><\/h1>\n<p><span style=\"color: #da3739;\"><img loading=\"lazy\" decoding=\"async\" src=\"https:\/\/doloresibarruribhi.eus\/wp-content\/uploads\/2021\/02\/CARTEL-FP-ALIMENTACIONyDEPORTE-scaled.jpg\" alt=\"CARTEL-FP-ALIMENTACIONyDEPORTE\" class=\"wp-image-5987 alignnone size-full\" width=\"2560\" height=\"1812\" \/><\/span><\/p>\n<ul>\n<ul>\n<li><a href=\"https:\/\/doloresibarruribhi.eus\/wp-content\/uploads\/2025\/09\/CALENDARIO_2024-25_ALIMENTACION_II.pdf\" target=\"_blank\" rel=\"noopener noreferrer\"><span style=\"color: #da3739;\">Calendarios &amp; Horario<\/span><\/a><\/li>\n<li><a href=\"https:\/\/doloresibarruribhi.eus\/wp-content\/uploads\/2021\/02\/LanbideCoreografias_Contenidos-1.pdf\" target=\"_blank\" rel=\"noopener noreferrer\"><span style=\"color: #da3739;\">Contenidos<\/span><\/a><\/li>\n<\/ul>\n<\/ul>\n<p>&nbsp;<\/p>\n<p>[\/et_pb_text][\/et_pb_column][et_pb_column type=\u00bb1_3&#8243; _builder_version=\u00bb4.16&#8243; global_colors_info=\u00bb{}\u00bb][et_pb_text module_class=\u00bbdolores\u00bb _builder_version=\u00bb4.27.4&#8243; hover_enabled=\u00bb0&#8243; border_width_all=\u00bb1px\u00bb border_color_all=\u00bbrgba(0,0,0,0.1)\u00bb global_colors_info=\u00bb{}\u00bb sticky_enabled=\u00bb0&#8243;]<\/p>\n<p>&nbsp;<\/p>\n<h1 style=\"text-align: center;\"><span style=\"color: #da3739;\">KROSS TRAINING<\/span><\/h1>\n<p><span style=\"color: #da3739;\"><img loading=\"lazy\" decoding=\"async\" src=\"https:\/\/doloresibarruribhi.eus\/wp-content\/uploads\/2021\/02\/CARTEL-FP-KROSStRAINING-scaled.jpg\" alt=\"CARTEL-FP-KROSStRAINNING\" class=\"wp-image-5987 alignnone size-full\" width=\"2560\" height=\"1812\" \/><\/span><\/p>\n<ul>\n<ul>\n<li><a href=\"https:\/\/doloresibarruribhi.eus\/wp-content\/uploads\/2025\/09\/CALENDARIO_2024-25_KT.pdf\" target=\"_blank\" rel=\"noopener noreferrer\">Calendarios &amp; Horario<\/a><\/li>\n<li><a href=\"https:\/\/doloresibarruribhi.eus\/wp-content\/uploads\/2021\/02\/LanbideCrossTrainning_Contenidos.pdf\" target=\"_blank\" rel=\"noopener noreferrer\"><span style=\"color: #da3739;\">Contenidos<\/span><\/a><\/li>\n<\/ul>\n<\/ul>\n<p>&nbsp;<\/p>\n<p>[\/et_pb_text][\/et_pb_column][\/et_pb_row][et_pb_row column_structure=\u00bb1_3,1_3,1_3&#8243; _builder_version=\u00bb4.16&#8243; max_width=\u00bb1920px\u00bb custom_margin=\u00bb0px||||false|false\u00bb custom_padding=\u00bb0px||||false|false\u00bb global_colors_info=\u00bb{}\u00bb][et_pb_column type=\u00bb1_3&#8243; _builder_version=\u00bb4.16&#8243; global_colors_info=\u00bb{}\u00bb][\/et_pb_column][et_pb_column type=\u00bb1_3&#8243; _builder_version=\u00bb4.16&#8243; global_colors_info=\u00bb{}\u00bb][\/et_pb_column][et_pb_column type=\u00bb1_3&#8243; _builder_version=\u00bb4.16&#8243; global_colors_info=\u00bb{}\u00bb][\/et_pb_column][\/et_pb_row][\/et_pb_section]<\/p>\n","protected":false},"excerpt":{"rendered":"<p>CURSOS DE LANBIDE DE ACTIVIDADES F\u00cdSICAS Y DEPORTIVAS FP DOLORES IBARRURI MATRICULACI\u00d3N Actualidad Criterios de Selecci\u00f3n Derechos y Obligaciones del alumnado &nbsp; COREOGRAF\u00cdAS Calendarios &amp; Horario Programaci\u00f3n Contenidos &nbsp;&nbsp; ALIMENTACI\u00d3N &amp; DEPORTE Calendarios &amp; Horario Contenidos &nbsp;&nbsp; KROSS TRAINING Calendarios &amp; Horario Contenidos &nbsp;<\/p>\n","protected":false},"author":1,"featured_media":0,"parent":0,"menu_order":0,"comment_status":"closed","ping_status":"closed","template":"page-template-fullwidth-Hezkuntza.php","meta":{"_et_pb_use_builder":"on","_et_pb_old_content":"","_et_gb_content_width":"1280","footnotes":""},"class_list":["post-5912","page","type-page","status-publish","hentry"],"_links":{"self":[{"href":"https:\/\/doloresibarruribhi.eus\/es\/wp-json\/wp\/v2\/pages\/5912","targetHints":{"allow":["GET"]}}],"collection":[{"href":"https:\/\/doloresibarruribhi.eus\/es\/wp-json\/wp\/v2\/pages"}],"about":[{"href":"https:\/\/doloresibarruribhi.eus\/es\/wp-json\/wp\/v2\/types\/page"}],"author":[{"embeddable":true,"href":"https:\/\/doloresibarruribhi.eus\/es\/wp-json\/wp\/v2\/users\/1"}],"replies":[{"embeddable":true,"href":"https:\/\/doloresibarruribhi.eus\/es\/wp-json\/wp\/v2\/comments?post=5912"}],"version-history":[{"count":15,"href":"https:\/\/doloresibarruribhi.eus\/es\/wp-json\/wp\/v2\/pages\/5912\/revisions"}],"predecessor-version":[{"id":13767,"href":"https:\/\/doloresibarruribhi.eus\/es\/wp-json\/wp\/v2\/pages\/5912\/revisions\/13767"}],"wp:attachment":[{"href":"https:\/\/doloresibarruribhi.eus\/es\/wp-json\/wp\/v2\/media?parent=5912"}],"curies":[{"name":"wp","href":"https:\/\/api.w.org\/{rel}","templated":true}]}}