{"id":6166,"date":"2021-02-26T12:47:53","date_gmt":"2021-02-26T11:47:53","guid":{"rendered":"https:\/\/doloresibarruribhi.eus\/?page_id=6166"},"modified":"2021-02-26T14:45:55","modified_gmt":"2021-02-26T13:45:55","slug":"erasmus-fp","status":"publish","type":"page","link":"https:\/\/doloresibarruribhi.eus\/es\/erasmus-fp\/","title":{"rendered":"Erasmus +"},"content":{"rendered":"<p>[et_pb_section fb_built=\u00bb1&#8243; fullwidth=\u00bbon\u00bb _builder_version=\u00bb3.26&#8243; custom_padding=\u00bb||0px||false|false\u00bb][et_pb_fullwidth_post_title meta=\u00bboff\u00bb featured_image=\u00bboff\u00bb _builder_version=\u00bb3.26&#8243; background_image=\u00bbhttps:\/\/doloresibarruribhi.eus\/wp-content\/uploads\/2019\/07\/DoloresIbarruri_Goiburua.png\u00bb][\/et_pb_fullwidth_post_title][\/et_pb_section][et_pb_section fb_built=\u00bb1&#8243; _builder_version=\u00bb3.26&#8243; custom_margin=\u00bb0px||||false|false\u00bb][et_pb_row column_structure=\u00bb1_3,1_3,1_3&#8243; _builder_version=\u00bb3.26&#8243; border_radii=\u00bboff||45px||\u00bb border_color_all=\u00bbrgba(218,55,57,0.5)\u00bb border_style_all=\u00bbdashed\u00bb][et_pb_column type=\u00bb1_3&#8243; _builder_version=\u00bb3.26&#8243;][et_pb_image src=\u00bbhttps:\/\/doloresibarruribhi.eus\/wp-content\/uploads\/2019\/08\/cofinanciado.jpg\u00bb _builder_version=\u00bb3.26&#8243;][\/et_pb_image][\/et_pb_column][et_pb_column type=\u00bb1_3&#8243; _builder_version=\u00bb3.26&#8243;][et_pb_image src=\u00bbhttps:\/\/doloresibarruribhi.eus\/wp-content\/uploads\/2019\/08\/educacion.jpg\u00bb _builder_version=\u00bb3.26&#8243;][\/et_pb_image][\/et_pb_column][et_pb_column type=\u00bb1_3&#8243; _builder_version=\u00bb3.26&#8243;][et_pb_image src=\u00bbhttps:\/\/doloresibarruribhi.eus\/wp-content\/uploads\/2019\/07\/Logotipo-gardena-kalitatez.png\u00bb _builder_version=\u00bb3.26&#8243;][\/et_pb_image][\/et_pb_column][\/et_pb_row][et_pb_row _builder_version=\u00bb3.26&#8243;][et_pb_column type=\u00bb4_4&#8243; _builder_version=\u00bb3.26&#8243;][et_pb_text module_class=\u00bbdolores\u00bb _builder_version=\u00bb4.4.1&#8243; hover_enabled=\u00bb0&#8243;]<\/p>\n<h1>FORMACI\u00d3N PROFESIONAL<\/h1>\n<p>[\/et_pb_text][et_pb_accordion _builder_version=\u00bb4.4.1&#8243; toggle_text_color=\u00bb#da3739&#8243;][et_pb_accordion_item title=\u00bbErasmus + Vocational Training\u00bb open=\u00bbon\u00bb _builder_version=\u00bb4.4.1&#8243;]<\/p>\n<h1>PRESENTACI\u00d3N<\/h1>\n<h2>EL IES DOLORES IBARRURI BHI Y LA MOVILIDAD EUROPEA<\/h2>\n<p>El IES DOLORES IBARRURI BHI empez\u00f3 su andadura europea en el curso 1998-99, enviando un estudiante de Ciclos Formativos a realizar el m\u00f3dulo de FCT a Italia, con el Programa Leonardo de Vinci.<\/p>\n<p>En el a\u00f1o 2020 hemos renovado hasta el 2027 <a href=\"https:\/\/doloresibarruribhi.eus\/wp-content\/uploads\/2019\/08\/ERASMUS_Extended_University_Charter.jpg\" target=\"_blank\" rel=\"noopener noreferrer\"><strong>LA CARTA ERASMUS<\/strong><\/a> que permite enviar estudiantes de Ciclos Formativos de Grado Superior a Europa, con el fin de realizar all\u00ed las pr\u00e1cticas en empresas europeas y convalidar la Formaci\u00f3n en Centros de Trabajo (FCT).<\/p>\n<p>Desde entonces el IES DOLORES IBARRURI BHI promueve la participaci\u00f3n en proyectos de Movilidad Europea de nuestro alumnado. Disponemos de dos acuerdos de colaboraci\u00f3n con CONFEBASK e IKASLAN para solicitar y gestionar las becas de movilidad internacional en el nuevo Programa de Aprendizaje Permanente.<\/p>\n<p>Los alumnos\/as participantes cuentan con una beca concedida por OAPEE (Organismo Aut\u00f3nomo de Programas Educativos Europeos) que se complementa con una subvenci\u00f3n del Gobierno Vasco.<\/p>\n<p>&nbsp;<\/p>\n<h2>OBJETIVOS<\/h2>\n<ul>\n<li>Conocer la realidad del mercado laboral europeo y fomentar la contribuci\u00f3n e integraci\u00f3n del participante en este \u00e1mbito.<\/li>\n<li>Estimular la motivaci\u00f3n del participante para el uso y desarrollo de conocimientos, competencias y cualificaciones con miras a su realizaci\u00f3n personal y profesional.<\/li>\n<li>Optimizar la preparaci\u00f3n tecnol\u00f3gica de los trabajadores estrechando las relaciones entre Centros de Formaci\u00f3n Profesional y Empresas.<\/li>\n<li>Apoyar las mejoras de la calidad e innovaci\u00f3n de los sistemas, instituciones y pr\u00e1cticas de educaci\u00f3n y formaci\u00f3n profesional.<\/li>\n<\/ul>\n<p>&nbsp;<\/p>\n<h2>COMPROMISOS<\/h2>\n<p>El IES DOLORES IBARRURI BHI, en colaboraci\u00f3n con CONFEBASK e IKASLAN se compromete a:<\/p>\n<ul>\n<li>Informar a los estudiantes acerca de las becas para pr\u00e1cticas en empresas europeas. Ver <strong><a href=\"https:\/\/doloresibarruribhi.eus\/index.php\/erasmus-fp\/#dokumentazio\">DOCUMENTACI\u00d3N A PRESENTAR<\/a>.<\/strong><\/li>\n<li>Seleccionar a los estudiantes bas\u00e1ndose en criterios de selecci\u00f3n y procedimientos transparentes y claramente definidos, y firmar un acuerdo de pr\u00e1cticas con los estudiantes seleccionados.<\/li>\n<li>Preparar a los estudiantes en los aspectos pr\u00e1cticos, profesionales y culturales del pa\u00eds de acogida, en especial mediante una formaci\u00f3n ling\u00fc\u00edstica adecuada a las necesidades profesionales previstas. Ver <strong><a href=\"https:\/\/doloresibarruribhi.eus\/index.php\/erasmus-fp\/#politika\">POL\u00cdTICA LING\u00dc\u00cdSTICA<\/a>.<\/strong><\/li>\n<li>Otorgar pleno reconocimiento de las actividades completadas satisfactoriamente por el estudiante y firmar el acuerdo de formaci\u00f3n.<\/li>\n<li>Supervisar el desarrollo de las pr\u00e1cticas y tomar las medidas apropiadas precisas.<\/li>\n<li>Colaborar con los socios intermediarias en toda actividad que pueda surgir durante el transcurso del proyecto.<\/li>\n<li>Definir los resultados de aprendizaje de las pr\u00e1cticas en lo que respecta a conocimientos, capacidades y competencias que deben adquirirse.<\/li>\n<li>Prestar apoyo log\u00edstico a los estudiantes en aspectos tales como organizaci\u00f3n del viaje, visado, alojamiento, permisos de residencia o de trabajo, cobertura de seguridad social y seguro.<\/li>\n<li>Evaluar el desarrollo personal y profesional alcanzado por cada estudiante mediante su participaci\u00f3n en el programa.<\/li>\n<li>Negociar y acordar un acuerdo de formaci\u00f3n personalizado para cada estudiante (incluido el programa de pr\u00e1cticas y el sistema de reconocimiento), y adoptar las oportunas disposiciones relativas a tutor\u00eda.<strong><br \/><\/strong><\/li>\n<\/ul>\n<p>&nbsp;<\/p>\n<h2>CRITERIOS DE SELECCI\u00d3N<\/h2>\n<ul>\n<li>Al solicitar la beca no tener ning\u00fan m\u00f3dulo pendiente del curso anterior.<\/li>\n<li>Expediente acad\u00e9mico.<\/li>\n<li>Nivel de idioma.<\/li>\n<li>Inter\u00e9s a la hora de entregar la documentaci\u00f3n que se le solicita, calidad del CV, carta, etc.<\/li>\n<li>Informe\/valoraci\u00f3n del equipo docente y de los responsables del programa.<\/li>\n<li>Acuerdo de aceptaci\u00f3n del compromiso adquirido.<\/li>\n<\/ul>\n<p>&nbsp;<\/p>\n<h2>COBERTURA BECAS<\/h2>\n<ul>\n<li>La ayuda econ\u00f3mica recibida permite al participante cubrir los gastos de:<\/li>\n<li>Viaje al pa\u00eds de destino, entre Febrero y Junio (12 semanas). La pr\u00e1ctica pude tener lugar en cualquiera de los pa\u00edses de la Uni\u00f3n Europea.<\/li>\n<li id=\"dokumentazio\">&gt;Alojamiento compartido.<\/li>\n<li>Clases del idioma del pa\u00eds.<\/li>\n<li>Seguro.<\/li>\n<li>En ocasiones una dieta para gastos de manutenci\u00f3n y transporte p\u00fablico.<\/li>\n<\/ul>\n<h2>DOCUMENTACI\u00d3N A PRESENTAR<\/h2>\n<ul>\n<li>Ficha de Solicitud. Carta de presentaci\u00f3n. Ver <a href=\"https:\/\/doloresibarruribhi.eus\/wp-content\/uploads\/2019\/08\/FICHA-DE-SOLICITUD.pdf\"><strong>FICHA DE SOLICITUD<\/strong><\/a><\/li>\n<li>CV Europass: completar en ingles. Ver <strong>CV EUROPASS <a href=\"https:\/\/doloresibarruribhi.eus\/wp-content\/uploads\/2019\/08\/CV-EUROPASS-ESPA\u00d1OL.pdf\" target=\"_blank\" rel=\"noopener noreferrer\">ESPA\u00d1OL<\/a>\/<a href=\"https:\/\/doloresibarruribhi.eus\/wp-content\/uploads\/2019\/08\/CV-EUROPASS-INGLES.pdf\" target=\"_blank\" rel=\"noopener noreferrer\">INGL\u00c9S<\/a><\/strong><\/li>\n<li>Copia del DNI<\/li>\n<li>Certificado de titularidad de una cuenta que est\u00e9 a su nombre<\/li>\n<\/ul>\n<p>&nbsp;<\/p>\n<h2>REQUISITOS PARA SUPERAR LA FCT<\/h2>\n<ul>\n<li>Tener aprobados los m\u00f3dulos suficientes para acceder a FCT, en las mismas condiciones que las exigidas para cursarla aqu\u00ed.<\/li>\n<li>Cumplir el plan de formaci\u00f3n, manteniendo un contacto semanal con su tutor\/a de FCT y enviando las hojas quincenales debidamente cumplimentadas y firmadas por el instructor.<\/li>\n<li>Traer todos los documentos exigidos por las responsables de los Programas Europeos: Certificado Europass o Certificado de Empresa (Certificate of Attendance) con fecha, firma y sello de la empresa donde ha realizado las pr\u00e1cticas.<\/li>\n<li>\u201cAcuerdo de pr\u00e1cticas\u201d firmado y sellado por la empresa donde ha realizado las pr\u00e1cticas.<\/li>\n<li>Encuesta de satisfacci\u00f3n del instructor\/a en la empresa.<\/li>\n<li>Las tarjetas de embarque de la ida y de la vuelta.<\/li>\n<\/ul>\n<p>[\/et_pb_accordion_item][et_pb_accordion_item title=\u00bbErasmus Charter for Higher Education\u00bb _builder_version=\u00bb3.26&#8243; toggle_text_color=\u00bb#223c42&#8243; open=\u00bboff\u00bb]<a href=\"https:\/\/doloresibarruribhi.eus\/wp-content\/uploads\/2019\/08\/Erasmus_Charter_For_Higher_Education.pdf\" target=\"_blank\" rel=\"noopener noreferrer\"><img loading=\"lazy\" decoding=\"async\" class=\"alignnone wp-image-1302 size-full\" src=\"https:\/\/doloresibarruribhi.eus\/wp-content\/uploads\/2019\/08\/Erasmus_Charter_For_Higher_Education_pag1.jpg\" alt=\"Erasmus_Charter_For_Higher_Education_pag1\" width=\"1654\" height=\"2191\" srcset=\"https:\/\/doloresibarruribhi.eus\/wp-content\/uploads\/2019\/08\/Erasmus_Charter_For_Higher_Education_pag1.jpg 1654w, https:\/\/doloresibarruribhi.eus\/wp-content\/uploads\/2019\/08\/Erasmus_Charter_For_Higher_Education_pag1-226x300.jpg 226w, https:\/\/doloresibarruribhi.eus\/wp-content\/uploads\/2019\/08\/Erasmus_Charter_For_Higher_Education_pag1-768x1017.jpg 768w, https:\/\/doloresibarruribhi.eus\/wp-content\/uploads\/2019\/08\/Erasmus_Charter_For_Higher_Education_pag1-773x1024.jpg 773w, https:\/\/doloresibarruribhi.eus\/wp-content\/uploads\/2019\/08\/Erasmus_Charter_For_Higher_Education_pag1-1080x1431.jpg 1080w\" sizes=\"(max-width: 1654px) 100vw, 1654px\" \/><\/a><br \/>\n[\/et_pb_accordion_item][\/et_pb_accordion][\/et_pb_column][\/et_pb_row][\/et_pb_section]<\/p>\n","protected":false},"excerpt":{"rendered":"<p>FORMACI\u00d3N PROFESIONAL PRESENTACI\u00d3N EL IES DOLORES IBARRURI BHI Y LA MOVILIDAD EUROPEA El IES DOLORES IBARRURI BHI empez\u00f3 su andadura europea en el curso 1998-99, enviando un estudiante de Ciclos Formativos a realizar el m\u00f3dulo de FCT a Italia, con el Programa Leonardo de Vinci. En el a\u00f1o 2020 hemos renovado hasta el 2027 LA [&hellip;]<\/p>\n","protected":false},"author":1,"featured_media":0,"parent":0,"menu_order":0,"comment_status":"closed","ping_status":"closed","template":"page-template-fullwidth.php","meta":{"_et_pb_use_builder":"on","_et_pb_old_content":"","_et_gb_content_width":"","footnotes":""},"class_list":["post-6166","page","type-page","status-publish","hentry"],"_links":{"self":[{"href":"https:\/\/doloresibarruribhi.eus\/es\/wp-json\/wp\/v2\/pages\/6166","targetHints":{"allow":["GET"]}}],"collection":[{"href":"https:\/\/doloresibarruribhi.eus\/es\/wp-json\/wp\/v2\/pages"}],"about":[{"href":"https:\/\/doloresibarruribhi.eus\/es\/wp-json\/wp\/v2\/types\/page"}],"author":[{"embeddable":true,"href":"https:\/\/doloresibarruribhi.eus\/es\/wp-json\/wp\/v2\/users\/1"}],"replies":[{"embeddable":true,"href":"https:\/\/doloresibarruribhi.eus\/es\/wp-json\/wp\/v2\/comments?post=6166"}],"version-history":[{"count":4,"href":"https:\/\/doloresibarruribhi.eus\/es\/wp-json\/wp\/v2\/pages\/6166\/revisions"}],"predecessor-version":[{"id":6296,"href":"https:\/\/doloresibarruribhi.eus\/es\/wp-json\/wp\/v2\/pages\/6166\/revisions\/6296"}],"wp:attachment":[{"href":"https:\/\/doloresibarruribhi.eus\/es\/wp-json\/wp\/v2\/media?parent=6166"}],"curies":[{"name":"wp","href":"https:\/\/api.w.org\/{rel}","templated":true}]}}